{"id":3775,"date":"2023-09-29T09:09:44","date_gmt":"2023-09-29T13:09:44","guid":{"rendered":"https:\/\/zazapay.us\/akzeptierte-themen\/"},"modified":"2023-10-18T05:48:36","modified_gmt":"2023-10-18T09:48:36","slug":"akzeptierte-themen","status":"publish","type":"page","link":"https:\/\/zazapay.us\/de\/akzeptierte-themen\/","title":{"rendered":"Akzeptierte Themen"},"content":{"rendered":"\t\t<div data-elementor-type=\"wp-page\" data-elementor-id=\"3775\" class=\"elementor elementor-3775 elementor-2518\">\n\t\t\t\t<div class=\"elementor-element elementor-element-1c3d1092 e-flex e-con-boxed e-con e-parent\" data-id=\"1c3d1092\" data-element_type=\"container\" data-e-type=\"container\">\n\t\t\t\t\t<div class=\"e-con-inner\">\n\t\t\t\t<div class=\"elementor-element elementor-element-1b3f16ee elementor-widget elementor-widget-text-editor\" data-id=\"1b3f16ee\" data-element_type=\"widget\" data-e-type=\"widget\" data-widget_type=\"text-editor.default\">\n\t\t\t\t<div class=\"elementor-widget-container\">\n\t\t\t\t\t\t\t\t\t<p><\/p>\n<h2>Akzeptierte Themen<\/h2>\n<p>Wir sind offen f\u00fcr ein breites Spektrum an Themen, k\u00f6nnen aber bestimmte Themen nicht ber\u00fccksichtigen. Diese Ausschl\u00fcsse umfassen Folgendes:<\/p>\n<ol>\n<li>\n<p><strong>Nicht jugendfreie Inhalte:<\/strong> Dies bezieht sich auf Material oder Angebote, die Themen, Produkte oder Dienstleistungen f\u00fcr Erwachsene beinhalten.<\/p>\n<\/li>\n<li>\n<p><strong>Gl\u00fccksspiel:<\/strong> Wir enthalten uns jeglicher Inhalte, die mit Gl\u00fccksspielen oder dem Einsatz von Geld zu tun haben.<\/p>\n<\/li>\n<li>\n<p><strong>Regierung:<\/strong> Auf unserer Plattform werden keine Diskussionen \u00fcber Regierungsstellen, Personal, Politik oder Politiker gef\u00fchrt.<\/p>\n<\/li>\n<li>\n<p><strong>Negative Presse:<\/strong> Wir beteiligen uns nicht an der Ver\u00f6ffentlichung von Inhalten, die ein negatives Licht auf Personen, Websites oder Unternehmen werfen.<\/p>\n<\/li>\n<li>\n<p><strong>Dritte Parteien:<\/strong> Alle Inhalte, in denen externe Unternehmen oder Personen erw\u00e4hnt werden, fallen nicht in unseren Geltungsbereich.<\/p>\n<\/li>\n<li>\n<p><strong>Waffen:<\/strong> Unser Geltungsbereich erstreckt sich nicht auf Inhalte, die sich mit Waffen oder Munition befassen.<\/p>\n<\/li>\n<\/ol>\n<p>Andererseits ist unser Basis-Nachrichtennetz auf bestimmte Themen zugeschnitten, einschlie\u00dflich, aber nicht beschr\u00e4nkt auf:<\/p>\n<ul>\n<li><strong>Akquisitionen \/ Fusionen \/ Partnerschaften \/ Sponsoring<\/strong><\/li>\n<li><strong>\u00c4sthetische Operationen<\/strong><\/li>\n<li><strong>Alkohol<\/strong><\/li>\n<li><strong>Alternative Medizin \/ Metaphysik<\/strong> (einschlie\u00dflich Themen wie Hellsehen, Tarotkarten, Heilkristalle usw.)<\/li>\n<li><strong>Kryptow\u00e4hrung<\/strong><\/li>\n<li><strong>Partnersuche<\/strong><\/li>\n<li><strong>Finanzhandel<\/strong> (einschlie\u00dflich Forex, Optionen, Bin\u00e4rhandel usw.)<\/li>\n<li><strong>Scam &amp; Fraud Recovery Services<\/strong><\/li>\n<li><strong>Live-Streaming und -\u00dcbertragung<\/strong><\/li>\n<li><strong>Rechtssachen<\/strong><\/li>\n<li><strong>Legales Marihuana \/ CBD<\/strong><\/li>\n<li><strong>Musik mit expliziten Inhaltsangaben<\/strong><\/li>\n<li><strong>Apotheke \/ Legale Drogen<\/strong><\/li>\n<li><strong>Religion<\/strong><\/li>\n<li><strong>Verkaufen von Social Media-Interaktionen<\/strong><\/li>\n<li><strong>Erg\u00e4nzungen<\/strong><\/li>\n<li><strong>Bademode \/ Unterw\u00e4sche \/ Leggings<\/strong><\/li>\n<\/ul>\n<p><em>Bitte beachten Sie, dass auch Themen, die oben nicht aufgef\u00fchrt sind, f\u00fcr eine Ver\u00f6ffentlichung im All News Network in Frage kommen.<\/em><\/p>\n<p>Wir sind bestrebt, unseren Kunden einen Mehrwert zu bieten, und f\u00fcr den Fall, dass wir einen Artikel zu Ihrem Unternehmen nicht ver\u00f6ffentlichen k\u00f6nnen, bieten wir eine umfassende Geld-zur\u00fcck-Garantie. Ihre Zufriedenheit ist unsere Priorit\u00e4t.<\/p>\n<p><\/p>\t\t\t\t\t\t\t\t<\/div>\n\t\t\t\t<\/div>\n\t\t\t\t\t<\/div>\n\t\t\t\t<\/div>\n\t\t\t\t<\/div>\n\t\t","protected":false},"excerpt":{"rendered":"<p>Akzeptierte Themen Wir sind offen f\u00fcr ein breites Spektrum an Themen, k\u00f6nnen aber bestimmte Themen nicht ber\u00fccksichtigen. Diese Ausschl\u00fcsse umfassen Folgendes: Nicht jugendfreie Inhalte: Dies<\/p>\n","protected":false},"author":1,"featured_media":0,"parent":0,"menu_order":0,"comment_status":"closed","ping_status":"open","template":"","meta":{"nf_dc_page":"","footnotes":""},"class_list":["post-3775","page","type-page","status-publish","hentry"],"_links":{"self":[{"href":"https:\/\/zazapay.us\/de\/wp-json\/wp\/v2\/pages\/3775","targetHints":{"allow":["GET"]}}],"collection":[{"href":"https:\/\/zazapay.us\/de\/wp-json\/wp\/v2\/pages"}],"about":[{"href":"https:\/\/zazapay.us\/de\/wp-json\/wp\/v2\/types\/page"}],"author":[{"embeddable":true,"href":"https:\/\/zazapay.us\/de\/wp-json\/wp\/v2\/users\/1"}],"replies":[{"embeddable":true,"href":"https:\/\/zazapay.us\/de\/wp-json\/wp\/v2\/comments?post=3775"}],"version-history":[{"count":5,"href":"https:\/\/zazapay.us\/de\/wp-json\/wp\/v2\/pages\/3775\/revisions"}],"predecessor-version":[{"id":3987,"href":"https:\/\/zazapay.us\/de\/wp-json\/wp\/v2\/pages\/3775\/revisions\/3987"}],"wp:attachment":[{"href":"https:\/\/zazapay.us\/de\/wp-json\/wp\/v2\/media?parent=3775"}],"curies":[{"name":"wp","href":"https:\/\/api.w.org\/{rel}","templated":true}]}}