{"id":3790,"date":"2023-09-26T15:26:49","date_gmt":"2023-09-26T19:26:49","guid":{"rendered":"https:\/\/zazapay.us\/leitlinien\/"},"modified":"2023-10-18T03:01:56","modified_gmt":"2023-10-18T07:01:56","slug":"leitlinien","status":"publish","type":"page","link":"https:\/\/zazapay.us\/de\/leitlinien\/","title":{"rendered":"Leitlinien"},"content":{"rendered":"\t\t<div data-elementor-type=\"wp-page\" data-elementor-id=\"3790\" class=\"elementor elementor-3790 elementor-2445\">\n\t\t\t\t<div class=\"elementor-element elementor-element-1c3d1092 e-flex e-con-boxed e-con e-parent\" data-id=\"1c3d1092\" data-element_type=\"container\" data-e-type=\"container\">\n\t\t\t\t\t<div class=\"e-con-inner\">\n\t\t\t\t<div class=\"elementor-element elementor-element-1b3f16ee elementor-widget elementor-widget-text-editor\" data-id=\"1b3f16ee\" data-element_type=\"widget\" data-e-type=\"widget\" data-widget_type=\"text-editor.default\">\n\t\t\t\t<div class=\"elementor-widget-container\">\n\t\t\t\t\t\t\t\t\t<p><\/p>\n<h2>Leitlinien f\u00fcr Pressemitteilungen<\/h2>\n<p><span style=\"font-weight: 400;\">Das ZazaPay-Redaktionsteam pr\u00fcft alle Pressemitteilungen sorgf\u00e4ltig, um sicherzustellen, dass sie mit unseren Richtlinien \u00fcbereinstimmen und den Medien und potenziellen Lesern einen Mehrwert bieten. Einsendungen an ZazaPay sollten einen Nachrichtenwert haben, keine Werbung enthalten und dem empfohlenen AP-Format entsprechen, um den Genehmigungsprozess zu beschleunigen.<\/span><\/p>\n<p><span style=\"font-weight: 400;\">An ZazaPay \u00fcbermittelte Pressemitteilungen sollten die folgenden Merkmale aufweisen:<\/span><\/p>\n<ol>\n<li style=\"font-weight: 400;\" aria-level=\"1\"><b>Klare Quellenangabe:<\/b><span style=\"font-weight: 400;\"> Der Name der Quelle der Pressemitteilung sollte in der \u00dcberschrift, in der Zusammenfassung oder im ersten Absatz genannt werden, um die Quelle der Informationen eindeutig zu benennen.<\/span><\/li>\n<li style=\"font-weight: 400;\" aria-level=\"1\"><b>G\u00fcltige Medienkontaktinformationen:<\/b><span style=\"font-weight: 400;\"> Die Kontaktinformationen m\u00fcssen eine g\u00fcltige E-Mail-Adresse enthalten, und in einigen F\u00e4llen k\u00f6nnen f\u00fcr bestimmte Verteilungsoptionen zus\u00e4tzliche Angaben wie der Name und die Telefonnummer des direkten Medienkontakts erforderlich sein.<\/span><\/li>\n<li style=\"font-weight: 400;\" aria-level=\"1\"><b>Sachlicher Ton:<\/b><span style=\"font-weight: 400;\"> ZazaPay-Pressemitteilungen sollten keinen Hype, keine Ich-Sprache (z. B. &#8220;Sie&#8221;, &#8220;ich&#8221;, &#8220;wir&#8221;) und keine \u00fcberm\u00e4\u00dfigen Ausrufezeichen und Gro\u00dfbuchstaben verwenden, um einen glaubw\u00fcrdigen Nachrichtenton zu wahren.<\/span><\/li>\n<li style=\"font-weight: 400;\" aria-level=\"1\"><b>Aktualit\u00e4t und Nachrichtenwert:<\/b><span style=\"font-weight: 400;\">  Pressemitteilungen sollten sich auf aktuelle und berichtenswerte Inhalte konzentrieren, z. B. Produkteinf\u00fchrungen, Branchenveranstaltungen, Auszeichnungen, Gesch\u00e4ftser\u00f6ffnungen, Partnerschaften oder Forschungsstudien. Der Nachrichtenaspekt muss in der \u00dcberschrift deutlich werden.<\/span><\/li>\n<li style=\"font-weight: 400;\" aria-level=\"1\"><b>Korrekte Rechtschreibung und Grammatik:<\/b><span style=\"font-weight: 400;\"> Achten Sie in der gesamten Pressemitteilung auf korrekte Grammatik, Rechtschreibung, Zeichensetzung, Abk\u00fcrzungen, Akronyme, Satzabst\u00e4nde und Gro\u00dfschreibung.<\/span><\/li>\n<li style=\"font-weight: 400;\" aria-level=\"1\"><b>Korrektheit und sachliche Informationen:<\/b><span style=\"font-weight: 400;\"> Alle in der Pressemitteilung enthaltenen Informationen m\u00fcssen rechtlich und sachlich korrekt sein.<\/span><\/li>\n<li style=\"font-weight: 400;\" aria-level=\"1\"><b>Schriftliche Autorisierung:<\/b><span style=\"font-weight: 400;\"> In bestimmten F\u00e4llen, wie z.B. bei Netzwerkmarketing oder wichtigen Unternehmensank\u00fcndigungen, kann ZazaPay eine schriftliche Genehmigung von einer F\u00fchrungskraft des Unternehmens verlangen, bevor eine Pressemitteilung zur Verbreitung freigegeben wird.<\/span><\/li>\n<li style=\"font-weight: 400;\" aria-level=\"1\"><b>Standardl\u00e4nge:<\/b><span style=\"font-weight: 400;\"> Streben Sie eine Standardl\u00e4nge der Pressemitteilung von etwa 650-1500 W\u00f6rtern an, um eine effektive Verbreitung zu gew\u00e4hrleisten.<\/span><\/li>\n<li style=\"font-weight: 400;\" aria-level=\"1\"><b>Korrekte und funktionierende Links:<\/b><span style=\"font-weight: 400;\"> Vergewissern Sie sich vor der \u00dcbermittlung, dass alle Links in der Ver\u00f6ffentlichung aktiv und funktionsf\u00e4hig sind.<\/span><\/li>\n<\/ol>\n<p><span style=\"font-weight: 400;\">ZazaPay beh\u00e4lt sich das Recht vor, Pressemitteilungen mit den folgenden Inhalten abzulehnen, zur\u00fcckzuhalten oder \u00c4nderungen zu verlangen:<\/span><\/p>\n<ul>\n<li style=\"font-weight: 400;\" aria-level=\"1\"><b>Auf Erwachsene bezogene Inhalte:<\/b><span style=\"font-weight: 400;\"> Pressemitteilungen mit sexuell eindeutigem Inhalt sind nicht erlaubt.<\/span><\/li>\n<li style=\"font-weight: 400;\" aria-level=\"1\"><b>Partner-Marketing:<\/b><span style=\"font-weight: 400;\"> Ver\u00f6ffentlichungen, die Produkte des Affiliate Marketings bewerben, k\u00f6nnen abgelehnt werden.<\/span><\/li>\n<li style=\"font-weight: 400;\" aria-level=\"1\"><b>Schwarzes SEO:<\/b><span style=\"font-weight: 400;\"> ZazaPay erlaubt keine Blackhat SEO Taktiken oder Ver\u00f6ffentlichungen, die diese f\u00f6rdern.<\/span><\/li>\n<li style=\"font-weight: 400;\" aria-level=\"1\"><b>Unverhohlene Werbung:<\/b><span style=\"font-weight: 400;\"> Qualitativ minderwertige Ver\u00f6ffentlichungen, die von der Redaktion als Werbung angesehen werden, k\u00f6nnen nicht akzeptiert werden.<\/span><\/li>\n<li style=\"font-weight: 400;\" aria-level=\"1\"><b>Nicht autorisierte B\u00f6rsensymbole:<\/b><span style=\"font-weight: 400;\"> Ver\u00f6ffentlichungen mit B\u00f6rsensymbolen bed\u00fcrfen der schriftlichen Genehmigung durch das betreffende Unternehmen, wenn sie von einem Dritten stammen.<\/span><\/li>\n<li style=\"font-weight: 400;\" aria-level=\"1\"><b>Inhalte zu Kryptow\u00e4hrungen und ICOs:<\/b><span style=\"font-weight: 400;\"> Inhalte, die sich auf ICOs und Kryptow\u00e4hrungen beziehen, werden einer gr\u00fcndlichen Pr\u00fcfung unterzogen, die in einigen F\u00e4llen zus\u00e4tzliche Informationen zur \u00dcberpr\u00fcfung enth\u00e4lt.<\/span><\/li>\n<li style=\"font-weight: 400;\" aria-level=\"1\"><b>Falsche Informationen:<\/b><span style=\"font-weight: 400;\"> Die Einsendungen d\u00fcrfen nur sachliche und genaue Informationen enthalten.<\/span><\/li>\n<li style=\"font-weight: 400;\" aria-level=\"1\"><b>Sch\u00e4dliche Absichten und negative Aussagen:<\/b><span style=\"font-weight: 400;\"> Ver\u00f6ffentlichungen, die darauf abzielen, Schaden anzurichten, zum Hass aufzustacheln oder negative Aussagen \u00fcber bestimmte Gruppen oder Personen zu machen, werden nicht ver\u00f6ffentlicht.<\/span><\/li>\n<li style=\"font-weight: 400;\" aria-level=\"1\"><b>Illegale Produkte oder Aktivit\u00e4ten:<\/b><span style=\"font-weight: 400;\"> Ver\u00f6ffentlichungen, die f\u00fcr illegale Produkte oder die Beteiligung an illegalen Aktivit\u00e4ten werben, werden nicht akzeptiert.<\/span><\/li>\n<li style=\"font-weight: 400;\" aria-level=\"1\"><b>Verhetzende Aussagen:<\/b><span style=\"font-weight: 400;\"> Ver\u00f6ffentlichungen, die hetzerische Aussagen enthalten, werden abgelehnt.<\/span><\/li>\n<li style=\"font-weight: 400;\" aria-level=\"1\"><b>Verleumderische Inhalte:<\/b><span style=\"font-weight: 400;\"> Inhalte, die sch\u00e4digende Aussagen \u00fcber eine Person oder ein Unternehmen enthalten, werden gepr\u00fcft und d\u00fcrfen nicht ver\u00f6ffentlicht werden.<\/span><\/li>\n<li style=\"font-weight: 400;\" aria-level=\"1\"><b>Rechtsstreitigkeiten:<\/b><span style=\"font-weight: 400;\"> Mitteilungen, in denen Rechtsstreitigkeiten er\u00f6rtert werden, werden von Fall zu Fall beurteilt, und abgeschlossene Mitteilungen \u00fcber Rechtsstreitigkeiten erfordern eine ordnungsgem\u00e4\u00dfe Dokumentation und einen neutralen, sachlichen Ton.<\/span><\/li>\n<\/ul>\n<p><span style=\"font-weight: 400;\">Bitte vergewissern Sie sich, dass Ihre Pressemitteilung mit diesen Richtlinien \u00fcbereinstimmt, bevor Sie sie an ZazaPay senden, um einen reibungslosen Pr\u00fcfungs- und Genehmigungsprozess zu gew\u00e4hrleisten.<\/span><\/p>\n<p><\/p>\t\t\t\t\t\t\t\t<\/div>\n\t\t\t\t<\/div>\n\t\t\t\t\t<\/div>\n\t\t\t\t<\/div>\n\t\t\t\t<\/div>\n\t\t","protected":false},"excerpt":{"rendered":"<p>Leitlinien f\u00fcr Pressemitteilungen Das ZazaPay-Redaktionsteam pr\u00fcft alle Pressemitteilungen sorgf\u00e4ltig, um sicherzustellen, dass sie mit unseren Richtlinien \u00fcbereinstimmen und den Medien und potenziellen Lesern einen Mehrwert<\/p>\n","protected":false},"author":1,"featured_media":0,"parent":0,"menu_order":0,"comment_status":"closed","ping_status":"closed","template":"","meta":{"nf_dc_page":"","footnotes":""},"class_list":["post-3790","page","type-page","status-publish","hentry"],"_links":{"self":[{"href":"https:\/\/zazapay.us\/de\/wp-json\/wp\/v2\/pages\/3790","targetHints":{"allow":["GET"]}}],"collection":[{"href":"https:\/\/zazapay.us\/de\/wp-json\/wp\/v2\/pages"}],"about":[{"href":"https:\/\/zazapay.us\/de\/wp-json\/wp\/v2\/types\/page"}],"author":[{"embeddable":true,"href":"https:\/\/zazapay.us\/de\/wp-json\/wp\/v2\/users\/1"}],"replies":[{"embeddable":true,"href":"https:\/\/zazapay.us\/de\/wp-json\/wp\/v2\/comments?post=3790"}],"version-history":[{"count":5,"href":"https:\/\/zazapay.us\/de\/wp-json\/wp\/v2\/pages\/3790\/revisions"}],"predecessor-version":[{"id":3865,"href":"https:\/\/zazapay.us\/de\/wp-json\/wp\/v2\/pages\/3790\/revisions\/3865"}],"wp:attachment":[{"href":"https:\/\/zazapay.us\/de\/wp-json\/wp\/v2\/media?parent=3790"}],"curies":[{"name":"wp","href":"https:\/\/api.w.org\/{rel}","templated":true}]}}