{"id":3798,"date":"2023-10-05T15:39:27","date_gmt":"2023-10-05T19:39:27","guid":{"rendered":"https:\/\/zazapay.us\/seo\/"},"modified":"2023-10-18T03:01:53","modified_gmt":"2023-10-18T07:01:53","slug":"seo","status":"publish","type":"page","link":"https:\/\/zazapay.us\/de\/seo\/","title":{"rendered":"SEO"},"content":{"rendered":"\t\t<div data-elementor-type=\"wp-page\" data-elementor-id=\"3798\" class=\"elementor elementor-3798 elementor-2579\">\n\t\t\t\t<div class=\"elementor-element elementor-element-1c3d1092 e-flex e-con-boxed e-con e-parent\" data-id=\"1c3d1092\" data-element_type=\"container\" data-e-type=\"container\">\n\t\t\t\t\t<div class=\"e-con-inner\">\n\t\t\t\t<div class=\"elementor-element elementor-element-1b3f16ee elementor-widget elementor-widget-text-editor\" data-id=\"1b3f16ee\" data-element_type=\"widget\" data-e-type=\"widget\" data-widget_type=\"text-editor.default\">\n\t\t\t\t<div class=\"elementor-widget-container\">\n\t\t\t\t\t\t\t\t\t<p><\/p>\n<h2>SEO (Suchmaschinen-Optimierung)<\/h2>\n<p>Bevor Sie mit der Suche nach einer geeigneten Agentur beginnen, sollten Sie zwei wichtige Fragen beantworten:<\/p>\n<h3>Wie viel sind Sie bereit zu zahlen? Welche idealen Ergebnisse erhoffen Sie sich?<\/h3>\n<p>Das Budget und der Zeitplan f\u00fcr Ihre Werbeaktion h\u00e4ngen von diesen Faktoren ab. Warum? Schauen wir uns das mal an.<\/p>\n<h3>\u00dcber Zeitpl\u00e4ne und Ergebnisse<\/h3>\n<p>SEO ist ein Marathon, kein Sprint, und es braucht Zeit, um sp\u00fcrbare und stabile Ergebnisse zu erzielen.<\/p>\n<h3>Erste Ergebnisse (3-4 Monate)<\/h3>\n<p>Nach Beginn der Zusammenarbeit mit einer SEO-Agentur sollten Sie <strong>innerhalb von 3-4 Monaten<\/strong> mit <strong>ersten Ergebnissen<\/strong> rechnen. In dieser Zeit liegt der Schwerpunkt auf der Analyse des aktuellen Zustands Ihrer Website, der Behebung technischer Fehler, der Optimierung von Inhalten und der Erstellung einer ersten Werbestrategie. Echte Ver\u00e4nderungen in den Rankings und beim Traffic sind in der Regel nicht sofort erkennbar.<\/p>\n<h3>Hypothesenpr\u00fcfung (5-6 Monate)<\/h3>\n<p>Nach der Ausarbeitung einer Strategie und der Erzielung erster bescheidener Ergebnisse f\u00fchren die Fachleute Tests verschiedener Hypothesen durch. Dies ist notwendig, um zu verstehen, welche der durchgef\u00fchrten \u00c4nderungen wirklich wirksam sind und welche aufgegeben werden sollten.<br>W\u00e4hrend dieses Zeitraums erfolgt die \u00dcberwachung von Website-Kennzahlen wie SERP-Positionen, Traffic-Quantit\u00e4t und -Qualit\u00e4t, Konversionsraten und mehr. Dies erm\u00f6glicht die Anpassung der Strategie an reale Ver\u00e4nderungen der Positionen und des Nutzerverhaltens.<\/p>\n<h3>ROI der SEO-Investition (1-1,5 Jahre)<\/h3>\n<p>Selbst wenn Sie nach einigen Monaten Ihrer SEO-Kampagne erste positive Ergebnisse feststellen, ist die langfristige Kapitalrendite von gr\u00f6\u00dfter Bedeutung. Warum? Denn SEO ist eine Investition in die Zukunft Ihres Unternehmens. In diesem Zeitraum (1-1,5 Jahre) werden Sie nicht nur einen stetigen Anstieg der Besucherzahlen und des Umsatzes feststellen, sondern auch bewerten, wie Ihre SEO-Investitionen im Vergleich zu anderen Marketingstrategien abschneiden.<\/p>\n<p>Sicherlich k\u00f6nnen diese Zeitpl\u00e4ne einsch\u00fcchternd wirken. Aber der Schl\u00fcssel ist das Verst\u00e4ndnis, dass Qualit\u00e4ts-SEO Zeit braucht. Es handelt sich um eine Investition, die, wenn sie richtig angegangen wird, stabile und langfristige Ergebnisse liefert.<\/p>\n<h3>\u00dcber die Preisgestaltung<\/h3>\n<p>In der SEO-Branche k\u00f6nnen die Preise, wie in jeder anderen Branche auch, von zahlreichen Faktoren abh\u00e4ngen. Wenn es um die Preise f\u00fcr SEO-Dienstleistungen geht, ist es wichtig zu verstehen, dass Sie nicht einfach ein Dienstleistungspaket kaufen, sondern Fachwissen erwerben.<\/p>\n<h3>Kosten und Erwartungen<\/h3>\n<p>Bei der Festlegung Ihres SEO-Budgets fragen viele Unternehmen: &#8220;Wie viel wird es kosten?&#8221; Die Antwort auf diese Frage kann von Faktoren wie dem Umfang der Arbeit, den Besonderheiten Ihres Unternehmens und Ihren Werbezielen abh\u00e4ngen.<\/p>\n<p>Beginnen wir mit dem Offensichtlichen: Die Kosten der Dienstleistung korrelieren oft mit der Qualit\u00e4t und dem Umfang der erbrachten Leistungen. Einer der wichtigsten Grunds\u00e4tze ist jedoch, dass billig nicht immer gleichbedeutend mit schlechter Qualit\u00e4t und teuer nicht immer gleichbedeutend mit gut ist. Anstatt nach den niedrigsten Kosten zu suchen, sollten Sie sich selbst fragen:<br><em><strong>&#8220;Was will ich erreichen, wie viel kann ich investieren, und was sind meine langfristigen Ziele?&#8221;<\/strong><\/em><\/p>\n<p>Um die Beantwortung dieser Fragen zu erleichtern, k\u00f6nnen Sie einige durchschnittliche Preisspannen auf dem Markt festlegen.<\/p>\n<h3>$600 &#8211; 1K pro Monat<\/h3>\n<p>F\u00fcr kleine Unternehmen. Das Budget kann variieren, aber viele Unternehmen in dieser Kategorie investieren zwischen 600 und 1.000 $ pro Monat. Dazu geh\u00f6ren in der Regel grundlegende Optimierungsarbeiten und lokale Werbung.<\/p>\n<h3>1.000 &#8211; 2.000 Dollar pro Monat.<\/h3>\n<p>F\u00fcr mittlere und gro\u00dfe Unternehmen. Solche Unternehmen suchen in der Regel einen umfassenderen Ansatz f\u00fcr SEO, einschlie\u00dflich einer Content-Marketing-Strategie.<\/p>\n<h3>$2K pro Monat und mehr.<\/h3>\n<p>F\u00fcr gro\u00dfe Projekte und ehrgeizige Ziele. Hier k\u00f6nnen die Kosten bei 2.000 $ beginnen und h\u00f6her liegen. Dazu geh\u00f6ren in der Regel umfassende Strategien, mehrstufige Kampagnen und die Arbeit in wettbewerbsintensiven Nischen.<\/p>\n<h3>Zahlreiche Faktoren beeinflussen den Preis<\/h3>\n<p>Denken Sie daran, dass der Preis nicht nur vom Umfang der Arbeit abh\u00e4ngt, sondern auch von der Komplexit\u00e4t Ihres Projekts, dem aktuellen Zustand Ihrer Website, dem Wettbewerbsumfeld und vielen anderen Aspekten. Zum Beispiel ist die Werbung f\u00fcr eine Website in einer Kleinstadt wesentlich billiger als in New York.<\/p>\n<p>Ihr Budget kann beliebig gro\u00df sein, und seine H\u00f6he wirkt sich direkt auf die Geschwindigkeit aus, mit der Sie Ergebnisse erzielen.<\/p>\n<h3>\u00dcber die Wahl einer Agentur<\/h3>\n<p>Wenn Sie die Antworten auf die beiden vorgenannten Fragen (zu den erwarteten Ergebnissen und zu den Ausgaben, die Sie bereit sind zu t\u00e4tigen) kennen, k\u00f6nnen Sie sich ein klares Bild von Ihren Zielen und Erwartungen machen.<\/p>\n<h3>Aber was kommt danach?<\/h3>\n<p>Nachstehend finden Sie eine Checkliste mit Standardkriterien, die Sie bei der Auswahl einer Agentur zus\u00e4tzlich zum Preis ber\u00fccksichtigen sollten.<\/p>\n<ul>\n<li>Erfahrung in Ihrer Branche. Achten Sie bei der Auswahl einer Agentur auf deren Erfahrung in Ihrer Branche. Jede Branche hat ihre Besonderheiten, und eine Strategie, die f\u00fcr eine Branche funktioniert, ist f\u00fcr eine andere m\u00f6glicherweise nicht geeignet.<\/li>\n<li>Fallstudien. F\u00e4lle zeigen die Kompetenz einer Agentur. Sie zeigen reale Ergebnisse und erm\u00f6glichen es Ihnen zu beurteilen, wie erfolgreich die Agentur ihre Aufgaben erledigt.<\/li>\n<li>Fachwissen sicherstellen. Sie k\u00f6nnen dies tun, indem Sie die Ver\u00f6ffentlichungen der Agentur in sozialen Medien, Blogs, die Teilnahme von Experten an Branchenkonferenzen, Fortbildungskursen und Seminaren \u00fcberpr\u00fcfen.<\/li>\n<li>Bewertungen und Empfehlungen. Vergessen Sie nicht, das Feedback anderer Kunden \u00fcber die Agentur zu ber\u00fccksichtigen. So k\u00f6nnen Sie feststellen, wie zuverl\u00e4ssig und professionell Ihr potenzieller Partner ist.<\/li>\n<li>Werbeaktionen und Rabatte k\u00f6nnen Ihnen helfen, ein g\u00fcnstiges Angebot zu finden.<\/li>\n<\/ul>\n<h3>Schlussfolgerung<\/h3>\n<p>Die Wahl eines Partners f\u00fcr SEO-Promotion ist in erster Linie eine strategische Entscheidung. Wenn es an der Zeit ist, diese Entscheidung zu treffen, k\u00f6nnen Sie sich an zwei Schl\u00fcsselfragen orientieren:<br><em><strong>&#8220;Wie viel sind Sie bereit zu zahlen?&#8221; und &#8220;Welche idealen Ergebnisse m\u00f6chten Sie erreichen?&#8221;  <\/strong><strong>Diese Fragen helfen nicht nur bei der Festlegung des Budgets, sondern bieten auch die M\u00f6glichkeit, die Ziele zu verstehen, die Sie sich f\u00fcr Ihren zuk\u00fcnftigen Partner gesetzt haben.<\/strong><\/em><\/p>\n<p>Es ist wichtig zu erkennen, dass diese Fragen miteinander verkn\u00fcpft sind. Hohe Ambitionen und Erwartungen erfordern entsprechende Investitionen. Doch trotz der Bedeutung des finanziellen Aspekts ist der Wunsch nach einem qualitativ hochwertigen Ergebnis das Entscheidende. Gehen Sie bei der Wahl einer SEO-Agentur bewusst vor, analysieren Sie Erfahrung und Kompetenz, und Ihre Investition wird sich lohnen. Eine erfolgreiche Partnerschaft und die F\u00f6rderung Ihres Unternehmens im Internet beruhen auf gut formulierten Fragen und einer langfristigen Perspektive.<\/p>\n<p><\/p>\t\t\t\t\t\t\t\t<\/div>\n\t\t\t\t<\/div>\n\t\t\t\t\t<\/div>\n\t\t\t\t<\/div>\n\t\t\t\t<\/div>\n\t\t","protected":false},"excerpt":{"rendered":"<p>SEO (Suchmaschinen-Optimierung) Bevor Sie mit der Suche nach einer geeigneten Agentur beginnen, sollten Sie zwei wichtige Fragen beantworten: Wie viel sind Sie bereit zu zahlen?<\/p>\n","protected":false},"author":1,"featured_media":0,"parent":0,"menu_order":0,"comment_status":"closed","ping_status":"closed","template":"","meta":{"nf_dc_page":"","footnotes":""},"class_list":["post-3798","page","type-page","status-publish","hentry"],"_links":{"self":[{"href":"https:\/\/zazapay.us\/de\/wp-json\/wp\/v2\/pages\/3798","targetHints":{"allow":["GET"]}}],"collection":[{"href":"https:\/\/zazapay.us\/de\/wp-json\/wp\/v2\/pages"}],"about":[{"href":"https:\/\/zazapay.us\/de\/wp-json\/wp\/v2\/types\/page"}],"author":[{"embeddable":true,"href":"https:\/\/zazapay.us\/de\/wp-json\/wp\/v2\/users\/1"}],"replies":[{"embeddable":true,"href":"https:\/\/zazapay.us\/de\/wp-json\/wp\/v2\/comments?post=3798"}],"version-history":[{"count":5,"href":"https:\/\/zazapay.us\/de\/wp-json\/wp\/v2\/pages\/3798\/revisions"}],"predecessor-version":[{"id":3856,"href":"https:\/\/zazapay.us\/de\/wp-json\/wp\/v2\/pages\/3798\/revisions\/3856"}],"wp:attachment":[{"href":"https:\/\/zazapay.us\/de\/wp-json\/wp\/v2\/media?parent=3798"}],"curies":[{"name":"wp","href":"https:\/\/api.w.org\/{rel}","templated":true}]}}