{"id":3831,"date":"2023-09-13T05:50:21","date_gmt":"2023-09-13T09:50:21","guid":{"rendered":"https:\/\/zazapay.us\/bedingungen-und-konditionen\/"},"modified":"2023-10-18T03:01:56","modified_gmt":"2023-10-18T07:01:56","slug":"bedingungen-und-konditionen","status":"publish","type":"page","link":"https:\/\/zazapay.us\/de\/bedingungen-und-konditionen\/","title":{"rendered":"Bedingungen und Konditionen"},"content":{"rendered":"\t\t<div data-elementor-type=\"wp-page\" data-elementor-id=\"3831\" class=\"elementor elementor-3831 elementor-2212\">\n\t\t\t\t<div class=\"elementor-element elementor-element-1c3d1092 e-flex e-con-boxed e-con e-parent\" data-id=\"1c3d1092\" data-element_type=\"container\" data-e-type=\"container\">\n\t\t\t\t\t<div class=\"e-con-inner\">\n\t\t\t\t<div class=\"elementor-element elementor-element-1b3f16ee elementor-widget elementor-widget-text-editor\" data-id=\"1b3f16ee\" data-element_type=\"widget\" data-e-type=\"widget\" data-widget_type=\"text-editor.default\">\n\t\t\t\t<div class=\"elementor-widget-container\">\n\t\t\t\t\t\t\t\t\t<p><\/p>\n<h2>Bedingungen der Dienstleistung<\/h2>\n<p><span style=\"font-weight: 400;\">Diese Vereinbarung \u00fcber die Allgemeinen Gesch\u00e4ftsbedingungen (diese &#8220;Vereinbarung&#8221;) enth\u00e4lt die vollst\u00e4ndigen Bedingungen, die f\u00fcr die Nutzung der ZazaPay.us Web-Services (die &#8220;Services&#8221;) durch eine nat\u00fcrliche oder juristische Person gelten.<\/span><\/p>\n<p><span style=\"font-weight: 400;\">Sie sind daf\u00fcr verantwortlich, alle angemessenen Vorkehrungen zu treffen, um sicherzustellen, dass die auf Ihrer Website ver\u00f6ffentlichten Materialien nicht die Rechte Dritter verletzen (einschlie\u00dflich z. B. Urheberrechte, Marken, Datenschutz oder andere pers\u00f6nliche oder Eigentumsrechte).<\/span><\/p>\n<p><span style=\"font-weight: 400;\">Wie in dieser Vereinbarung verwendet, &#8220;Wir&#8221; bedeutet ZazaPay.us, &#8220;Sie&#8221; bedeutet der Antragsteller, &#8220;Site&#8221; bedeutet eine World Wide Website, &#8220;Links&#8221; bedeutet die Links, \u00dcberschriften und Quellennamen, die von ZazaPay.us als Teil der Dienstleistungen geliefert werden, und &#8220;Verleger&#8221; bezieht sich auf die Sch\u00f6pfer der Artikel, auf die wir verweisen.<\/span><\/p>\n<h2><span style=\"font-weight: 400;\">Ausschluss von Garantien<\/span><\/h2>\n<p><span style=\"font-weight: 400;\">Wir lehnen jegliche Verantwortung oder Haftung f\u00fcr die Richtigkeit, den Inhalt, die Vollst\u00e4ndigkeit, die Rechtm\u00e4\u00dfigkeit, die Zuverl\u00e4ssigkeit oder die Verf\u00fcgbarkeit von Informationen oder Materialien ab, die auf unserer Website angezeigt werden. ZazaPay.us lehnt jede Verantwortung f\u00fcr die L\u00f6schung, das Vers\u00e4umnis zu speichern, oder die Lieferung von Material ab.<\/span><\/p>\n<p><span style=\"font-weight: 400;\">ZazaPay.us lehnt jede Verantwortung f\u00fcr Sch\u00e4den ab, die aus dem Zugriff auf Material im Internet durch den Service entstehen.<\/span><\/p>\n<p><span style=\"font-weight: 400;\">Sie erkennen an, dass die Dienstleistungen Links, Beschreibungen und anderes Material (zusammenfassend als &#8220;Links&#8221; bezeichnet) enthalten, die durch Urheberrechte, Markenrechte oder andere Eigentumsrechte von ZazaPay.us und Drittanbietern gesch\u00fctzt sind.<\/span><\/p>\n<p><span style=\"font-weight: 400;\">Wir haften nicht f\u00fcr indirekte, besondere oder Folgesch\u00e4den (oder f\u00fcr den Verlust von Einnahmen, Gewinnen oder Daten), die im Zusammenhang mit dieser Vereinbarung oder den Diensten entstehen, selbst wenn wir auf die M\u00f6glichkeit solcher Sch\u00e4den hingewiesen wurden. Dar\u00fcber hinaus werden Sie uns von allen Anspr\u00fcchen, Sch\u00e4den und Ausgaben (einschlie\u00dflich, aber nicht beschr\u00e4nkt auf Anwaltskosten) freistellen, die im Zusammenhang mit der Nutzung der Dienste auf Ihrer Website in Abweichung von den Bestimmungen und Bedingungen dieser Vereinbarung entstehen.<\/span><\/p>\n<p><span style=\"font-weight: 400;\">DIE ZazaPay.us-DIENSTE UND ALLE MATERIALIEN, INFORMATIONEN, PRODUKTE UND DIENSTE, DIE IN DEN ZazaPay.us-DIENSTEN ENTHALTEN SIND, WERDEN &#8220;WIE BESEHEN&#8221; UND OHNE JEGLICHE GARANTIE ANGEBOTEN. ZazaPay.us UND SEINE LIZENZGEBER SCHLIESSEN AUSDR\u00dcCKLICH ALLE AUSDR\u00dcCKLICHEN, STILLSCHWEIGENDEN UND GESETZLICHEN GEW\u00c4HRLEISTUNGEN AUS, EINSCHLIESSLICH, OHNE EINSCHR\u00c4NKUNG, DER GEW\u00c4HRLEISTUNG DER MARKTG\u00c4NGIGKEIT, DER EIGNUNG F\u00dcR EINEN BESTIMMTEN ZWECK UND DER NICHTVERLETZUNG DER EIGENTUMSRECHTE. ZazaPay.us UND SEINE LIZENZGEBER SCHLIESSEN JEGLICHE GARANTIE HINSICHTLICH DER SICHERHEIT, ZUVERL\u00c4SSIGKEIT, ZEITGERECHTHEIT UND LEISTUNG DER ZazaPay.us-DIENSTE AUS. ZazaPay.us UND SEINE LIZENZGEBER SCHLIESSEN JEGLICHE GEW\u00c4HRLEISTUNGEN F\u00dcR INFORMATIONEN ODER RATSCHL\u00c4GE AUS, DIE SIE \u00dcBER DIE ZazaPay.us-DIENSTE ERHALTEN. ZazaPay.us UND SEINE LIZENZGEBER SCHLIESSEN JEGLICHE GARANTIE F\u00dcR DIENSTLEISTUNGEN ODER WAREN AUS, DIE \u00dcBER DIE ZazaPay.us-DIENSTE ERHALTEN WERDEN ODER \u00dcBER LINKS ERHALTEN WERDEN, DIE DURCH DIE ZazaPay.us-DIENSTE ZUR VERF\u00dcGUNG GESTELLT WERDEN, SOWIE F\u00dcR INFORMATIONEN ODER RATSCHL\u00c4GE, DIE \u00dcBER LINKS ERHALTEN WERDEN, DIE IN DEN ZazaPay.us-DIENSTEN ZUR VERF\u00dcGUNG STEHEN.<\/span><\/p>\n<h2><span style=\"font-weight: 400;\">Kredite<\/span><\/h2>\n<p><span style=\"font-weight: 400;\">Verf\u00fcgbare Gutschriften k\u00f6nnen nur f\u00fcr Produkte und Dienstleistungen verwendet werden, f\u00fcr die Gutschriften verwendet werden. ZazaPay-Credits haben keinen Geldwert und k\u00f6nnen nicht gegen Bargeld eingel\u00f6st werden. Sofern nicht ausdr\u00fccklich angegeben, haben Gutschriften f\u00fcr einzelne Pressemitteilungen ein Verfallsdatum von 60 Tagen ab dem Datum des urspr\u00fcnglichen Kaufvorgangs. Bei Value Pack-Jahresabonnements (mehrere Pressemitteilungen in einer einzigen Bestellung) ist das Verfallsdatum der Credits abh\u00e4ngig von der Anzahl der erworbenen Credits und betr\u00e4gt 365 Tage ab dem Datum des urspr\u00fcnglichen Abonnementkaufs.<\/span><\/p>\n<p><span style=\"font-weight: 400;\">Au\u00dferdem kann ZazaPay nach eigenem Ermessen das Produktangebot \u00e4ndern und Dienstleistungen im Zusammenhang mit im Voraus gekauften Guthaben anbieten. Alle derzeitigen Gutschriften erhalten den gleichen oder einen h\u00f6heren Wert, wobei ein Wechsel in Bezug auf bestimmte Vertriebskan\u00e4le oder Medienendpunkte m\u00f6glich ist. Wir werden unser Bestes tun, um Sie im Voraus zu informieren, k\u00f6nnen aber keinen bestimmten Zeitrahmen f\u00fcr die \u00c4nderungen auf der Grundlage der ersten Mitteilung garantieren.<\/span><\/p>\n<h2><span style=\"font-weight: 400;\">Vertr\u00e4ge und Vereinbarungen<\/span><\/h2>\n<p><span style=\"font-weight: 400;\">Alle vollst\u00e4ndig ausgef\u00fchrten Vertr\u00e4ge, Vereinbarungen und Value Pack-Abonnements verl\u00e4ngern sich automatisch um ein weiteres Jahr, wenn sie nicht 30 Tage vor dem Verl\u00e4ngerungsdatum schriftlich gek\u00fcndigt werden.<\/span><\/p>\n<p><span style=\"font-weight: 400;\">Sollten zu irgendeinem Zeitpunkt die wiederkehrenden Zahlungen eines abgeschlossenen Vertrages nicht erfolgreich \u00fcber den ZazaPay-Prozessor abgewickelt werden k\u00f6nnen, werden wir Sie umgehend kontaktieren, um das Problem zu l\u00f6sen. Wenn die Zahlung nicht innerhalb von 10 Tagen nach der ersten Nichterf\u00fcllung erfolgt ist, wird der gesamte Vertragsbetrag sofort f\u00e4llig und zahlbar. Sollte dies der Fall sein, stellt ZazaPay eine Schlussrechnung f\u00fcr die Dienstleistungen aus, die bis zu ihrer Begleichung mit 1,5% pro Monat verzinst wird. Dar\u00fcber hinaus kann ZazaPay alle M\u00f6glichkeiten, die unter dem Uniform Commercial Code (UCC) zur Verf\u00fcgung stehen, nutzen, um den Gesamtbetrag aufgrund von Vertragsverletzungen einzutreiben.<\/span><\/p>\n<p><span style=\"font-weight: 400;\">Monats- und Jahrestarife ohne Vertrag: F\u00fcr alle Konten, die sich f\u00fcr einen Monats- oder Jahrestarif ohne speziellen Vertrag anmelden, gelten die \u00fcblichen automatischen Verl\u00e4ngerungsbedingungen. Wenn keine Stornierung vor dem n\u00e4chsten Verl\u00e4ngerungszeitraum, der im Konto des Kunden festgelegt ist, eingeht, ist ZazaPay nicht verpflichtet, eine R\u00fcckerstattung f\u00fcr diesen Verl\u00e4ngerungszeitraum zu leisten.<\/span><\/p>\n<h2><span style=\"font-weight: 400;\">Zuweisung<\/span><\/h2>\n<p><span style=\"font-weight: 400;\">Keine der Parteien darf diese Vereinbarung oder einen ihrer Anteile hieran ohne die vorherige schriftliche Zustimmung der anderen Partei abtreten, wobei diese Zustimmung nicht unangemessen verweigert oder verz\u00f6gert werden darf; vorausgesetzt, dass eine solche vorherige Zustimmung nicht f\u00fcr eine Abtretung erforderlich ist (a) im Zusammenhang mit einem Verkauf des gesamten oder eines wesentlichen Teils des Gesch\u00e4fts einer Partei, der mit dem Gegenstand dieses Abkommens in Zusammenhang steht, (b) im Zusammenhang mit einer Fusion, dem Verkauf einer Mehrheitsbeteiligung oder einer anderen \u00c4nderung der Kontrolle \u00fcber die betreffende Partei, oder (c) die Abtretung aller oder eines Teils der Verpflichtungen von ZazaPay aus diesem Vertrag an ein verbundenes Unternehmen. Ungeachtet anderslautender Bestimmungen in dieser Vereinbarung darf der Kunde diese Vereinbarung nicht an einen direkten Wettbewerber des Emittenten abtreten (sei es durch Verkauf von Verm\u00f6genswerten, Fusion oder \u00c4nderung der Kontrolle). Diese Vereinbarung gilt f\u00fcr die zul\u00e4ssigen Rechtsnachfolger und Abtretungsempf\u00e4nger der Parteien und bindet diese.<\/span><\/p>\n<h2><span style=\"font-weight: 400;\">\u00c4nderungen der Servicebedingungen<\/span><\/h2>\n<p><span style=\"font-weight: 400;\">Wir k\u00f6nnen unsere Dienstleistungen von Zeit zu Zeit, aus beliebigen Gr\u00fcnden und ohne vorherige Ank\u00fcndigung \u00e4ndern. Wir behalten uns das Recht vor, diesen Dienst mit oder ohne vorherige Ank\u00fcndigung zu beenden, ohne Ihnen, anderen Nutzern oder Dritten gegen\u00fcber zu haften. Wir behalten uns das Recht vor, diese Servicebedingungen von Zeit zu Zeit ohne Vorank\u00fcndigung zu \u00e4ndern. Bitte \u00fcberpr\u00fcfen Sie diese Nutzungsbedingungen von Zeit zu Zeit, um sich \u00fcber \u00c4nderungen dieser Vereinbarung zu informieren.<\/span><\/p>\n<h2><span style=\"font-weight: 400;\">ZazaPay Service-Versprechen<\/span><\/h2>\n<p><span style=\"font-weight: 400;\">Bei ZazaPay liegt unser Schwerpunkt auf der Zufriedenheit unserer Kunden. Wir arbeiten unerm\u00fcdlich daran, die bestm\u00f6glichen Ergebnisse zu erzielen, und versprechen, dass wir die h\u00f6chste Servicequalit\u00e4t bieten und Ihre Pressemitteilung zeitnah und professionell bearbeiten werden. ZazaPay kann keine Garantie f\u00fcr die Platzierung in den Suchmaschinen, eine bestimmte Platzierung oder die Verwendung Ihrer Pressemitteilung in den Medien \u00fcbernehmen. Sollten Sie Bedenken bez\u00fcglich der Leistung Ihrer Pressemitteilung haben, wenden Sie sich bitte an unser Kundendienstteam (support@zazapay.us), damit wir unser Bestes tun k\u00f6nnen, um Ihnen bei der L\u00f6sung des Problems behilflich zu sein oder geeignete Ma\u00dfnahmen im Zusammenhang mit einem Erstattungsantrag zu ergreifen.<\/span><\/p>\n<h2><span style=\"font-weight: 400;\">Sonstiges<\/span><\/h2>\n<p><span style=\"font-weight: 400;\">Diese Nutzungsbedingungen unterliegen den Gesetzen der USA und werden in \u00dcbereinstimmung mit diesen ausgelegt, ohne dass die Bestimmungen des Kollisionsrechts oder des Staates oder Landes, in dem Sie Ihren Wohnsitz haben, ber\u00fccksichtigt werden. Sollte ein zust\u00e4ndiges Gericht aus irgendeinem Grund eine Bestimmung oder einen Teil der Servicebedingungen f\u00fcr nicht durchsetzbar erkl\u00e4ren, bleiben die \u00fcbrigen Servicebedingungen in vollem Umfang g\u00fcltig und wirksam.<\/span><\/p>\n<p><span style=\"font-weight: 400;\">Diese Nutzungsbedingungen stellen die gesamte Vereinbarung zwischen den Parteien in Bezug auf den Vertragsgegenstand dar und ersetzen alle vorherigen oder gleichzeitigen schriftlichen oder m\u00fcndlichen Absprachen oder Vereinbarungen in Bezug auf diesen Vertragsgegenstand.<\/span><\/p>\n<p><\/p>\t\t\t\t\t\t\t\t<\/div>\n\t\t\t\t<\/div>\n\t\t\t\t\t<\/div>\n\t\t\t\t<\/div>\n\t\t\t\t<\/div>\n\t\t","protected":false},"excerpt":{"rendered":"<p>Bedingungen der Dienstleistung Diese Vereinbarung \u00fcber die Allgemeinen Gesch\u00e4ftsbedingungen (diese &#8220;Vereinbarung&#8221;) enth\u00e4lt die vollst\u00e4ndigen Bedingungen, die f\u00fcr die Nutzung der ZazaPay.us Web-Services (die &#8220;Services&#8221;) durch<\/p>\n","protected":false},"author":1,"featured_media":0,"parent":0,"menu_order":0,"comment_status":"closed","ping_status":"open","template":"","meta":{"nf_dc_page":"","footnotes":""},"class_list":["post-3831","page","type-page","status-publish","hentry"],"_links":{"self":[{"href":"https:\/\/zazapay.us\/de\/wp-json\/wp\/v2\/pages\/3831","targetHints":{"allow":["GET"]}}],"collection":[{"href":"https:\/\/zazapay.us\/de\/wp-json\/wp\/v2\/pages"}],"about":[{"href":"https:\/\/zazapay.us\/de\/wp-json\/wp\/v2\/types\/page"}],"author":[{"embeddable":true,"href":"https:\/\/zazapay.us\/de\/wp-json\/wp\/v2\/users\/1"}],"replies":[{"embeddable":true,"href":"https:\/\/zazapay.us\/de\/wp-json\/wp\/v2\/comments?post=3831"}],"version-history":[{"count":5,"href":"https:\/\/zazapay.us\/de\/wp-json\/wp\/v2\/pages\/3831\/revisions"}],"predecessor-version":[{"id":3867,"href":"https:\/\/zazapay.us\/de\/wp-json\/wp\/v2\/pages\/3831\/revisions\/3867"}],"wp:attachment":[{"href":"https:\/\/zazapay.us\/de\/wp-json\/wp\/v2\/media?parent=3831"}],"curies":[{"name":"wp","href":"https:\/\/api.w.org\/{rel}","templated":true}]}}