{"id":3842,"date":"2023-08-30T10:19:41","date_gmt":"2023-08-30T14:19:41","guid":{"rendered":"https:\/\/zazapay.us\/backlinks-fuer-seo-kaufen\/"},"modified":"2023-10-18T03:01:56","modified_gmt":"2023-10-18T07:01:56","slug":"backlinks-fuer-seo-kaufen","status":"publish","type":"page","link":"https:\/\/zazapay.us\/de\/backlinks-fuer-seo-kaufen\/","title":{"rendered":"Backlinks f\u00fcr SEO kaufen"},"content":{"rendered":"\t\t<div data-elementor-type=\"wp-page\" data-elementor-id=\"3842\" class=\"elementor elementor-3842 elementor-2179\">\n\t\t\t\t<div class=\"elementor-element elementor-element-1de538b4 e-flex e-con-boxed e-con e-parent\" data-id=\"1de538b4\" data-element_type=\"container\" data-e-type=\"container\">\n\t\t\t\t\t<div class=\"e-con-inner\">\n\t\t\t\t<div class=\"elementor-element elementor-element-3ef076e9 elementor-widget elementor-widget-text-editor\" data-id=\"3ef076e9\" data-element_type=\"widget\" data-e-type=\"widget\" data-widget_type=\"text-editor.default\">\n\t\t\t\t<div class=\"elementor-widget-container\">\n\t\t\t\t\t\t\t\t\t\n<h2 class=\"wp-block-heading\">Backlinks f\u00fcr SEO kaufen<\/h2>\n\n<p>M\u00f6chten Sie Ihre Online-Pr\u00e4senz auf die n\u00e4chste Stufe heben? M\u00f6chten Sie, dass Ihre Website in den Suchmaschinenergebnissen besser platziert wird und mehr organische Besucher anzieht? Suchen Sie nicht weiter! Unsere Backlink-Services helfen Ihnen, Ihre SEO-Ziele zu erreichen.<\/p>\n\n<h2 class=\"wp-block-heading\">Was sind Backlinks?<\/h2>\n\n<p>Backlinks, auch bekannt als eingehende Links oder eingehende Links, sind Links von einer Website zu einer anderen. Sie spielen eine entscheidende Rolle bei der Suchmaschinenoptimierung (SEO), da Suchmaschinen wie Google sie als Vertrauensbeweis betrachten. Wenn seri\u00f6se Websites auf Ihre Website verlinken, signalisiert dies den Suchmaschinen, dass Ihre Inhalte wertvoll und vertrauensw\u00fcrdig sind, was zu einer h\u00f6heren Platzierung in den Suchmaschinen f\u00fchren kann.<\/p>\n\n<h2 class=\"wp-block-heading\">Die Macht der hochqualitativen Backlinks<\/h2>\n\n<p>Nicht alle Backlinks sind gleich. Hochwertige Backlinks von ma\u00dfgeblichen und relevanten Websites haben einen gr\u00f6\u00dferen Einfluss auf Ihre SEO-Bem\u00fchungen.<\/p>\n\n<p>Diese Backlinks k\u00f6nnen:<\/p>\n\n<p>1. Verbessern Sie die Platzierung in Suchmaschinen: Backlinks sind einer der wichtigsten Rankingfaktoren f\u00fcr Suchmaschinen. Wenn Ihre Website \u00fcber hochwertige Backlinks verf\u00fcgt, ist die Wahrscheinlichkeit gr\u00f6\u00dfer, dass sie auf der ersten Seite der Suchergebnisse erscheint.<\/p>\n\n<p>2. Organischen Verkehr f\u00f6rdern: Wenn Ihre Website in den Suchmaschinen-Rankings aufsteigt, wird sie f\u00fcr potenzielle Besucher sichtbarer. Diese erh\u00f6hte Sichtbarkeit kann zu einem stetigen Strom an organischem Verkehr f\u00fchren.<\/p>\n\n<p>3. Vertrauen und Glaubw\u00fcrdigkeit aufbauen: Backlinks aus seri\u00f6sen Quellen k\u00f6nnen die Glaubw\u00fcrdigkeit und Autorit\u00e4t Ihrer Website in Ihrer Branche oder Nische erh\u00f6hen.<\/p>\n\n<p>4. Steigern Sie die Konversionen: Mehr Verkehr bedeutet mehr potenzielle Kunden. Hochwertige Backlinks k\u00f6nnen zu h\u00f6heren Konversionsraten und mehr Umsatz f\u00fchren.<\/p>\n\n<h2 class=\"wp-block-heading\">Unser Backlink-Service<\/h2>\n\n<p>Wir bieten eine Reihe von Backlink-Services, die auf Ihre speziellen Bed\u00fcrfnisse zugeschnitten sind:<\/p>\n\n<p>1. Gastbeitr\u00e4ge: Wir k\u00f6nnen Ihnen dabei helfen, Gastbeitr\u00e4ge auf ma\u00dfgeblichen Websites in Ihrer Branche zu ver\u00f6ffentlichen und dabei einen Backlink zu Ihrer Website in den Inhalt einzubauen.<\/p>\n\n<p>2. Outreach und Link Building: Unser Team kann relevante Websites f\u00fcr die Linkplatzierung identifizieren und ansprechen, um sicherzustellen, dass Sie hochwertige Backlinks erhalten.<\/p>\n\n<p>3. Erstellung von Inhalten: Wir k\u00f6nnen wertvolle, gemeinsam nutzbare Inhalte f\u00fcr Ihre Website erstellen und f\u00fcr sie werben, um auf nat\u00fcrliche Weise organische Backlinks anzuziehen.<\/p>\n\n<p>4. Backlink-Analyse der Mitbewerber: Wir analysieren die Backlink-Profile Ihrer Konkurrenten, um Verbesserungsm\u00f6glichkeiten zu identifizieren und Ihnen zu helfen, sie zu \u00fcbertreffen.<\/p>\n\n<p>5. <a title=\"Backlinks der Stufe 2\" href=\"https:\/\/zazapay.us\/de\/produkt\/tier-2-backlinks\/\">Backlinks der Stufe 2<\/a> sind eine sekund\u00e4re Ebene von Backlinks, die die prim\u00e4ren Backlinks der Stufe 1 unterst\u00fctzen und verst\u00e4rken und zu einer umfassenderen und effektiveren SEO-Strategie beitragen.<\/p>\n\n<h2 class=\"wp-block-heading\">Die Zukunft der Backlinks<\/h2>\n\n<p>Die Algorithmen, mit denen Suchmaschinen Backlinks bewerten, entwickeln sich zwar st\u00e4ndig weiter, aber das Grundprinzip bleibt dasselbe: Backlinks von hochwertigen, relevanten Websites sind wertvoll. Da die Suchmaschinen jedoch immer ausgefeilter werden, k\u00f6nnen Faktoren wie der semantische Kontext des Links und die Nutzererfahrung der verlinkenden Website eine immer wichtigere Rolle spielen.<\/p>\n\n<p>Zusammenfassend l\u00e4sst sich sagen, dass Backlinks ein wichtiger Bestandteil der Suchmaschinenoptimierung sind und dass die Investition von Zeit und Ressourcen in die Entwicklung einer soliden Backlink-Strategie die Sichtbarkeit, den Ruf und den Traffic Ihrer Website erheblich verbessern kann.<\/p>\n\n<h2 class=\"wp-block-heading\">Warum uns w\u00e4hlen?<\/h2>\n\n<p>&#8211; Erfahrenes Team: Unser Team von SEO-Experten hat jahrelange Erfahrung im Linkaufbau und SEO-Strategie.<\/p>\n\n<p>&#8211; Sicherung der Qualit\u00e4t: Wir geben der Qualit\u00e4t den Vorrang vor der Quantit\u00e4t. Sie k\u00f6nnen darauf vertrauen, dass unsere Backlinks aus ma\u00dfgeblichen Quellen stammen.<\/p>\n\n<p>&#8211; Ma\u00dfgeschneiderte L\u00f6sungen: Wir schneiden unsere Dienstleistungen auf Ihre spezifischen Ziele und Ihr Budget zu.<\/p>\n\n<p>&#8211; Transparente Berichterstattung: Wir erstellen detaillierte Berichte \u00fcber die von uns aufgebauten Backlinks und die Auswirkungen auf die SEO Ihrer Website.<\/p>\n\n<p>Sind Sie bereit, mit Ihrer Website neue Ma\u00dfst\u00e4be zu setzen? Kontaktieren Sie uns noch heute, um Ihren Backlink-Bedarf zu besprechen und Ihre Online-Pr\u00e4senz zu steigern.<\/p>\n\t\t\t\t\t\t\t\t<\/div>\n\t\t\t\t<\/div>\n\t\t\t\t\t<\/div>\n\t\t\t\t<\/div>\n\t\t\t\t<\/div>\n\t\t","protected":false},"excerpt":{"rendered":"<p>Backlinks f\u00fcr SEO kaufen M\u00f6chten Sie Ihre Online-Pr\u00e4senz auf die n\u00e4chste Stufe heben? M\u00f6chten Sie, dass Ihre Website in den Suchmaschinenergebnissen besser platziert wird und<\/p>\n","protected":false},"author":1,"featured_media":0,"parent":0,"menu_order":0,"comment_status":"closed","ping_status":"open","template":"","meta":{"nf_dc_page":"","footnotes":""},"class_list":["post-3842","page","type-page","status-publish","hentry"],"_links":{"self":[{"href":"https:\/\/zazapay.us\/de\/wp-json\/wp\/v2\/pages\/3842","targetHints":{"allow":["GET"]}}],"collection":[{"href":"https:\/\/zazapay.us\/de\/wp-json\/wp\/v2\/pages"}],"about":[{"href":"https:\/\/zazapay.us\/de\/wp-json\/wp\/v2\/types\/page"}],"author":[{"embeddable":true,"href":"https:\/\/zazapay.us\/de\/wp-json\/wp\/v2\/users\/1"}],"replies":[{"embeddable":true,"href":"https:\/\/zazapay.us\/de\/wp-json\/wp\/v2\/comments?post=3842"}],"version-history":[{"count":5,"href":"https:\/\/zazapay.us\/de\/wp-json\/wp\/v2\/pages\/3842\/revisions"}],"predecessor-version":[{"id":3869,"href":"https:\/\/zazapay.us\/de\/wp-json\/wp\/v2\/pages\/3842\/revisions\/3869"}],"wp:attachment":[{"href":"https:\/\/zazapay.us\/de\/wp-json\/wp\/v2\/media?parent=3842"}],"curies":[{"name":"wp","href":"https:\/\/api.w.org\/{rel}","templated":true}]}}