{"id":3996,"date":"2023-10-07T17:38:20","date_gmt":"2023-10-07T21:38:20","guid":{"rendered":"https:\/\/zazapay.us\/musterbericht\/"},"modified":"2023-10-18T05:58:35","modified_gmt":"2023-10-18T09:58:35","slug":"musterbericht","status":"publish","type":"page","link":"https:\/\/zazapay.us\/de\/musterbericht\/","title":{"rendered":"Musterbericht"},"content":{"rendered":"\t\t<div data-elementor-type=\"wp-page\" data-elementor-id=\"3996\" class=\"elementor elementor-3996 elementor-2644\">\n\t\t\t\t\t\t<section class=\"elementor-section elementor-top-section elementor-element elementor-element-c549746 elementor-section-content-middle elementor-section-stretched elementor-section-boxed elementor-section-height-default elementor-section-height-default\" data-id=\"c549746\" data-element_type=\"section\" data-e-type=\"section\" data-settings=\"{&quot;stretch_section&quot;:&quot;section-stretched&quot;}\">\n\t\t\t\t\t\t<div class=\"elementor-container elementor-column-gap-no\">\n\t\t\t\t\t<div class=\"elementor-column elementor-col-50 elementor-top-column elementor-element elementor-element-40c1f59 elementor-invisible\" data-id=\"40c1f59\" data-element_type=\"column\" data-e-type=\"column\" data-settings=\"{&quot;animation&quot;:&quot;fadeInLeft&quot;}\">\n\t\t\t<div class=\"elementor-widget-wrap elementor-element-populated\">\n\t\t\t\t\t\t<div class=\"elementor-element elementor-element-a5dde5c elementor-widget elementor-widget-heading\" data-id=\"a5dde5c\" data-element_type=\"widget\" data-e-type=\"widget\" data-widget_type=\"heading.default\">\n\t\t\t\t<div class=\"elementor-widget-container\">\n\t\t\t\t\t<h2 class=\"elementor-heading-title elementor-size-default\"><span class=\"active\">Musterbericht<\/span> - Verteilung von Pressemitteilungen<\/h2>\t\t\t\t<\/div>\n\t\t\t\t<\/div>\n\t\t\t\t<div class=\"elementor-element elementor-element-620d7cb elementor-widget elementor-widget-text-editor\" data-id=\"620d7cb\" data-element_type=\"widget\" data-e-type=\"widget\" data-widget_type=\"text-editor.default\">\n\t\t\t\t<div class=\"elementor-widget-container\">\n\t\t\t\t\t\t\t\t\t<p>Der Artikel wurde auf <strong>504 Nachrichten-Websites<\/strong> insgesamt 504 Mal ver\u00f6ffentlicht. Diese Nachrichtenplattformen ziehen zusammen etwa 30,6 Millionen monatliche Besucher an und haben zusammen 1,9 Millionen Follower in den sozialen Medien.<\/p>\n<p>Es ist erw\u00e4hnenswert, dass einige Nachrichten-Websites <strong>Ihren Artikel in mehreren Abschnitten ihrer Website ver\u00f6ffentlicht<\/strong> haben, was die Abweichung in der Anzahl der Nachrichten-Websites im Vergleich zur Gesamtzahl der Ver\u00f6ffentlichungen erkl\u00e4rt.<\/p>\n<p>Um auf dem neuesten Stand zu bleiben, werden die Verkehrssch\u00e4tzungen regelm\u00e4\u00dfig von dem renommierten <strong>Website-Analyse-Tool<\/strong> similarweb.com aktualisiert. Sie k\u00f6nnen auf jede der Statistiken in der nachstehenden Liste der Ver\u00f6ffentlichungen klicken, um deren Richtigkeit zu best\u00e4tigen.<\/p>\n\t\t\t\t\t\t\t\t<\/div>\n\t\t\t\t<\/div>\n\t\t\t\t\t<\/div>\n\t\t<\/div>\n\t\t\t\t<div class=\"elementor-column elementor-col-50 elementor-top-column elementor-element elementor-element-8de0d41 elementor-invisible\" data-id=\"8de0d41\" data-element_type=\"column\" data-e-type=\"column\" data-settings=\"{&quot;animation&quot;:&quot;fadeInRight&quot;}\">\n\t\t\t<div class=\"elementor-widget-wrap elementor-element-populated\">\n\t\t\t\t\t\t<div class=\"elementor-element elementor-element-ef62aa4 elementor-widget elementor-widget-image\" data-id=\"ef62aa4\" data-element_type=\"widget\" data-e-type=\"widget\" data-widget_type=\"image.default\">\n\t\t\t\t<div class=\"elementor-widget-container\">\n\t\t\t\t\t\t\t\t\t\t\t\t\t\t\t<img loading=\"lazy\" loading=\"lazy\" decoding=\"async\" width=\"750\" height=\"562\" src=\"https:\/\/zazapay.us\/wp-content\/uploads\/2023\/08\/IMG_20230819_184812.jpg\" class=\"attachment-full size-full wp-image-5009\" alt=\"\" srcset=\"https:\/\/zazapay.us\/wp-content\/uploads\/2023\/08\/IMG_20230819_184812.jpg 750w, https:\/\/zazapay.us\/wp-content\/uploads\/2023\/08\/IMG_20230819_184812-300x225.jpg 300w, https:\/\/zazapay.us\/wp-content\/uploads\/2023\/08\/IMG_20230819_184812-600x450.jpg 600w, https:\/\/zazapay.us\/wp-content\/uploads\/2023\/08\/IMG_20230819_184812-1x1.jpg 1w, https:\/\/zazapay.us\/wp-content\/uploads\/2023\/08\/IMG_20230819_184812-10x7.jpg 10w\" sizes=\"auto, (max-width: 750px) 100vw, 750px\" title=\"\">\t\t\t\t\t\t\t\t\t\t\t\t\t\t\t<\/div>\n\t\t\t\t<\/div>\n\t\t\t\t\t<\/div>\n\t\t<\/div>\n\t\t\t\t\t<\/div>\n\t\t<\/section>\n\t\t<div class=\"elementor-element elementor-element-3f3c0fc e-con-full e-flex e-con e-parent\" data-id=\"3f3c0fc\" data-element_type=\"container\" data-e-type=\"container\">\n\t\t\t\t<div class=\"elementor-element elementor-element-402eba1 elementor-widget elementor-widget-shortcode\" data-id=\"402eba1\" data-element_type=\"widget\" data-e-type=\"widget\" data-widget_type=\"shortcode.default\">\n\t\t\t\t<div class=\"elementor-widget-container\">\n\t\t\t\t\t\t\t<div class=\"elementor-shortcode\">\n            <div \n                class=\"elfsight-widget-pdf-embed elfsight-widget\" \n                data-elfsight-pdf-embed-options=\"%7B%22files%22%3A%5B%7B%22link%22%3A%22https%3A%5C%2F%5C%2Fzazapay.us%5C%2Fwp-content%5C%2Fuploads%5C%2F2023%5C%2F10%5C%2FZazaPay-sample-report.pdf%22%2C%22name%22%3A%22Embed%20PDF%22%2C%22previewImage%22%3Anull%7D%5D%2C%22widgetTitle%22%3A%22Report%20Sample%22%2C%22layout%22%3A%22viewer%22%2C%22showIcon%22%3Atrue%2C%22icon%22%3A%22icon-1%22%2C%22previewImageSize%22%3A30%2C%22showDownloadLink%22%3Afalse%2C%22downloadLinkText%22%3A%22Download%22%2C%22width%22%3A%22100%25%22%2C%22heightFactor%22%3A1.4099999999999999200639422269887290894985198974609375%2C%22iconColor%22%3A%22rgb%28222%2C%2043%2C%2051%29%22%2C%22nameColor%22%3A%22rgb%2817%2C%2017%2C%2017%29%22%2C%22downloadColor%22%3A%22rgb%2828%2C%20145%2C%20255%29%22%2C%22backgroundColor%22%3Anull%2C%22fileBackgroundColor%22%3Anull%2C%22widgetTitleColor%22%3A%22rgb%2817%2C%2017%2C%2017%29%22%2C%22nameFontSize%22%3A15%2C%22downloadFontSize%22%3A13%2C%22widgetTitleFontSize%22%3A20%2C%22widgetId%22%3A%221%22%7D\" \n                data-elfsight-pdf-embed-version=\"1.1.1\"\n                data-elfsight-widget-id=\"elfsight-pdf-embed-1\">\n            <\/div>\n            <\/div>\n\t\t\t\t\t\t<\/div>\n\t\t\t\t<\/div>\n\t\t\t\t<\/div>\n\t\t\t\t<section class=\"elementor-section elementor-top-section elementor-element elementor-element-54d73fc custom-hover-section elementor-section-stretched elementor-section-boxed elementor-section-height-default elementor-section-height-default elementor-invisible\" data-id=\"54d73fc\" data-element_type=\"section\" data-e-type=\"section\" data-settings=\"{&quot;animation&quot;:&quot;fadeInUp&quot;,&quot;stretch_section&quot;:&quot;section-stretched&quot;}\">\n\t\t\t\t\t\t\t<div class=\"elementor-background-overlay\"><\/div>\n\t\t\t\t\t\t\t<div class=\"elementor-container elementor-column-gap-custom\">\n\t\t\t\t\t<div class=\"elementor-column elementor-col-25 elementor-top-column elementor-element elementor-element-73cbab2\" data-id=\"73cbab2\" data-element_type=\"column\" data-e-type=\"column\">\n\t\t\t<div class=\"elementor-widget-wrap elementor-element-populated\">\n\t\t\t\t\t\t<div class=\"elementor-element elementor-element-d703818 elementor-widget elementor-widget-heading\" data-id=\"d703818\" data-element_type=\"widget\" data-e-type=\"widget\" data-widget_type=\"heading.default\">\n\t\t\t\t<div class=\"elementor-widget-container\">\n\t\t\t\t\t<h2 class=\"elementor-heading-title elementor-size-default\">500 +<\/h2>\t\t\t\t<\/div>\n\t\t\t\t<\/div>\n\t\t\t\t<div class=\"elementor-element elementor-element-2df1df3 elementor-widget elementor-widget-heading\" data-id=\"2df1df3\" data-element_type=\"widget\" data-e-type=\"widget\" data-widget_type=\"heading.default\">\n\t\t\t\t<div class=\"elementor-widget-container\">\n\t\t\t\t\t<h2 class=\"elementor-heading-title elementor-size-default\">Medienpartner<\/h2>\t\t\t\t<\/div>\n\t\t\t\t<\/div>\n\t\t\t\t<div class=\"elementor-element elementor-element-60a4d94 elementor-widget elementor-widget-heading\" data-id=\"60a4d94\" data-element_type=\"widget\" data-e-type=\"widget\" data-widget_type=\"heading.default\">\n\t\t\t\t<div class=\"elementor-widget-container\">\n\t\t\t\t\t<h2 class=\"elementor-heading-title elementor-size-default\">Holen Sie sich eine Anleitung zur Abwechslung und\nf\u00fcr Ihre Marke.<\/h2>\t\t\t\t<\/div>\n\t\t\t\t<\/div>\n\t\t\t\t\t<\/div>\n\t\t<\/div>\n\t\t\t\t<div class=\"elementor-column elementor-col-25 elementor-top-column elementor-element elementor-element-3e1c8c3\" data-id=\"3e1c8c3\" data-element_type=\"column\" data-e-type=\"column\">\n\t\t\t<div class=\"elementor-widget-wrap elementor-element-populated\">\n\t\t\t\t\t\t<div class=\"elementor-element elementor-element-6d1a113 elementor-widget elementor-widget-heading\" data-id=\"6d1a113\" data-element_type=\"widget\" data-e-type=\"widget\" data-widget_type=\"heading.default\">\n\t\t\t\t<div class=\"elementor-widget-container\">\n\t\t\t\t\t<h2 class=\"elementor-heading-title elementor-size-default\">65k +<\/h2>\t\t\t\t<\/div>\n\t\t\t\t<\/div>\n\t\t\t\t<div class=\"elementor-element elementor-element-ce2ceb3 elementor-widget elementor-widget-heading\" data-id=\"ce2ceb3\" data-element_type=\"widget\" data-e-type=\"widget\" data-widget_type=\"heading.default\">\n\t\t\t\t<div class=\"elementor-widget-container\">\n\t\t\t\t\t<h2 class=\"elementor-heading-title elementor-size-default\">Ver\u00f6ffentlichte PRs<\/h2>\t\t\t\t<\/div>\n\t\t\t\t<\/div>\n\t\t\t\t<div class=\"elementor-element elementor-element-f32deca elementor-widget elementor-widget-heading\" data-id=\"f32deca\" data-element_type=\"widget\" data-e-type=\"widget\" data-widget_type=\"heading.default\">\n\t\t\t\t<div class=\"elementor-widget-container\">\n\t\t\t\t\t<h2 class=\"elementor-heading-title elementor-size-default\">Reservieren Sie, um traumhafte Ergebnisse zu erzielen.<\/h2>\t\t\t\t<\/div>\n\t\t\t\t<\/div>\n\t\t\t\t\t<\/div>\n\t\t<\/div>\n\t\t\t\t<div class=\"elementor-column elementor-col-25 elementor-top-column elementor-element elementor-element-a66d955\" data-id=\"a66d955\" data-element_type=\"column\" data-e-type=\"column\">\n\t\t\t<div class=\"elementor-widget-wrap elementor-element-populated\">\n\t\t\t\t\t\t<div class=\"elementor-element elementor-element-38ba63e elementor-widget elementor-widget-heading\" data-id=\"38ba63e\" data-element_type=\"widget\" data-e-type=\"widget\" data-widget_type=\"heading.default\">\n\t\t\t\t<div class=\"elementor-widget-container\">\n\t\t\t\t\t<h2 class=\"elementor-heading-title elementor-size-default\">6k+<\/h2>\t\t\t\t<\/div>\n\t\t\t\t<\/div>\n\t\t\t\t<div class=\"elementor-element elementor-element-56124b9 elementor-widget elementor-widget-heading\" data-id=\"56124b9\" data-element_type=\"widget\" data-e-type=\"widget\" data-widget_type=\"heading.default\">\n\t\t\t\t<div class=\"elementor-widget-container\">\n\t\t\t\t\t<h2 class=\"elementor-heading-title elementor-size-default\">Bediente Unternehmen<\/h2>\t\t\t\t<\/div>\n\t\t\t\t<\/div>\n\t\t\t\t<div class=\"elementor-element elementor-element-eec6030 elementor-widget elementor-widget-heading\" data-id=\"eec6030\" data-element_type=\"widget\" data-e-type=\"widget\" data-widget_type=\"heading.default\">\n\t\t\t\t<div class=\"elementor-widget-container\">\n\t\t\t\t\t<h2 class=\"elementor-heading-title elementor-size-default\">Bestellen Sie von \u00fcberall auf der Welt\nmit beliebigen Ger\u00e4ten.<\/h2>\t\t\t\t<\/div>\n\t\t\t\t<\/div>\n\t\t\t\t\t<\/div>\n\t\t<\/div>\n\t\t\t\t<div class=\"elementor-column elementor-col-25 elementor-top-column elementor-element elementor-element-8db7c11\" data-id=\"8db7c11\" data-element_type=\"column\" data-e-type=\"column\">\n\t\t\t<div class=\"elementor-widget-wrap elementor-element-populated\">\n\t\t\t\t\t\t<div class=\"elementor-element elementor-element-54ba185 elementor-widget elementor-widget-heading\" data-id=\"54ba185\" data-element_type=\"widget\" data-e-type=\"widget\" data-widget_type=\"heading.default\">\n\t\t\t\t<div class=\"elementor-widget-container\">\n\t\t\t\t\t<h2 class=\"elementor-heading-title elementor-size-default\">100%<\/h2>\t\t\t\t<\/div>\n\t\t\t\t<\/div>\n\t\t\t\t<div class=\"elementor-element elementor-element-ff1c4a4 elementor-widget elementor-widget-heading\" data-id=\"ff1c4a4\" data-element_type=\"widget\" data-e-type=\"widget\" data-widget_type=\"heading.default\">\n\t\t\t\t<div class=\"elementor-widget-container\">\n\t\t\t\t\t<h2 class=\"elementor-heading-title elementor-size-default\">Zufriedenheitsquote<\/h2>\t\t\t\t<\/div>\n\t\t\t\t<\/div>\n\t\t\t\t<div class=\"elementor-element elementor-element-77221fb elementor-widget elementor-widget-heading\" data-id=\"77221fb\" data-element_type=\"widget\" data-e-type=\"widget\" data-widget_type=\"heading.default\">\n\t\t\t\t<div class=\"elementor-widget-container\">\n\t\t\t\t\t<h2 class=\"elementor-heading-title elementor-size-default\">#Die Nummer 1 f\u00fcr Kundenzufriedenheit.\nFragen Sie einfach unsere Kunden<\/h2>\t\t\t\t<\/div>\n\t\t\t\t<\/div>\n\t\t\t\t\t<\/div>\n\t\t<\/div>\n\t\t\t\t\t<\/div>\n\t\t<\/section>\n\t\t\t\t<\/div>\n\t\t","protected":false},"excerpt":{"rendered":"<p>Musterbericht &#8211; Verteilung von Pressemitteilungen Der Artikel wurde auf 504 Nachrichten-Websites insgesamt 504 Mal ver\u00f6ffentlicht. Diese Nachrichtenplattformen ziehen zusammen etwa 30,6 Millionen monatliche Besucher an<\/p>\n","protected":false},"author":1,"featured_media":0,"parent":0,"menu_order":0,"comment_status":"closed","ping_status":"closed","template":"","meta":{"nf_dc_page":"","footnotes":""},"class_list":["post-3996","page","type-page","status-publish","hentry"],"_links":{"self":[{"href":"https:\/\/zazapay.us\/de\/wp-json\/wp\/v2\/pages\/3996","targetHints":{"allow":["GET"]}}],"collection":[{"href":"https:\/\/zazapay.us\/de\/wp-json\/wp\/v2\/pages"}],"about":[{"href":"https:\/\/zazapay.us\/de\/wp-json\/wp\/v2\/types\/page"}],"author":[{"embeddable":true,"href":"https:\/\/zazapay.us\/de\/wp-json\/wp\/v2\/users\/1"}],"replies":[{"embeddable":true,"href":"https:\/\/zazapay.us\/de\/wp-json\/wp\/v2\/comments?post=3996"}],"version-history":[{"count":1,"href":"https:\/\/zazapay.us\/de\/wp-json\/wp\/v2\/pages\/3996\/revisions"}],"predecessor-version":[{"id":3998,"href":"https:\/\/zazapay.us\/de\/wp-json\/wp\/v2\/pages\/3996\/revisions\/3998"}],"wp:attachment":[{"href":"https:\/\/zazapay.us\/de\/wp-json\/wp\/v2\/media?parent=3996"}],"curies":[{"name":"wp","href":"https:\/\/api.w.org\/{rel}","templated":true}]}}