{"id":3820,"date":"2023-09-24T12:54:17","date_gmt":"2023-09-24T16:54:17","guid":{"rendered":"https:\/\/zazapay.us\/product\/tier-2-backlinks\/"},"modified":"2023-10-29T09:39:20","modified_gmt":"2023-10-29T13:39:20","slug":"tier-2-backlinks","status":"publish","type":"product","link":"https:\/\/zazapay.us\/de\/produkt\/tier-2-backlinks\/","title":{"rendered":"Tier 2 Backlinks"},"content":{"rendered":"\t\t<div data-elementor-type=\"wp-post\" data-elementor-id=\"3820\" class=\"elementor elementor-3820 elementor-2391\">\n\t\t\t\t\t\t<section class=\"elementor-section elementor-top-section elementor-element elementor-element-7ad1687 elementor-section-boxed elementor-section-height-default elementor-section-height-default\" data-id=\"7ad1687\" data-element_type=\"section\" data-e-type=\"section\">\n\t\t\t\t\t\t<div class=\"elementor-container elementor-column-gap-no\">\n\t\t\t\t\t<div class=\"elementor-column elementor-col-100 elementor-top-column elementor-element elementor-element-48d9c83\" data-id=\"48d9c83\" data-element_type=\"column\" data-e-type=\"column\">\n\t\t\t<div class=\"elementor-widget-wrap elementor-element-populated\">\n\t\t\t\t\t\t<div class=\"elementor-element elementor-element-65133ca elementor-widget elementor-widget-text-editor\" data-id=\"65133ca\" data-element_type=\"widget\" data-e-type=\"widget\" data-widget_type=\"text-editor.default\">\n\t\t\t\t<div class=\"elementor-widget-container\">\n\t\t\t\t\t\t\t\t\t<p>Tier 2 Backlinks f\u00fcr nat\u00fcrliche SEO-Rankings<\/p>\n<p>Steigern Sie das Suchranking-Potenzial Ihrer Website mit hochwertigen, nat\u00fcrlichen Backlinks von angesehenen Websites in relevanten thematischen Kategorien. Unser Backlink-Service der Stufe 2 bezieht Links von etablierten Websites mit einer anst\u00e4ndigen Domain-Autorit\u00e4t und Page-Autorit\u00e4t.<\/p>\n<p>Die Links werden sorgf\u00e4ltig auf Websites platziert, die mit Ihrer Branche oder Ihrem Thema in Zusammenhang stehen. Alle Backlinks sind nat\u00fcrlich und kontextbezogen und vermeiden unnat\u00fcrliche Verlinkungspraktiken, die Ihrer Website schaden k\u00f6nnen.  <\/p>\n<p>Unsere Experten recherchieren thematisch relevante Websites und pr\u00fcfen sie auf Qualit\u00e4t und Reputation, bevor sie sich an sie wenden. Wir vermeiden minderwertige Linkfarmen oder Parking-Domains. Backlinks werden durch Gastbeitr\u00e4ge, Ressourcenseiten und andere nat\u00fcrliche Linkm\u00f6glichkeiten erworben.<\/p>\n\t\t\t\t\t\t\t\t<\/div>\n\t\t\t\t<\/div>\n\t\t\t\t<div class=\"elementor-element elementor-element-5983f76 elementor-widget elementor-widget-text-editor\" data-id=\"5983f76\" data-element_type=\"widget\" data-e-type=\"widget\" data-widget_type=\"text-editor.default\">\n\t\t\t\t<div class=\"elementor-widget-container\">\n\t\t\t\t\t\t\t\t\t<p>Mit einem Backlink-Paket der Stufe 2 k\u00f6nnen Sie 10.000-14.000 Backlinks pro Monat erwarten, die von ma\u00dfgeblichen Websites in Ihrer Nische stammen. Die Links werden schnell geliefert und verfolgt, um die Indizierung durch die Suchmaschinen zu \u00fcberpr\u00fcfen.  <\/p>\n\t\t\t\t\t\t\t\t<\/div>\n\t\t\t\t<\/div>\n\t\t\t\t<div class=\"elementor-element elementor-element-1228040 elementor-widget elementor-widget-image\" data-id=\"1228040\" data-element_type=\"widget\" data-e-type=\"widget\" data-widget_type=\"image.default\">\n\t\t\t\t<div class=\"elementor-widget-container\">\n\t\t\t\t\t\t\t\t\t\t\t\t\t\t\t<img loading=\"lazy\" loading=\"lazy\" decoding=\"async\" width=\"720\" height=\"429\" src=\"https:\/\/zazapay.us\/wp-content\/uploads\/2023\/09\/backlinks-description.png\" class=\"attachment-full size-full wp-image-4214\" alt=\"\" srcset=\"https:\/\/zazapay.us\/wp-content\/uploads\/2023\/09\/backlinks-description.png 720w, https:\/\/zazapay.us\/wp-content\/uploads\/2023\/09\/backlinks-description-300x179.png 300w, https:\/\/zazapay.us\/wp-content\/uploads\/2023\/09\/backlinks-description-600x358.png 600w, https:\/\/zazapay.us\/wp-content\/uploads\/2023\/09\/backlinks-description-1x1.png 1w, https:\/\/zazapay.us\/wp-content\/uploads\/2023\/09\/backlinks-description-10x6.png 10w\" sizes=\"auto, (max-width: 720px) 100vw, 720px\" title=\"\">\t\t\t\t\t\t\t\t\t\t\t\t\t\t\t<\/div>\n\t\t\t\t<\/div>\n\t\t\t\t<div class=\"elementor-element elementor-element-1c474ab elementor-widget elementor-widget-text-editor\" data-id=\"1c474ab\" data-element_type=\"widget\" data-e-type=\"widget\" data-widget_type=\"text-editor.default\">\n\t\t\t\t<div class=\"elementor-widget-container\">\n\t\t\t\t\t\t\t\t\t<p>Hier sind einige zus\u00e4tzliche Details \u00fcber den Tier 2 Backlinkservice:<\/p>\n<ul>\n<li>Die Links werden \u00fcber hochwertige Domains und Seiten gestreut, um das Risiko zu minimieren. Wir verlassen uns nicht auf Links von einer einzelnen Website oder Seite.<\/li>\n<li>Alle Domains und Seiten werden vor dem Einsatz auf Probleme wie verd\u00e4chtige Links, Spam-Inhalte und Malware \u00fcberpr\u00fcft. Standorte von schlechter Qualit\u00e4t werden gemieden.<\/li>\n<li>Schnelle Durchlaufzeiten: Backlinks werden im Durchschnitt innerhalb von 3-5 Tagen nach Projektbeginn geliefert.  <\/li>\n<li>Erfahrene Link-Builder mit Erfolgsbilanz bei der F\u00f6rderung von Kunden in wettbewerbsintensiven Branchen wie E-Commerce, lokale Dienstleistungen usw.<\/li>\n<li>Die transparente Berichterstattung umfasst vollst\u00e4ndig anklickbare URLs.  <\/li>\n<li>Links werden durch Ankertext, Titelattribute und andere On-Page-SEO-Faktoren f\u00fcr eine nat\u00fcrliche Platzierung diversifiziert.  <\/li>\n<\/ul>\n\t\t\t\t\t\t\t\t<\/div>\n\t\t\t\t<\/div>\n\t\t\t\t<div class=\"elementor-element elementor-element-ad24d0f elementor-widget elementor-widget-text-editor\" data-id=\"ad24d0f\" data-element_type=\"widget\" data-e-type=\"widget\" data-widget_type=\"text-editor.default\">\n\t\t\t\t<div class=\"elementor-widget-container\">\n\t\t\t\t\t\t\t\t\t<p>Der Schwerpunkt liegt auf Qualit\u00e4t statt Quantit\u00e4t, um nur die relevantesten und seri\u00f6sesten Tier-2-Backlinks f\u00fcr nat\u00fcrliche SEO-Gewinne zu liefern.<\/p>\n\t\t\t\t\t\t\t\t<\/div>\n\t\t\t\t<\/div>\n\t\t\t\t\t<\/div>\n\t\t<\/div>\n\t\t\t\t\t<\/div>\n\t\t<\/section>\n\t\t\t\t<\/div>\n\t\t","protected":false},"excerpt":{"rendered":"<table class=\"woocommerce-product-attributes shop_attributes\">\n<tbody>\n<tr class=\"woocommerce-product-attributes-item\">\n<th class=\"woocommerce-product-attributes-item__label\">Dienst<\/th>\n<td class=\"woocommerce-product-attributes-item__value\">Backlinks<\/td>\n<\/tr>\n<tr class=\"woocommerce-product-attributes-item\">\n<th class=\"woocommerce-product-attributes-item__label\">Ebene<\/th>\n<td class=\"woocommerce-product-attributes-item__value\">Stufe 2<\/td>\n<\/tr>\n<tr class=\"woocommerce-product-attributes-item\">\n<th class=\"woocommerce-product-attributes-item__label\">Schl\u00fcsselw\u00f6rter &amp; Links<\/th>\n<td class=\"woocommerce-product-attributes-item__value\">Bis zu 5<\/td>\n<\/tr>\n<tr class=\"woocommerce-product-attributes-item\">\n<th class=\"woocommerce-product-attributes-item__label\">Backlinks<\/th>\n<td class=\"woocommerce-product-attributes-item__value\">10 000<\/td>\n<\/tr>\n<tr class=\"woocommerce-product-attributes-item\">\n<th class=\"woocommerce-product-attributes-item__label\">\u00dcberarbeitungen<\/th>\n<td class=\"woocommerce-product-attributes-item__value\">0<\/td>\n<\/tr>\n<tr class=\"woocommerce-product-attributes-item\">\n<th class=\"woocommerce-product-attributes-item__label\">Sprache<\/th>\n<td class=\"woocommerce-product-attributes-item__value\">Lateinisches Alphabet: a, b, c, d, e, f, g, h, i, l, m, n, o, p, q, r, s, t, u, v, x<\/td>\n<\/tr>\n<\/tbody>\n<\/table>\n","protected":false},"featured_media":4050,"template":"","meta":{"nf_dc_page":""},"etheme_brands":[],"product_brand":[],"product_cat":[161],"product_tag":[163,162],"class_list":{"0":"post-3820","1":"product","2":"type-product","3":"status-publish","4":"has-post-thumbnail","6":"product_cat-backlinks-de","7":"product_tag-backlinks-de","8":"product_tag-tier-2-backlinks-de","10":"first","11":"instock","12":"virtual","13":"purchasable","14":"product-type-simple"},"_links":{"self":[{"href":"https:\/\/zazapay.us\/de\/wp-json\/wp\/v2\/product\/3820","targetHints":{"allow":["GET"]}}],"collection":[{"href":"https:\/\/zazapay.us\/de\/wp-json\/wp\/v2\/product"}],"about":[{"href":"https:\/\/zazapay.us\/de\/wp-json\/wp\/v2\/types\/product"}],"version-history":[{"count":5,"href":"https:\/\/zazapay.us\/de\/wp-json\/wp\/v2\/product\/3820\/revisions"}],"predecessor-version":[{"id":4506,"href":"https:\/\/zazapay.us\/de\/wp-json\/wp\/v2\/product\/3820\/revisions\/4506"}],"wp:featuredmedia":[{"embeddable":true,"href":"https:\/\/zazapay.us\/de\/wp-json\/wp\/v2\/media\/4050"}],"wp:attachment":[{"href":"https:\/\/zazapay.us\/de\/wp-json\/wp\/v2\/media?parent=3820"}],"wp:term":[{"taxonomy":"brand","embeddable":true,"href":"https:\/\/zazapay.us\/de\/wp-json\/wp\/v2\/etheme_brands?post=3820"},{"taxonomy":"product_brand","embeddable":true,"href":"https:\/\/zazapay.us\/de\/wp-json\/wp\/v2\/product_brand?post=3820"},{"taxonomy":"product_cat","embeddable":true,"href":"https:\/\/zazapay.us\/de\/wp-json\/wp\/v2\/product_cat?post=3820"},{"taxonomy":"product_tag","embeddable":true,"href":"https:\/\/zazapay.us\/de\/wp-json\/wp\/v2\/product_tag?post=3820"}],"curies":[{"name":"wp","href":"https:\/\/api.w.org\/{rel}","templated":true}]}}