{"id":3859,"date":"2023-08-24T16:31:58","date_gmt":"2023-08-24T20:31:58","guid":{"rendered":"https:\/\/zazapay.us\/product\/verteilung-von-pressemitteilungen\/"},"modified":"2023-10-21T16:30:43","modified_gmt":"2023-10-21T20:30:43","slug":"pressemitteilung-vertrieb","status":"publish","type":"product","link":"https:\/\/zazapay.us\/de\/produkt\/pressemitteilung-vertrieb\/","title":{"rendered":"Verteilung von Pressemitteilungen"},"content":{"rendered":"\t\t<div data-elementor-type=\"wp-post\" data-elementor-id=\"3859\" class=\"elementor elementor-3859 elementor-877\">\n\t\t\t\t\t\t<section class=\"elementor-section elementor-top-section elementor-element elementor-element-7ad1687 elementor-section-boxed elementor-section-height-default elementor-section-height-default\" data-id=\"7ad1687\" data-element_type=\"section\" data-e-type=\"section\">\n\t\t\t\t\t\t<div class=\"elementor-container elementor-column-gap-no\">\n\t\t\t\t\t<div class=\"elementor-column elementor-col-100 elementor-top-column elementor-element elementor-element-48d9c83\" data-id=\"48d9c83\" data-element_type=\"column\" data-e-type=\"column\">\n\t\t\t<div class=\"elementor-widget-wrap elementor-element-populated\">\n\t\t\t\t\t\t<div class=\"elementor-element elementor-element-65133ca elementor-widget elementor-widget-text-editor\" data-id=\"65133ca\" data-element_type=\"widget\" data-e-type=\"widget\" data-widget_type=\"text-editor.default\">\n\t\t\t\t<div class=\"elementor-widget-container\">\n\t\t\t\t\t\t\t\t\t<h2>Pressemitteilung online verteilen<\/h2>\n<p>Erzielen Sie eine Syndizierung auf bekannten Nachrichtenportalen: Ihre Pressemitteilung wird auf den wichtigsten Nachrichtenseiten syndiziert, darunter The Associated Press (AP), die mit ihrer Berichterstattung \u00fcber die H\u00e4lfte der Weltbev\u00f6lkerung erreicht. Dar\u00fcber hinaus arbeiten wir mit Nexstar zusammen, Amerikas gr\u00f6\u00dftem lokalen Fernseh- und Medienunternehmen, das 68 % der US-Fernsehhaushalte erreicht.  <\/p>\n<p>Ihre Pressemitteilung wird auch auf Google News und verschiedenen anderen seri\u00f6sen Plattformen ver\u00f6ffentlicht. Im Rahmen unseres umfassenden Service wird Ihre Pressemitteilung neben unseren eigenen ZazaPay-Publikationen auch auf einer wachsenden Liste gut sichtbarer Websites von Drittanbietern ver\u00f6ffentlicht, die f\u00fcr Ihre Branche und Ihren Standort relevant sind.<\/p>\n\t\t\t\t\t\t\t\t<\/div>\n\t\t\t\t<\/div>\n\t\t\t\t<div class=\"elementor-element elementor-element-5983f76 elementor-widget elementor-widget-text-editor\" data-id=\"5983f76\" data-element_type=\"widget\" data-e-type=\"widget\" data-widget_type=\"text-editor.default\">\n\t\t\t\t<div class=\"elementor-widget-container\">\n\t\t\t\t\t\t\t\t\t<p>Sofortige Nachdrucke auf den Websites der f\u00fchrenden US-amerikanischen Fernseh- und Radiosender: Erleben Sie die breite \u00d6ffentlichkeit, wenn Ihre Ver\u00f6ffentlichung auf den Websites der gro\u00dfen Fernsehsender wie ABC, NBC, FOX, CBS und CW sowie auf den Websites zahlreicher Radiosender im ganzen Land erscheint. Mit \u00fcber 150 Millionen monatlichen Nutzern erreicht Ihre Botschaft ein gro\u00dfes Publikum.<\/p>\n\t\t\t\t\t\t\t\t<\/div>\n\t\t\t\t<\/div>\n\t\t\t\t<div class=\"elementor-element elementor-element-c52dec4 elementor-widget__width-initial dtle-table-align-center dtle-dt-th-align-left dtle-dt-td-align-left elementor-widget elementor-widget-datalentor_table\" data-id=\"c52dec4\" data-element_type=\"widget\" data-e-type=\"widget\" data-widget_type=\"datalentor_table.default\">\n\t\t\t\t<div class=\"elementor-widget-container\">\n\t\t\t\t\t        <div class=\"dtle-data-table-wrap\" data-table_id=\"c52dec4\">\r\n            <table class=\"tablesorter dtle-data-table center\" id=\"dtle-data-table-c52dec4\">\r\n                <thead>\r\n                    <tr class=\"table-header\">\r\n                                                    <th class=\"\" id=\"\" colspan=\"\">\r\n                                <span class=\"elementor-header-section\">\r\n                                    <span class=\"elementor-button-content-wrapper\">\r\n                                        <span class=\"elementor-button-icon\">\r\n                                                                                                                                <\/span>\r\n                                        <span class=\"elementor-button-text elementor-inline-editing\">\r\n                                                                                    <\/span>\r\n                                    <\/span>\r\n                                <\/span>\r\n                            <\/th>\r\n                                                        <th class=\"\" id=\"\" colspan=\"\">\r\n                                <span class=\"elementor-header-section\">\r\n                                    <span class=\"elementor-button-content-wrapper\">\r\n                                        <span class=\"elementor-button-icon\">\r\n                                                                                                                                <\/span>\r\n                                        <span class=\"elementor-button-text elementor-inline-editing\">\r\n                                            ZazaPay                                        <\/span>\r\n                                    <\/span>\r\n                                <\/span>\r\n                            <\/th>\r\n                                                        <th class=\"\" id=\"\" colspan=\"\">\r\n                                <span class=\"elementor-header-section\">\r\n                                    <span class=\"elementor-button-content-wrapper\">\r\n                                        <span class=\"elementor-button-icon\">\r\n                                                                                                                                <\/span>\r\n                                        <span class=\"elementor-button-text elementor-inline-editing\">\r\n                                            konkurrenten                                        <\/span>\r\n                                    <\/span>\r\n                                <\/span>\r\n                            <\/th>\r\n                                                <\/tr>\r\n                <\/thead>\r\n                <tbody>\r\n                    <tr>\r\n                        <\/tr><tr>                                                            <td colspan=\"\" rowspan=\"\" class=\"\" id=\"\">\r\n                                    <div class=\"td-content-wrapper\"><div class=\"td-content\">Garantierte Ver\u00f6ffentlichung<\/div><\/div>\r\n                                <\/td>\r\n                                                                                                                    <td colspan=\"\" rowspan=\"\" class=\"\" id=\"\">\r\n                                    <div class=\"td-content-wrapper\"><div class=\"td-content\">500+ websites<\/div><\/div>\r\n                                <\/td>\r\n                                                                                                                    <td colspan=\"\" rowspan=\"\" class=\"\" id=\"\">\r\n                                    <div class=\"td-content-wrapper\"><div class=\"td-content\">100+ websites<\/div><\/div>\r\n                                <\/td>\r\n                                                        <\/tr><tr>                                                            <td colspan=\"\" rowspan=\"\" class=\"\" id=\"\">\r\n                                    <div class=\"td-content-wrapper\"><div class=\"td-content\">W\u00f6rter enthalten<\/div><\/div>\r\n                                <\/td>\r\n                                                                                                                    <td colspan=\"\" rowspan=\"\" class=\"\" id=\"\">\r\n                                    <div class=\"td-content-wrapper\"><div class=\"td-content\">Bis zu 1500 W\u00f6rter<\/div><\/div>\r\n                                <\/td>\r\n                                                                                                                    <td colspan=\"\" rowspan=\"\" class=\"\" id=\"\">\r\n                                    <div class=\"td-content-wrapper\"><div class=\"td-content\">350<\/div><\/div>\r\n                                <\/td>\r\n                                                        <\/tr><tr>                                                            <td colspan=\"\" rowspan=\"\" class=\"\" id=\"\">\r\n                                    <div class=\"td-content-wrapper\"><div class=\"td-content\">Premium-Nachrichten<\/div><\/div>\r\n                                <\/td>\r\n                                                                                                                    <td colspan=\"\" rowspan=\"\" class=\"\" id=\"\">\r\n                                    <div class=\"td-content-wrapper\">\r\n                                        <img decoding=\"async\" class=\"data-content-img\" width=\"15\" src=\"https:\/\/zazapay.us\/wp-content\/uploads\/2023\/08\/yesok.png\" alt=\"\" title=\"\">\r\n                                    <\/div>\r\n                                <\/td>\r\n                                                                                                                    <td colspan=\"\" rowspan=\"\" class=\"\" id=\"\">\r\n                                    <div class=\"td-content-wrapper\">\r\n                                        <img decoding=\"async\" class=\"data-content-img\" width=\"15\" src=\"https:\/\/zazapay.us\/wp-content\/uploads\/2023\/08\/remove-e1697904579368.png\" alt=\"\" title=\"\">\r\n                                    <\/div>\r\n                                <\/td>\r\n                                                        <\/tr><tr>                                                            <td colspan=\"\" rowspan=\"\" class=\"\" id=\"\">\r\n                                    <div class=\"td-content-wrapper\"><div class=\"td-content\">Werbetexten<\/div><\/div>\r\n                                <\/td>\r\n                                                                                                                    <td colspan=\"\" rowspan=\"\" class=\"\" id=\"\">\r\n                                    <div class=\"td-content-wrapper\">\r\n                                        <img decoding=\"async\" class=\"data-content-img\" width=\"15\" src=\"https:\/\/zazapay.us\/wp-content\/uploads\/2023\/08\/yesok.png\" alt=\"\" title=\"\">\r\n                                    <\/div>\r\n                                <\/td>\r\n                                                                                                                    <td colspan=\"\" rowspan=\"\" class=\"\" id=\"\">\r\n                                    <div class=\"td-content-wrapper\">\r\n                                        <img decoding=\"async\" class=\"data-content-img\" width=\"15\" src=\"https:\/\/zazapay.us\/wp-content\/uploads\/2023\/08\/remove-e1697904579368.png\" alt=\"\" title=\"\">\r\n                                    <\/div>\r\n                                <\/td>\r\n                                                        <\/tr><tr>                                                            <td colspan=\"\" rowspan=\"\" class=\"\" id=\"\">\r\n                                    <div class=\"td-content-wrapper\"><div class=\"td-content\">Whitelabel-Berichte<\/div><\/div>\r\n                                <\/td>\r\n                                                                                                                    <td colspan=\"\" rowspan=\"\" class=\"\" id=\"\">\r\n                                    <div class=\"td-content-wrapper\">\r\n                                        <img decoding=\"async\" class=\"data-content-img\" width=\"15\" src=\"https:\/\/zazapay.us\/wp-content\/uploads\/2023\/08\/yesok.png\" alt=\"\" title=\"\">\r\n                                    <\/div>\r\n                                <\/td>\r\n                                                                                                                    <td colspan=\"\" rowspan=\"\" class=\"\" id=\"\">\r\n                                    <div class=\"td-content-wrapper\">\r\n                                        <img decoding=\"async\" class=\"data-content-img\" width=\"15\" src=\"https:\/\/zazapay.us\/wp-content\/uploads\/2023\/08\/remove-e1697904579368.png\" alt=\"\" title=\"\">\r\n                                    <\/div>\r\n                                <\/td>\r\n                                                        <\/tr><tr>                                                            <td colspan=\"\" rowspan=\"\" class=\"\" id=\"\">\r\n                                    <div class=\"td-content-wrapper\">\r\n                                        <img decoding=\"async\" class=\"data-content-img\" width=\"70\" src=\"https:\/\/zazapay.us\/wp-content\/uploads\/2023\/08\/benzinga.png\" alt=\"\" title=\"\">\r\n                                    <\/div>\r\n                                <\/td>\r\n                                                                                                                    <td colspan=\"\" rowspan=\"\" class=\"\" id=\"\">\r\n                                    <div class=\"td-content-wrapper\">\r\n                                        <img decoding=\"async\" class=\"data-content-img\" width=\"15\" src=\"https:\/\/zazapay.us\/wp-content\/uploads\/2023\/08\/yesok.png\" alt=\"\" title=\"\">\r\n                                    <\/div>\r\n                                <\/td>\r\n                                                                                                                    <td colspan=\"\" rowspan=\"\" class=\"\" id=\"\">\r\n                                    <div class=\"td-content-wrapper\">\r\n                                        <img decoding=\"async\" class=\"data-content-img\" width=\"15\" src=\"https:\/\/zazapay.us\/wp-content\/uploads\/2023\/08\/remove-e1697904579368.png\" alt=\"\" title=\"\">\r\n                                    <\/div>\r\n                                <\/td>\r\n                                                        <\/tr><tr>                                                            <td colspan=\"\" rowspan=\"\" class=\"\" id=\"\">\r\n                                    <div class=\"td-content-wrapper\">\r\n                                        <img decoding=\"async\" class=\"data-content-img\" width=\"50\" src=\"https:\/\/zazapay.us\/wp-content\/uploads\/2023\/10\/The_Globe_and_Mail_Logo_white_text-e1696608276180.png\" alt=\"\" title=\"\">\r\n                                    <\/div>\r\n                                <\/td>\r\n                                                                                                                    <td colspan=\"\" rowspan=\"\" class=\"\" id=\"\">\r\n                                    <div class=\"td-content-wrapper\">\r\n                                        <img decoding=\"async\" class=\"data-content-img\" width=\"15\" src=\"https:\/\/zazapay.us\/wp-content\/uploads\/2023\/08\/yesok.png\" alt=\"\" title=\"\">\r\n                                    <\/div>\r\n                                <\/td>\r\n                                                                                                                    <td colspan=\"\" rowspan=\"\" class=\"\" id=\"\">\r\n                                    <div class=\"td-content-wrapper\">\r\n                                        <img decoding=\"async\" class=\"data-content-img\" width=\"15\" src=\"https:\/\/zazapay.us\/wp-content\/uploads\/2023\/08\/remove-e1697904579368.png\" alt=\"\" title=\"\">\r\n                                    <\/div>\r\n                                <\/td>\r\n                                                        <\/tr><tr>                                                            <td colspan=\"\" rowspan=\"\" class=\"\" id=\"\">\r\n                                    <div class=\"td-content-wrapper\">\r\n                                        <img decoding=\"async\" class=\"data-content-img\" width=\"80\" src=\"https:\/\/zazapay.us\/wp-content\/uploads\/2023\/10\/barchart.png\" alt=\"\" title=\"\">\r\n                                    <\/div>\r\n                                <\/td>\r\n                                                                                                                    <td colspan=\"\" rowspan=\"\" class=\"\" id=\"\">\r\n                                    <div class=\"td-content-wrapper\">\r\n                                        <img decoding=\"async\" class=\"data-content-img\" width=\"15\" src=\"https:\/\/zazapay.us\/wp-content\/uploads\/2023\/08\/yesok.png\" alt=\"\" title=\"\">\r\n                                    <\/div>\r\n                                <\/td>\r\n                                                                                                                    <td colspan=\"\" rowspan=\"\" class=\"\" id=\"\">\r\n                                    <div class=\"td-content-wrapper\">\r\n                                        <img decoding=\"async\" class=\"data-content-img\" width=\"15\" src=\"https:\/\/zazapay.us\/wp-content\/uploads\/2023\/08\/remove-e1697904579368.png\" alt=\"\" title=\"\">\r\n                                    <\/div>\r\n                                <\/td>\r\n                                                        <\/tr><tr>                                                            <td colspan=\"\" rowspan=\"\" class=\"\" id=\"\">\r\n                                    <div class=\"td-content-wrapper\">\r\n                                        <img decoding=\"async\" class=\"data-content-img\" width=\"120\" src=\"https:\/\/zazapay.us\/wp-content\/uploads\/2023\/08\/Google_News.png\" alt=\"\" title=\"\">\r\n                                    <\/div>\r\n                                <\/td>\r\n                                                                                                                    <td colspan=\"\" rowspan=\"\" class=\"\" id=\"\">\r\n                                    <div class=\"td-content-wrapper\">\r\n                                        <img decoding=\"async\" class=\"data-content-img\" width=\"15\" src=\"https:\/\/zazapay.us\/wp-content\/uploads\/2023\/08\/yesok.png\" alt=\"\" title=\"\">\r\n                                    <\/div>\r\n                                <\/td>\r\n                                                                                                                    <td colspan=\"\" rowspan=\"\" class=\"\" id=\"\">\r\n                                    <div class=\"td-content-wrapper\">\r\n                                        <img decoding=\"async\" class=\"data-content-img\" width=\"15\" src=\"https:\/\/zazapay.us\/wp-content\/uploads\/2023\/08\/yesok.png\" alt=\"\" title=\"\">\r\n                                    <\/div>\r\n                                <\/td>\r\n                                                        <\/tr><tr>                                                            <td colspan=\"\" rowspan=\"\" class=\"\" id=\"\">\r\n                                    <div class=\"td-content-wrapper\"><div class=\"td-content\">Video einbetten<\/div><\/div>\r\n                                <\/td>\r\n                                                                                                                    <td colspan=\"\" rowspan=\"\" class=\"\" id=\"\">\r\n                                    <div class=\"td-content-wrapper\">\r\n                                        <img decoding=\"async\" class=\"data-content-img\" width=\"15\" src=\"https:\/\/zazapay.us\/wp-content\/uploads\/2023\/08\/yesok.png\" alt=\"\" title=\"\">\r\n                                    <\/div>\r\n                                <\/td>\r\n                                                                                                                    <td colspan=\"\" rowspan=\"\" class=\"\" id=\"\">\r\n                                    <div class=\"td-content-wrapper\">\r\n                                        <img decoding=\"async\" class=\"data-content-img\" width=\"15\" src=\"https:\/\/zazapay.us\/wp-content\/uploads\/2023\/08\/remove-e1697904579368.png\" alt=\"\" title=\"\">\r\n                                    <\/div>\r\n                                <\/td>\r\n                                                                            <\/tr>\r\n                <\/tbody>\r\n            <\/table>\r\n        <\/div>\r\n        \t\t\t\t<\/div>\n\t\t\t\t<\/div>\n\t\t\t\t<div class=\"elementor-element elementor-element-1c474ab elementor-widget elementor-widget-text-editor\" data-id=\"1c474ab\" data-element_type=\"widget\" data-e-type=\"widget\" data-widget_type=\"text-editor.default\">\n\t\t\t\t<div class=\"elementor-widget-container\">\n\t\t\t\t\t\t\t\t\t<p>Nutzen Sie die Macht des globalen Newswire-Vertriebs: Als ein weltweit f\u00fchrender internationaler Online-Newswire-Service nutzt ZazaPay die Nachrichtenaggregation auf Unternehmensebene. Unsere Newswires kuratieren und organisieren Nachrichten aus allen US-Bundesstaaten und -L\u00e4ndern und bieten Journalisten, Redaktionen und Millionen von Lesern weltweit eine eigene Verbreitung.<\/p>\n\t\t\t\t\t\t\t\t<\/div>\n\t\t\t\t<\/div>\n\t\t\t\t<div class=\"elementor-element elementor-element-ad24d0f elementor-widget elementor-widget-text-editor\" data-id=\"ad24d0f\" data-element_type=\"widget\" data-e-type=\"widget\" data-widget_type=\"text-editor.default\">\n\t\t\t\t<div class=\"elementor-widget-container\">\n\t\t\t\t\t\t\t\t\t<p>Direkte Integration mit f\u00fchrenden Nachrichtenaggregatoren und Research-Tools: ZazaPay ist ein anerkannter Anbieter bei Google News, und wir integrieren unsere Pressemitteilungen nahtlos in Plattformen wie Bloomberg Terminals, MuckRack, Moody&#8217;s NewsEdge, Naviga und MenaFN, was eine gro\u00dfe Reichweite und Sichtbarkeit gew\u00e4hrleistet.<\/p>\n<p>Erreichen Sie Ihr mobiles Publikum mit hochmodernen Nachrichten-Apps: Unsere hochmodernen Nachrichten-Apps liefern Eilmeldungen und aktuelle Inhalte direkt auf die Mobilger\u00e4te der Nutzer, einschlie\u00dflich relevanter Pressemitteilungen unserer Nachrichtenagenturen. Stellen Sie direkte Verbindungen zu Medien und Redaktionen auf der ganzen Welt her: Nutzen Sie unser World Media Directory, eine umfassende, sorgf\u00e4ltig kuratierte Datenbank mit Angaben zu Redaktionen und Journalisten.  <\/p>\n<p>Wir erleichtern die direkte Zustellung Ihrer Pressemitteilung an diese Redaktionen und sorgen so f\u00fcr maximale Aufmerksamkeit. Erschlie\u00dfen Sie SEO-Vorteile f\u00fcr eine verbesserte Online-Pr\u00e4senz: ZazaPay genie\u00dft organische Sichtbarkeit durch dominante SEO-Positionierung. Wenn Sie Ihre Pressemitteilung auf unserer Plattform ver\u00f6ffentlichen, generieren Sie <a title=\"Hochwertige Backlinks\" href=\"https:\/\/zazapay.us\/de\/produkt\/tier-2-backlinks\/\">hochqualitative Backlinks<\/a> und beschleunigen ihr Erscheinen in den wichtigsten Suchmaschinen.<\/p>\n\t\t\t\t\t\t\t\t<\/div>\n\t\t\t\t<\/div>\n\t\t\t\t<div class=\"elementor-element elementor-element-af15a55 elementor-widget elementor-widget-button\" data-id=\"af15a55\" data-element_type=\"widget\" data-e-type=\"widget\" data-widget_type=\"button.default\">\n\t\t\t\t<div class=\"elementor-widget-container\">\n\t\t\t\t\t\t\t\t\t<div class=\"elementor-button-wrapper\">\n\t\t\t\t\t<a class=\"elementor-button elementor-button-link elementor-size-sm elementor-animation-skew-forward\" href=\"https:\/\/zazapay.us\/sample-report\/\">\n\t\t\t\t\t\t<span class=\"elementor-button-content-wrapper\">\n\t\t\t\t\t\t<span class=\"elementor-button-icon\">\n\t\t\t\t<i aria-hidden=\"true\" class=\"et-icon et-right-arrow-2\"><\/i>\t\t\t<\/span>\n\t\t\t\t\t\t\t\t\t<span class=\"elementor-button-text\">Musterbericht<\/span>\n\t\t\t\t\t<\/span>\n\t\t\t\t\t<\/a>\n\t\t\t\t<\/div>\n\t\t\t\t\t\t\t\t<\/div>\n\t\t\t\t<\/div>\n\t\t\t\t\t<\/div>\n\t\t<\/div>\n\t\t\t\t\t<\/div>\n\t\t<\/section>\n\t\t\t\t<\/div>\n\t\t","protected":false},"excerpt":{"rendered":"<table class=\"woocommerce-product-attributes shop_attributes\">\n<tbody>\n<tr class=\"woocommerce-product-attributes-item\">\n<th class=\"woocommerce-product-attributes-item__label\">Dienst<\/th>\n<td class=\"woocommerce-product-attributes-item__value\">PR-Verteilung<\/td>\n<\/tr>\n<tr class=\"woocommerce-product-attributes-item\">\n<th class=\"woocommerce-product-attributes-item__label\">\u00dcberarbeitungen<\/th>\n<td class=\"woocommerce-product-attributes-item__value\">2<\/td>\n<\/tr>\n<tr class=\"woocommerce-product-attributes-item\">\n<th class=\"woocommerce-product-attributes-item__label\">Newswire<\/th>\n<td class=\"woocommerce-product-attributes-item__value\">500+<\/td>\n<\/tr>\n<tr class=\"woocommerce-product-attributes-item\">\n<th class=\"woocommerce-product-attributes-item__label\">Land<\/th>\n<td class=\"woocommerce-product-attributes-item__value\">  US<\/td>\n<\/tr>\n<tr class=\"woocommerce-product-attributes-item\">\n<th class=\"woocommerce-product-attributes-item__label\">Links<\/th>\n<td class=\"woocommerce-product-attributes-item__value\">3<\/td>\n<\/tr>\n<tr class=\"woocommerce-product-attributes-item\">\n<th class=\"woocommerce-product-attributes-item__label\">Sprache<\/th>\n<td class=\"woocommerce-product-attributes-item__value\">Englisch<\/td>\n<\/tr>\n<\/tbody>\n<\/table>\n","protected":false},"featured_media":4228,"template":"","meta":{"nf_dc_page":""},"etheme_brands":[],"product_brand":[],"product_cat":[167],"product_tag":[169,168],"class_list":{"0":"post-3859","1":"product","2":"type-product","3":"status-publish","4":"has-post-thumbnail","6":"product_cat-presseinformation","7":"product_tag-presseinformation","8":"product_tag-verteilung-von-pressemitteilungen","9":"pa_package-extra-de","10":"pa_package-professionell","11":"pa_package-starter-de","13":"first","14":"instock","15":"shipping-taxable","16":"purchasable","17":"product-type-variable"},"_links":{"self":[{"href":"https:\/\/zazapay.us\/de\/wp-json\/wp\/v2\/product\/3859","targetHints":{"allow":["GET"]}}],"collection":[{"href":"https:\/\/zazapay.us\/de\/wp-json\/wp\/v2\/product"}],"about":[{"href":"https:\/\/zazapay.us\/de\/wp-json\/wp\/v2\/types\/product"}],"version-history":[{"count":4,"href":"https:\/\/zazapay.us\/de\/wp-json\/wp\/v2\/product\/3859\/revisions"}],"predecessor-version":[{"id":4279,"href":"https:\/\/zazapay.us\/de\/wp-json\/wp\/v2\/product\/3859\/revisions\/4279"}],"wp:featuredmedia":[{"embeddable":true,"href":"https:\/\/zazapay.us\/de\/wp-json\/wp\/v2\/media\/4228"}],"wp:attachment":[{"href":"https:\/\/zazapay.us\/de\/wp-json\/wp\/v2\/media?parent=3859"}],"wp:term":[{"taxonomy":"brand","embeddable":true,"href":"https:\/\/zazapay.us\/de\/wp-json\/wp\/v2\/etheme_brands?post=3859"},{"taxonomy":"product_brand","embeddable":true,"href":"https:\/\/zazapay.us\/de\/wp-json\/wp\/v2\/product_brand?post=3859"},{"taxonomy":"product_cat","embeddable":true,"href":"https:\/\/zazapay.us\/de\/wp-json\/wp\/v2\/product_cat?post=3859"},{"taxonomy":"product_tag","embeddable":true,"href":"https:\/\/zazapay.us\/de\/wp-json\/wp\/v2\/product_tag?post=3859"}],"curies":[{"name":"wp","href":"https:\/\/api.w.org\/{rel}","templated":true}]}}