{"id":3462,"date":"2023-09-29T09:09:44","date_gmt":"2023-09-29T13:09:44","guid":{"rendered":"https:\/\/zazapay.us\/temas-aceptados\/"},"modified":"2023-10-18T05:48:36","modified_gmt":"2023-10-18T09:48:36","slug":"temas-aceptados","status":"publish","type":"page","link":"https:\/\/zazapay.us\/es\/temas-aceptados\/","title":{"rendered":"Temas aceptados"},"content":{"rendered":"\t\t<div data-elementor-type=\"wp-page\" data-elementor-id=\"3462\" class=\"elementor elementor-3462 elementor-2518\">\n\t\t\t\t<div class=\"elementor-element elementor-element-1c3d1092 e-flex e-con-boxed e-con e-parent\" data-id=\"1c3d1092\" data-element_type=\"container\" data-e-type=\"container\">\n\t\t\t\t\t<div class=\"e-con-inner\">\n\t\t\t\t<div class=\"elementor-element elementor-element-1b3f16ee elementor-widget elementor-widget-text-editor\" data-id=\"1b3f16ee\" data-element_type=\"widget\" data-e-type=\"widget\" data-widget_type=\"text-editor.default\">\n\t\t\t\t<div class=\"elementor-widget-container\">\n\t\t\t\t\t\t\t\t\t<p><\/p>\n<h2>Temas aceptados<\/h2>\n<p>Estamos abiertos a cubrir una amplia gama de temas; sin embargo, hay ciertas materias que no podemos acomodar. Estas exclusiones abarcan:<\/p>\n<ol>\n<li>\n<p><strong>Contenido para adultos:<\/strong> Se refiere a cualquier material u oferta que incluya temas, productos o servicios para adultos.<\/p>\n<\/li>\n<li>\n<p><strong>Juegos de azar:<\/strong> Nos abstenemos de cualquier contenido relacionado con los juegos de azar o el acto de apostar dinero.<\/p>\n<\/li>\n<li>\n<p><strong>Gobierno:<\/strong> Nuestra plataforma se abstiene de entrar en discusiones relativas a departamentos gubernamentales, personal, pol\u00edtica o pol\u00edticos.<\/p>\n<\/li>\n<li>\n<p><strong>Prensa negativa:<\/strong> No publicamos ning\u00fan contenido que arroje una luz negativa sobre personas, sitios web o empresas.<\/p>\n<\/li>\n<li>\n<p><strong>Terceros:<\/strong> Cualquier contenido que mencione empresas o personas externas queda fuera de nuestra cobertura.<\/p>\n<\/li>\n<li>\n<p><strong>Armas:<\/strong> Nuestro \u00e1mbito de aplicaci\u00f3n no se extiende a los contenidos centrados en armas o municiones.<\/p>\n<\/li>\n<\/ol>\n<p>Por otro lado, nuestra Red B\u00e1sica de Noticias est\u00e1 adaptada para dar cabida a temas espec\u00edficos, entre los que se incluyen:<\/p>\n<ul>\n<li><strong>Adquisiciones \/ Fusiones \/ Asociaciones \/ Patrocinios<\/strong><\/li>\n<li><strong>Cirug\u00edas est\u00e9ticas<\/strong><\/li>\n<li><strong>Alcohol<\/strong><\/li>\n<li><strong>Medicina alternativa \/ Metaf\u00edsica<\/strong> (incluidos temas como la videncia, las cartas del tarot, los cristales curativos, etc.)<\/li>\n<li><strong>Criptomoneda<\/strong><\/li>\n<li><strong>Citas<\/strong><\/li>\n<li><strong>Operaciones financieras<\/strong> (Forex, opciones, binarias, etc.)<\/li>\n<li><strong>Servicios de recuperaci\u00f3n de estafas y fraudes<\/strong><\/li>\n<li><strong>Retransmisi\u00f3n en directo<\/strong><\/li>\n<li><strong>Asuntos jur\u00eddicos<\/strong><\/li>\n<li><strong>Marihuana legal \/ CBD<\/strong><\/li>\n<li><strong>M\u00fasica con etiquetas de contenido expl\u00edcito<\/strong><\/li>\n<li><strong>Farmacia \/ Drogas legales<\/strong><\/li>\n<li><strong>Religi\u00f3n<\/strong><\/li>\n<li><strong>Venta de interacciones en redes sociales<\/strong><\/li>\n<li><strong>Suplementos<\/strong><\/li>\n<li><strong>Ba\u00f1adores \/ Ropa interior \/ Mallas<\/strong><\/li>\n<\/ul>\n<p><em>Tenga en cuenta que los temas que no figuran en la lista anterior pueden publicarse en All News Network.<\/em><\/p>\n<p>Nos comprometemos a ofrecer valor a nuestros clientes y, en caso de que no podamos publicar un art\u00edculo relacionado con su negocio, le ofrecemos una completa garant\u00eda de devoluci\u00f3n del dinero. Su satisfacci\u00f3n es nuestra prioridad.<\/p>\n<p><\/p>\t\t\t\t\t\t\t\t<\/div>\n\t\t\t\t<\/div>\n\t\t\t\t\t<\/div>\n\t\t\t\t<\/div>\n\t\t\t\t<\/div>\n\t\t","protected":false},"excerpt":{"rendered":"<p>Temas aceptados Estamos abiertos a cubrir una amplia gama de temas; sin embargo, hay ciertas materias que no podemos acomodar. Estas exclusiones abarcan: Contenido para<\/p>\n","protected":false},"author":1,"featured_media":0,"parent":0,"menu_order":0,"comment_status":"closed","ping_status":"open","template":"","meta":{"nf_dc_page":"","footnotes":""},"class_list":["post-3462","page","type-page","status-publish","hentry"],"_links":{"self":[{"href":"https:\/\/zazapay.us\/es\/wp-json\/wp\/v2\/pages\/3462","targetHints":{"allow":["GET"]}}],"collection":[{"href":"https:\/\/zazapay.us\/es\/wp-json\/wp\/v2\/pages"}],"about":[{"href":"https:\/\/zazapay.us\/es\/wp-json\/wp\/v2\/types\/page"}],"author":[{"embeddable":true,"href":"https:\/\/zazapay.us\/es\/wp-json\/wp\/v2\/users\/1"}],"replies":[{"embeddable":true,"href":"https:\/\/zazapay.us\/es\/wp-json\/wp\/v2\/comments?post=3462"}],"version-history":[{"count":5,"href":"https:\/\/zazapay.us\/es\/wp-json\/wp\/v2\/pages\/3462\/revisions"}],"predecessor-version":[{"id":3993,"href":"https:\/\/zazapay.us\/es\/wp-json\/wp\/v2\/pages\/3462\/revisions\/3993"}],"wp:attachment":[{"href":"https:\/\/zazapay.us\/es\/wp-json\/wp\/v2\/media?parent=3462"}],"curies":[{"name":"wp","href":"https:\/\/api.w.org\/{rel}","templated":true}]}}