{"id":3535,"date":"2023-09-13T05:50:21","date_gmt":"2023-09-13T09:50:21","guid":{"rendered":"https:\/\/zazapay.us\/condiciones-generales\/"},"modified":"2023-10-17T14:58:08","modified_gmt":"2023-10-17T18:58:08","slug":"condiciones-generales","status":"publish","type":"page","link":"https:\/\/zazapay.us\/es\/condiciones-generales\/","title":{"rendered":"Condiciones generales"},"content":{"rendered":"\t\t<div data-elementor-type=\"wp-page\" data-elementor-id=\"3535\" class=\"elementor elementor-3535 elementor-2212\">\n\t\t\t\t<div class=\"elementor-element elementor-element-1c3d1092 e-flex e-con-boxed e-con e-parent\" data-id=\"1c3d1092\" data-element_type=\"container\" data-e-type=\"container\">\n\t\t\t\t\t<div class=\"e-con-inner\">\n\t\t\t\t<div class=\"elementor-element elementor-element-1b3f16ee elementor-widget elementor-widget-text-editor\" data-id=\"1b3f16ee\" data-element_type=\"widget\" data-e-type=\"widget\" data-widget_type=\"text-editor.default\">\n\t\t\t\t<div class=\"elementor-widget-container\">\n\t\t\t\t\t\t\t\t\t<p><\/p>\n<h2>Condiciones de uso<\/h2>\n<p><span style=\"font-weight: 400;\">Este Acuerdo de T\u00e9rminos y Condiciones (este &#8220;Acuerdo&#8221;) contiene los t\u00e9rminos y condiciones completos que se aplican al uso de un individuo o entidad de los servicios web ZazaPay.us (los &#8220;Servicios&#8221;).<\/span><\/p>\n<p><span style=\"font-weight: 400;\">Usted es responsable de tomar todas las precauciones razonables para garantizar que los materiales publicados en su sitio no violen o infrinjan los derechos de terceros (incluyendo, por ejemplo, derechos de autor, marcas registradas, privacidad u otros derechos personales o de propiedad).<\/span><\/p>\n<p><span style=\"font-weight: 400;\">Tal como se utiliza en el presente Acuerdo, &#8220;Nosotros&#8221; significa ZazaPay.us, &#8220;Usted&#8221; significa el solicitante, &#8220;Sitio&#8221; significa un sitio web en todo el mundo, &#8220;Enlaces&#8221; significa los enlaces, titulares y nombres de fuentes entregados por ZazaPay.us como parte de los Servicios, y &#8220;Editores&#8221; se refiere a los creadores de los art\u00edculos a los que apuntamos.<\/span><\/p>\n<h2><span style=\"font-weight: 400;\">Exclusi\u00f3n de garant\u00edas<\/span><\/h2>\n<p><span style=\"font-weight: 400;\">Declinamos toda responsabilidad por la exactitud, el contenido, la integridad, la legalidad, la fiabilidad o la disponibilidad de la informaci\u00f3n o el material que aparecen en nuestro sitio web. ZazaPay.us se exime de cualquier responsabilidad por la supresi\u00f3n, falta de almacenamiento o entrega de cualquier material.<\/span><\/p>\n<p><span style=\"font-weight: 400;\">ZazaPay.us declina toda responsabilidad por cualquier da\u00f1o resultante del acceso a cualquier material en Internet a trav\u00e9s del servicio.<\/span><\/p>\n<p><span style=\"font-weight: 400;\">Usted reconoce que los Servicios contienen enlaces, descripciones y otros materiales (colectivamente, los &#8220;Enlaces&#8221;) que est\u00e1n protegidos por derechos de autor, marcas registradas u otros derechos de propiedad de ZazaPay.us y terceros proveedores de contenido.<\/span><\/p>\n<p><span style=\"font-weight: 400;\">No seremos responsables de da\u00f1os indirectos, especiales o consecuentes (o cualquier p\u00e9rdida de ingresos, beneficios o datos) que surjan en relaci\u00f3n con este Contrato o los Servicios, incluso si hemos sido advertidos de la posibilidad de tales da\u00f1os. Adem\u00e1s, nos indemnizar\u00e1 y nos mantendr\u00e1 indemnes de todas las reclamaciones, da\u00f1os y gastos (incluidos, entre otros, los honorarios de abogados) relacionados con el uso de los Servicios en su Sitio de forma distinta a la estipulada en los t\u00e9rminos y condiciones del presente Acuerdo.<\/span><\/p>\n<p><span style=\"font-weight: 400;\">LOS SERVICIOS ZazaPay.us, Y TODOS LOS MATERIALES, INFORMACION, PRODUCTOS Y SERVICIOS INCLUIDOS EN LOS SERVICIOS ZazaPay.us SE PROPORCIONAN &#8220;TAL CUAL&#8221;, SIN GARANTIA ALGUNA. ZazaPay.us Y SUS LICENCIATARIOS EXPRESAMENTE RECHAZAN EN LA MEDIDA PERMITIDA POR LA LEY TODA GARANTIA EXPRESA, IMPLICADA Y ESTATUTARIA, INCLUYENDO, SIN LIMITACION, LAS GARANTIAS DE COMERCIALIZACION, IDONEIDAD PARA UN PROPOSITO PARTICULAR, Y NO INFRACCION DE DERECHOS DE PROPIEDAD. ZazaPay.us Y SUS LICENCIATARIOS RECHAZAN CUALQUIER GARANT\u00cdA EN CUANTO A LA SEGURIDAD, FIABILIDAD, OPORTUNIDAD Y RENDIMIENTO DE LOS SERVICIOS ZazaPay.us. ZazaPay.us Y SUS LICENCIATARIOS RECHAZAN, CUALQUIER GARANTIA POR CUALQUIER INFORMACION O CONSEJO OBTENIDO A TRAVES DE LOS SERVICIOS ZazaPay.us. ZazaPay.us Y SUS LICENCIADORES RECHAZAN CUALQUIER GARANTIA POR SERVICIOS O BIENES RECIBIDOS A TRAVES DE O ANUNCIADOS EN LOS SERVICIOS ZazaPay.us O RECIBIDOS A TRAVES DE CUALQUIER ENLACE PROPORCIONADO POR LOS SERVICIOS ZazaPay.us, ASI COMO POR CUALQUIER INFORMACION O CONSEJO RECIBIDO A TRAVES DE CUALQUIER ENLACE PROPORCIONADO EN LOS SERVICIOS ZazaPay.us.<\/span><\/p>\n<h2><span style=\"font-weight: 400;\">Cr\u00e9ditos<\/span><\/h2>\n<p><span style=\"font-weight: 400;\">Los cr\u00e9ditos disponibles s\u00f3lo pueden utilizarse en productos y servicios que utilicen cr\u00e9ditos. Los Cr\u00e9ditos ZazaPay no tienen valor monetario y no pueden canjearse por dinero en efectivo. A menos que se indique expl\u00edcitamente, los cr\u00e9ditos para comunicados de prensa individuales tienen una fecha de caducidad de 60 d\u00edas a partir de la fecha de la transacci\u00f3n de compra original. Las suscripciones anuales Value Pack (varios comunicados de prensa en un solo pedido) proporcionar\u00e1n una fecha de caducidad basada en el n\u00famero de cr\u00e9ditos adquiridos hasta una fecha de caducidad de 365 d\u00edas a partir de la fecha de compra de la suscripci\u00f3n original.<\/span><\/p>\n<p><span style=\"font-weight: 400;\">Adem\u00e1s, a la sola discreci\u00f3n de ZazaPay, podemos modificar la oferta de productos e incluir servicios relacionados con los cr\u00e9ditos pre-comprados. Todos los cr\u00e9ditos actuales recibir\u00e1n un valor igual o superior con cualquier cambio relacionado con canales de distribuci\u00f3n espec\u00edficos o puntos finales de los medios de comunicaci\u00f3n. Haremos todo lo posible por avisarle con antelaci\u00f3n, pero no podemos garantizar ning\u00fan plazo espec\u00edfico para los cambios basados en el aviso inicial.<\/span><\/p>\n<h2><span style=\"font-weight: 400;\">Contratos y acuerdos<\/span><\/h2>\n<p><span style=\"font-weight: 400;\">Todos los contratos, acuerdos y suscripciones Value Pack ejecutados en su totalidad se renovar\u00e1n autom\u00e1ticamente por un a\u00f1o adicional al finalizar el plazo de servicio establecido, a menos que se notifique la cancelaci\u00f3n por escrito 30 d\u00edas antes de la fecha de renovaci\u00f3n.<\/span><\/p>\n<p><span style=\"font-weight: 400;\">Si en alg\u00fan momento, los pagos recurrentes de un contrato establecido no pueden ser completados con \u00e9xito a trav\u00e9s del procesador ZazaPay, nos pondremos en contacto contigo inmediatamente para ayudarte a resolver el problema. Si el pago no se ha resuelto en un plazo de 10 d\u00edas a partir del incumplimiento inicial, el importe total del contrato vencer\u00e1 y ser\u00e1 pagadero inmediatamente. Si esto ocurriera, ZazaPay proporcionar\u00e1 una factura final por los servicios que devengar\u00e1 intereses a una tasa del 1,5% mensual hasta que se resuelva. Adem\u00e1s, ZazaPay puede perseguir todas las oportunidades disponibles en virtud del C\u00f3digo Uniforme de Comercio (UCC) para cobrar el importe total debido a incumplimiento de contrato.<\/span><\/p>\n<p><span style=\"font-weight: 400;\">Planes mensuales y anuales sin contrato: Las cuentas que contraten un plan mensual o anual sin contrato espec\u00edfico se regir\u00e1n por las condiciones est\u00e1ndar de renovaci\u00f3n autom\u00e1tica. Si no se recibe la cancelaci\u00f3n antes del siguiente per\u00edodo de renovaci\u00f3n seg\u00fan lo establecido en la cuenta del cliente, ZazaPay no tendr\u00e1 ninguna obligaci\u00f3n de proporcionar un reembolso para ese per\u00edodo de renovaci\u00f3n.<\/span><\/p>\n<h2><span style=\"font-weight: 400;\">Asignaci\u00f3n<\/span><\/h2>\n<p><span style=\"font-weight: 400;\">Ninguna de las partes podr\u00e1 ceder el presente Acuerdo, o cualquiera de sus intereses en el mismo, sin el consentimiento previo por escrito de la otra parte, consentimiento que no podr\u00e1 denegarse ni retrasarse injustificadamente; no obstante, no se exigir\u00e1 dicha aprobaci\u00f3n previa para una cesi\u00f3n. (a) en relaci\u00f3n con la venta de la totalidad o la pr\u00e1ctica totalidad de las actividades de una de las partes relacionadas con el objeto del presente Acuerdo, (b) en relaci\u00f3n con cualquier fusi\u00f3n, venta de una participaci\u00f3n mayoritaria u otro cambio de control de dicha parte, o (c) La cesi\u00c3\u00b3n de ZazaPay de la totalidad o parte de sus obligaciones en virtud del presente Acuerdo a un afiliado. Sin perjuicio de cualquier disposici\u00f3n en contrario contenida en el presente documento, el Cliente no podr\u00e1 ceder el presente Contrato (ya sea mediante venta de activos, fusi\u00f3n o cambio de control) a ning\u00fan Competidor Directo del Emisor. El presente Acuerdo se aplica y vincula a los sucesores y cesionarios autorizados de las partes.<\/span><\/p>\n<h2><span style=\"font-weight: 400;\">Cambios en las condiciones de servicio<\/span><\/h2>\n<p><span style=\"font-weight: 400;\">Podemos modificar nuestros servicios de vez en cuando, por cualquier motivo y sin previo aviso. Nos reservamos el derecho a poner fin a este servicio con o sin previo aviso, sin responsabilidad para con usted, cualquier otro usuario o terceros. Nos reservamos el derecho a modificar estas Condiciones del servicio de vez en cuando sin previo aviso. Por favor, revise estas Condiciones de Servicio de vez en cuando para conocer los cambios de este acuerdo.<\/span><\/p>\n<h2><span style=\"font-weight: 400;\">Compromiso de servicio ZazaPay<\/span><\/h2>\n<p><span style=\"font-weight: 400;\">En ZazaPay, nuestro objetivo es la satisfacci\u00f3n de nuestros clientes. Trabajamos incansablemente para garantizar los mejores resultados posibles y nos comprometemos a ofrecer la m\u00e1xima calidad de servicio y a procesar su comunicado de prensa de forma puntual y profesional. ZazaPay no puede garantizar los resultados de la clasificaci\u00f3n en los motores de b\u00fasqueda, la colocaci\u00f3n espec\u00edfica o el uso de los medios de comunicaci\u00f3n de su comunicado de prensa. Si tiene alguna duda relacionada con el rendimiento de su comunicado de prensa, p\u00f3ngase en contacto con nuestro equipo de Atenci\u00f3n al Cliente (support@zazapay.us) para que podamos hacer todo lo posible por ayudarle a resolver el problema o tomar las medidas oportunas en relaci\u00f3n con una solicitud de reembolso.<\/span><\/p>\n<h2><span style=\"font-weight: 400;\">Varios<\/span><\/h2>\n<p><span style=\"font-weight: 400;\">Estas Condiciones del servicio se regir\u00e1n e interpretar\u00e1n de acuerdo con las leyes de EE.UU., sin dar efecto a su conflicto de disposiciones legales o su estado real o pa\u00eds de residencia. Si, por cualquier motivo, un tribunal de la jurisdicci\u00f3n competente considera que alguna disposici\u00f3n o parte de las Condiciones del servicio no es aplicable, el resto de las Condiciones del servicio continuar\u00e1n en pleno vigor y efecto.<\/span><\/p>\n<p><span style=\"font-weight: 400;\">Las presentes Condiciones del servicio constituyen el acuerdo \u00edntegro entre las partes con respecto al objeto de las mismas y sustituyen y reemplazan a todos los acuerdos o pactos anteriores o contempor\u00e1neos, escritos u orales, relativos a dicho objeto.<\/span><\/p>\n<p><\/p>\t\t\t\t\t\t\t\t<\/div>\n\t\t\t\t<\/div>\n\t\t\t\t\t<\/div>\n\t\t\t\t<\/div>\n\t\t\t\t<\/div>\n\t\t","protected":false},"excerpt":{"rendered":"<p>Condiciones de uso Este Acuerdo de T\u00e9rminos y Condiciones (este &#8220;Acuerdo&#8221;) contiene los t\u00e9rminos y condiciones completos que se aplican al uso de un individuo<\/p>\n","protected":false},"author":1,"featured_media":0,"parent":0,"menu_order":0,"comment_status":"closed","ping_status":"open","template":"","meta":{"nf_dc_page":"","footnotes":""},"class_list":["post-3535","page","type-page","status-publish","hentry"],"_links":{"self":[{"href":"https:\/\/zazapay.us\/es\/wp-json\/wp\/v2\/pages\/3535","targetHints":{"allow":["GET"]}}],"collection":[{"href":"https:\/\/zazapay.us\/es\/wp-json\/wp\/v2\/pages"}],"about":[{"href":"https:\/\/zazapay.us\/es\/wp-json\/wp\/v2\/types\/page"}],"author":[{"embeddable":true,"href":"https:\/\/zazapay.us\/es\/wp-json\/wp\/v2\/users\/1"}],"replies":[{"embeddable":true,"href":"https:\/\/zazapay.us\/es\/wp-json\/wp\/v2\/comments?post=3535"}],"version-history":[{"count":3,"href":"https:\/\/zazapay.us\/es\/wp-json\/wp\/v2\/pages\/3535\/revisions"}],"predecessor-version":[{"id":3558,"href":"https:\/\/zazapay.us\/es\/wp-json\/wp\/v2\/pages\/3535\/revisions\/3558"}],"wp:attachment":[{"href":"https:\/\/zazapay.us\/es\/wp-json\/wp\/v2\/media?parent=3535"}],"curies":[{"name":"wp","href":"https:\/\/api.w.org\/{rel}","templated":true}]}}