{"id":3575,"date":"2023-09-26T15:26:49","date_gmt":"2023-09-26T19:26:49","guid":{"rendered":"https:\/\/zazapay.us\/directrices\/"},"modified":"2023-10-17T14:58:35","modified_gmt":"2023-10-17T18:58:35","slug":"directrices","status":"publish","type":"page","link":"https:\/\/zazapay.us\/es\/directrices\/","title":{"rendered":"Directrices"},"content":{"rendered":"\t\t<div data-elementor-type=\"wp-page\" data-elementor-id=\"3575\" class=\"elementor elementor-3575 elementor-2445\">\n\t\t\t\t<div class=\"elementor-element elementor-element-1c3d1092 e-flex e-con-boxed e-con e-parent\" data-id=\"1c3d1092\" data-element_type=\"container\" data-e-type=\"container\">\n\t\t\t\t\t<div class=\"e-con-inner\">\n\t\t\t\t<div class=\"elementor-element elementor-element-1b3f16ee elementor-widget elementor-widget-text-editor\" data-id=\"1b3f16ee\" data-element_type=\"widget\" data-e-type=\"widget\" data-widget_type=\"text-editor.default\">\n\t\t\t\t<div class=\"elementor-widget-container\">\n\t\t\t\t\t\t\t\t\t<p><\/p>\n<h2>Directrices para los comunicados de prensa<\/h2>\n<p><span style=\"font-weight: 400;\">El equipo editorial de ZazaPay eval\u00faa cuidadosamente todos los comunicados de prensa para asegurarse de que se ajustan a nuestras directrices establecidas y aportan valor a los medios de comunicaci\u00f3n y a los lectores potenciales. Los env\u00edos a ZazaPay deben tener un \u00e1ngulo noticiable, carecer de contenido publicitario y seguir el formato AP recomendado para agilizar el proceso de aprobaci\u00f3n.<\/span><\/p>\n<p><span style=\"font-weight: 400;\">Los comunicados de prensa enviados a ZazaPay deben poseer los siguientes atributos:<\/span><\/p>\n<ol>\n<li style=\"font-weight: 400;\" aria-level=\"1\"><b>Atribuci\u00f3n clara de la fuente:<\/b><span style=\"font-weight: 400;\"> El nombre de la fuente del comunicado de prensa debe incluirse en el titular, el resumen o el primer p\u00e1rrafo para presentar claramente la fuente de la informaci\u00f3n.<\/span><\/li>\n<li style=\"font-weight: 400;\" aria-level=\"1\"><b>Informaci\u00f3n de contacto v\u00e1lida:<\/b><span style=\"font-weight: 400;\"> La informaci\u00f3n de contacto debe incluir una direcci\u00f3n de correo electr\u00f3nico v\u00e1lida y, en algunos casos, pueden ser necesarios detalles adicionales como el nombre y el n\u00famero de tel\u00e9fono del contacto directo con los medios para determinadas opciones de distribuci\u00f3n.<\/span><\/li>\n<li style=\"font-weight: 400;\" aria-level=\"1\"><b>Tono objetivo:<\/b><span style=\"font-weight: 400;\"> Los comunicados de prensa de ZazaPay deben abstenerse de utilizar palabras altisonantes, lenguaje en primera persona (por ejemplo, &#8220;t\u00fa&#8221;, &#8220;yo&#8221;, &#8220;nosotros&#8221;) o excesivos signos de exclamaci\u00f3n y may\u00fasculas, asegur\u00e1ndose de mantener un tono informativo cre\u00edble.<\/span><\/li>\n<li style=\"font-weight: 400;\" aria-level=\"1\"><b>Oportunidad y actualidad:<\/b><span style=\"font-weight: 400;\">  Los comunicados de prensa deben centrarse en contenidos oportunos y de inter\u00e9s period\u00edstico, como lanzamientos de productos, eventos del sector, premios, aperturas de tiendas, asociaciones o estudios de investigaci\u00f3n. El \u00e1ngulo de la noticia debe ser evidente en el titular.<\/span><\/li>\n<li style=\"font-weight: 400;\" aria-level=\"1\"><b>Ortograf\u00eda y gram\u00e1tica correctas:<\/b><span style=\"font-weight: 400;\"> Mantenga una gram\u00e1tica, ortograf\u00eda, puntuaci\u00f3n, abreviaturas, acr\u00f3nimos, espaciado entre frases y may\u00fasculas correctos en todo el comunicado de prensa.<\/span><\/li>\n<li style=\"font-weight: 400;\" aria-level=\"1\"><b>Exactitud e informaci\u00f3n objetiva:<\/b><span style=\"font-weight: 400;\"> Toda la informaci\u00f3n presentada en el comunicado de prensa debe ser exacta desde el punto de vista jur\u00eddico y f\u00e1ctico.<\/span><\/li>\n<li style=\"font-weight: 400;\" aria-level=\"1\"><b>Autorizaci\u00f3n por escrito:<\/b><span style=\"font-weight: 400;\"> En casos espec\u00edficos, como la comercializaci\u00f3n de redes o anuncios corporativos importantes, ZazaPay puede requerir la autorizaci\u00f3n por escrito de un ejecutivo de la empresa antes de aprobar un comunicado de prensa para su distribuci\u00f3n.<\/span><\/li>\n<li style=\"font-weight: 400;\" aria-level=\"1\"><b>Extensi\u00f3n est\u00e1ndar:<\/b><span style=\"font-weight: 400;\"> Procure que el comunicado de prensa tenga una extensi\u00f3n est\u00e1ndar de aproximadamente 650-1500 palabras para garantizar una distribuci\u00f3n eficaz.<\/span><\/li>\n<li style=\"font-weight: 400;\" aria-level=\"1\"><b>Enlaces precisos y funcionales:<\/b><span style=\"font-weight: 400;\"> Aseg\u00farese de que todos los enlaces de la publicaci\u00f3n est\u00e1n activos y funcionan antes de enviarla.<\/span><\/li>\n<\/ol>\n<p><span style=\"font-weight: 400;\">ZazaPay se reserva el derecho de rechazar, retener o solicitar cambios en los comunicados de prensa que contengan los siguientes tipos de contenido:<\/span><\/p>\n<ul>\n<li style=\"font-weight: 400;\" aria-level=\"1\"><b>Contenido para adultos:<\/b><span style=\"font-weight: 400;\"> No se permiten comunicados de prensa con contenido sexual expl\u00edcito.<\/span><\/li>\n<li style=\"font-weight: 400;\" aria-level=\"1\"><b>Marketing de afiliaci\u00f3n:<\/b><span style=\"font-weight: 400;\"> Los comunicados que promocionen productos de marketing de afiliaci\u00f3n pueden ser rechazados.<\/span><\/li>\n<li style=\"font-weight: 400;\" aria-level=\"1\"><b>Blackhat SEO:<\/b><span style=\"font-weight: 400;\"> ZazaPay no permite t\u00e1cticas de Blackhat SEO o comunicados que las promuevan.<\/span><\/li>\n<li style=\"font-weight: 400;\" aria-level=\"1\"><b>Publicidad descarada:<\/b><span style=\"font-weight: 400;\"> Los comunicados de baja calidad considerados como publicidad por el equipo editorial pueden no ser aceptados.<\/span><\/li>\n<li style=\"font-weight: 400;\" aria-level=\"1\"><b>S\u00edmbolos burs\u00e1tiles no autorizados:<\/b><span style=\"font-weight: 400;\"> Los comunicados con s\u00edmbolos de cotizaci\u00f3n en bolsa deben contar con la autorizaci\u00f3n por escrito de la empresa en cuesti\u00f3n si proceden de un tercero.<\/span><\/li>\n<li style=\"font-weight: 400;\" aria-level=\"1\"><b>Contenido sobre criptomonedas y OIC:<\/b><span style=\"font-weight: 400;\"> El contenido relacionado con las ICO y las criptomonedas est\u00e1 sujeto a una revisi\u00f3n exhaustiva, que en algunos casos incluye informaci\u00f3n adicional.<\/span><\/li>\n<li style=\"font-weight: 400;\" aria-level=\"1\"><b>Informaci\u00f3n falsa:<\/b><span style=\"font-weight: 400;\"> Los env\u00edos deben contener \u00fanicamente informaci\u00f3n objetiva y precisa.<\/span><\/li>\n<li style=\"font-weight: 400;\" aria-level=\"1\"><b>Intenciones perjudiciales y declaraciones negativas:<\/b><span style=\"font-weight: 400;\"> No se publicar\u00e1n comunicados destinados a da\u00f1ar, incitar al odio o hacer declaraciones negativas sobre grupos o individuos espec\u00edficos.<\/span><\/li>\n<li style=\"font-weight: 400;\" aria-level=\"1\"><b>Productos o actividades ilegales:<\/b><span style=\"font-weight: 400;\"> No se aceptar\u00e1n comunicados que promocionen productos ilegales o participen en actividades ilegales.<\/span><\/li>\n<li style=\"font-weight: 400;\" aria-level=\"1\"><b>Declaraciones incendiarias:<\/b><span style=\"font-weight: 400;\"> Se rechazar\u00e1n los comunicados que contengan declaraciones incendiarias.<\/span><\/li>\n<li style=\"font-weight: 400;\" aria-level=\"1\"><b>Contenido difamatorio:<\/b><span style=\"font-weight: 400;\"> El contenido que pueda incluir declaraciones perjudiciales para una persona o empresa ser\u00e1 revisado y no podr\u00e1 publicarse.<\/span><\/li>\n<li style=\"font-weight: 400;\" aria-level=\"1\"><b>Litigios:<\/b><span style=\"font-weight: 400;\"> Los comunicados en los que se habla de litigios se eval\u00faan caso por caso, y los comunicados de litigios cerrados requieren una documentaci\u00f3n adecuada y un tono neutral y objetivo.<\/span><\/li>\n<\/ul>\n<p><span style=\"font-weight: 400;\">Aseg\u00farese de que su comunicado de prensa cumple estas directrices antes de enviarlo a ZazaPay para que el proceso de revisi\u00f3n y aprobaci\u00f3n sea m\u00e1s fluido.<\/span><\/p>\n<p><\/p>\t\t\t\t\t\t\t\t<\/div>\n\t\t\t\t<\/div>\n\t\t\t\t\t<\/div>\n\t\t\t\t<\/div>\n\t\t\t\t<\/div>\n\t\t","protected":false},"excerpt":{"rendered":"<p>Directrices para los comunicados de prensa El equipo editorial de ZazaPay eval\u00faa cuidadosamente todos los comunicados de prensa para asegurarse de que se ajustan a<\/p>\n","protected":false},"author":1,"featured_media":0,"parent":0,"menu_order":0,"comment_status":"closed","ping_status":"closed","template":"","meta":{"nf_dc_page":"","footnotes":""},"class_list":["post-3575","page","type-page","status-publish","hentry"],"_links":{"self":[{"href":"https:\/\/zazapay.us\/es\/wp-json\/wp\/v2\/pages\/3575","targetHints":{"allow":["GET"]}}],"collection":[{"href":"https:\/\/zazapay.us\/es\/wp-json\/wp\/v2\/pages"}],"about":[{"href":"https:\/\/zazapay.us\/es\/wp-json\/wp\/v2\/types\/page"}],"author":[{"embeddable":true,"href":"https:\/\/zazapay.us\/es\/wp-json\/wp\/v2\/users\/1"}],"replies":[{"embeddable":true,"href":"https:\/\/zazapay.us\/es\/wp-json\/wp\/v2\/comments?post=3575"}],"version-history":[{"count":3,"href":"https:\/\/zazapay.us\/es\/wp-json\/wp\/v2\/pages\/3575\/revisions"}],"predecessor-version":[{"id":3596,"href":"https:\/\/zazapay.us\/es\/wp-json\/wp\/v2\/pages\/3575\/revisions\/3596"}],"wp:attachment":[{"href":"https:\/\/zazapay.us\/es\/wp-json\/wp\/v2\/media?parent=3575"}],"curies":[{"name":"wp","href":"https:\/\/api.w.org\/{rel}","templated":true}]}}