{"id":3592,"date":"2023-10-05T15:39:27","date_gmt":"2023-10-05T19:39:27","guid":{"rendered":"https:\/\/zazapay.us\/seo\/"},"modified":"2023-10-17T14:59:00","modified_gmt":"2023-10-17T18:59:00","slug":"seo","status":"publish","type":"page","link":"https:\/\/zazapay.us\/es\/seo\/","title":{"rendered":"SEO"},"content":{"rendered":"\t\t<div data-elementor-type=\"wp-page\" data-elementor-id=\"3592\" class=\"elementor elementor-3592 elementor-2579\">\n\t\t\t\t<div class=\"elementor-element elementor-element-1c3d1092 e-flex e-con-boxed e-con e-parent\" data-id=\"1c3d1092\" data-element_type=\"container\" data-e-type=\"container\">\n\t\t\t\t\t<div class=\"e-con-inner\">\n\t\t\t\t<div class=\"elementor-element elementor-element-1b3f16ee elementor-widget elementor-widget-text-editor\" data-id=\"1b3f16ee\" data-element_type=\"widget\" data-e-type=\"widget\" data-widget_type=\"text-editor.default\">\n\t\t\t\t<div class=\"elementor-widget-container\">\n\t\t\t\t\t\t\t\t\t<p><\/p>\n<h2>SEO (optimizaci\u00f3n para motores de b\u00fasqueda)<\/h2>\n<p>Antes de iniciar la b\u00fasqueda de una agencia adecuada, formule respuestas a dos preguntas clave:<\/p>\n<h3>\u00bfCu\u00e1nto est\u00e1 dispuesto a pagar? \u00bfQu\u00e9 resultados ideales espera conseguir?<\/h3>\n<p>El presupuesto y el calendario de su promoci\u00f3n depender\u00e1n de estos factores. \u00bfPor qu\u00e9? Vamos a desglosarlo.<\/p>\n<h3>Sobre plazos y resultados<\/h3>\n<p>El SEO es un marat\u00f3n, no un sprint, y se necesita tiempo para ver resultados notables y estables.<\/p>\n<h3>Resultados iniciales (3-4 meses)<\/h3>\n<p>Una vez iniciada la colaboraci\u00f3n con una agencia SEO, deber\u00eda esperar <strong>los primeros resultados en un plazo de 3 a 4 meses<\/strong>. Durante este tiempo, la atenci\u00f3n se centra en analizar el estado actual de su sitio web, corregir errores t\u00e9cnicos, optimizar el contenido y crear una estrategia de promoci\u00f3n inicial. Los cambios reales en las clasificaciones y el tr\u00e1fico no suelen notarse inmediatamente.<\/p>\n<h3>Prueba de hip\u00f3tesis (5-6 meses)<\/h3>\n<p>Tras elaborar una estrategia y obtener unos primeros resultados modestos, los especialistas realizan pruebas de diversas hip\u00f3tesis. Esto es necesario para comprender cu\u00e1les de los cambios aplicados son realmente eficaces y cu\u00e1les deben abandonarse.<br>Durante este periodo, se realiza un seguimiento de las m\u00e9tricas del sitio web, como las posiciones en las SERP, la cantidad y calidad del tr\u00e1fico, las tasas de conversi\u00f3n, etc. Esto permite adaptar la estrategia a los cambios reales en las posiciones y el comportamiento de los usuarios.<\/p>\n<h3>Retorno de la inversi\u00f3n en SEO (1-1,5 a\u00f1os)<\/h3>\n<p>Aunque empiece a notar resultados positivos iniciales a los pocos meses de su campa\u00f1a de SEO, el retorno de la inversi\u00f3n a largo plazo es de vital importancia. \u00bfPor qu\u00e9? Porque el SEO es una inversi\u00f3n en el futuro de su negocio. A lo largo de este periodo de tiempo (1-1,5 a\u00f1os), no s\u00f3lo ver\u00e1 un aumento constante del tr\u00e1fico y las ventas, sino que tambi\u00e9n evaluar\u00e1 c\u00f3mo se comparan sus inversiones en SEO con otras estrategias de marketing.<\/p>\n<p>Ciertamente, estos plazos pueden intimidar. Pero la clave est\u00e1 en comprender que el SEO de calidad lleva su tiempo. Es una inversi\u00f3n que, si se enfoca correctamente, dar\u00e1 resultados estables y a largo plazo.<\/p>\n<h3>Acerca de los precios<\/h3>\n<p>En el sector de la SEO, como en cualquier otro, los precios pueden variar en funci\u00f3n de numerosos factores. En lo que respecta a los precios de los servicios de SEO, es fundamental comprender que no s\u00f3lo se adquiere un paquete de servicios, sino tambi\u00e9n conocimientos especializados.<\/p>\n<h3>Coste y expectativas<\/h3>\n<p>A la hora de determinar su presupuesto de SEO, muchas empresas se preguntan: &#8220;\u00bfCu\u00e1nto costar\u00e1?&#8221;. La respuesta a esta pregunta puede variar en funci\u00f3n de factores como el alcance del trabajo, las caracter\u00edsticas espec\u00edficas de su empresa y los objetivos de promoci\u00f3n.<\/p>\n<p>Empecemos por lo obvio: el coste del servicio suele estar en correlaci\u00f3n con la calidad y el alcance de los servicios prestados. Pero uno de los principios fundamentales es que barato no siempre significa mala calidad, y caro no siempre significa bueno. En lugar de buscar el coste m\u00e1s bajo, preg\u00fantese:<br><em><strong>&#8220;\u00bfQu\u00e9 quiero conseguir, cu\u00e1nto puedo invertir y cu\u00e1les son mis objetivos a largo plazo?&#8221;.<\/strong><\/em><\/p>\n<p>Para que te resulte m\u00e1s f\u00e1cil responder a estas preguntas, puedes establecer algunos rangos de precios medios en el mercado.<\/p>\n<h3>600 &#8211; 1.000 d\u00f3lares al mes<\/h3>\n<p>Para las peque\u00f1as empresas. El presupuesto puede variar, pero muchas empresas de esta categor\u00eda invierten entre 600 y 1.000 d\u00f3lares al mes. Esto suele implicar un trabajo b\u00e1sico de optimizaci\u00f3n y promoci\u00f3n local.<\/p>\n<h3>1.000 &#8211; 2.000 d\u00f3lares al mes.<\/h3>\n<p>Para medianas y grandes empresas. Este tipo de empresas suelen buscar un enfoque m\u00e1s integral del SEO, que incluya una estrategia de marketing de contenidos.<\/p>\n<h3>A partir de 2.000 d\u00f3lares al mes.<\/h3>\n<p>Para grandes proyectos y objetivos ambiciosos. Aqu\u00ed, el coste puede empezar en 2.000 d\u00f3lares e ir subiendo. Suele incluir estrategias integrales, campa\u00f1as multinivel y trabajo en nichos muy competitivos.<\/p>\n<h3>Numerosos factores influyen en el precio<\/h3>\n<p>Recuerde que el precio no s\u00f3lo depende del volumen de trabajo, sino tambi\u00e9n de la complejidad de su proyecto, el estado actual de su sitio web, el entorno competitivo y muchos otros aspectos. Por ejemplo, promocionar un sitio web en una ciudad peque\u00f1a ser\u00e1 mucho m\u00e1s barato que en Nueva York.<\/p>\n<p>Su presupuesto puede ser de cualquier tama\u00f1o, y su magnitud afecta directamente a la velocidad de obtenci\u00f3n de resultados.<\/p>\n<h3>C\u00f3mo elegir una agencia<\/h3>\n<p>Comprender las respuestas a las dos preguntas anteriores (sobre los resultados esperados y cu\u00e1nto est\u00e1 dispuesto a gastar) le proporcionar\u00e1 una idea clara de sus objetivos y expectativas.<\/p>\n<h3>Pero, \u00bfqu\u00e9 viene despu\u00e9s?<\/h3>\n<p>A continuaci\u00f3n figura una lista de criterios est\u00e1ndar que deben tenerse en cuenta al seleccionar una agencia, adem\u00e1s del precio.<\/p>\n<ul>\n<li>Experiencia en su sector. Al elegir una agencia, preste atenci\u00f3n a su experiencia en su sector espec\u00edfico. Cada sector tiene sus particularidades, y una estrategia que funciona para uno puede no ser adecuada para otro.<\/li>\n<li>Casos pr\u00e1cticos. Los casos demuestran la competencia de una agencia. Muestran resultados reales y permiten evaluar el \u00e9xito con que la agencia gestiona las tareas.<\/li>\n<li>Garantizar la experiencia. Puede hacerlo revisando las publicaciones de la agencia en medios sociales, blogs, participaci\u00f3n de expertos en conferencias del sector, cursos educativos y seminarios.<\/li>\n<li>Rese\u00f1as y recomendaciones. No olvides tener en cuenta las opiniones de otros clientes sobre la agencia. Esto le ayudar\u00e1 a comprender el grado de fiabilidad y profesionalidad de su socio potencial.<\/li>\n<li>Las promociones y descuentos pueden ayudarle a encontrar una oferta favorable.<\/li>\n<\/ul>\n<h3>Conclusi\u00f3n<\/h3>\n<p>Elegir un socio para la promoci\u00f3n SEO es, ante todo, una decisi\u00f3n estrat\u00e9gica. Cuando llegue el momento de tomar esta decisi\u00f3n, dos preguntas clave pueden orientarle:<br><em><strong>&#8220;\u00bfCu\u00e1nto est\u00e1 dispuesto a pagar?&#8221; y &#8220;\u00bfQu\u00e9 resultados ideales quiere conseguir?&#8221;.  <\/strong><strong>Estas preguntas no s\u00f3lo ayudan a determinar el presupuesto, sino que tambi\u00e9n brindan la oportunidad de comprender los objetivos que se ha fijado para su futura pareja.<\/strong><\/em><\/p>\n<p>Es esencial darse cuenta de que estas cuestiones est\u00e1n interrelacionadas. Las grandes ambiciones y expectativas requieren las inversiones correspondientes. Sin embargo, a pesar de la importancia del aspecto financiero, lo m\u00e1s crucial es el deseo de obtener un resultado de alta calidad. Aborde la elecci\u00f3n de una agencia SEO de forma consciente, analice la experiencia y la competencia, y su inversi\u00f3n estar\u00e1 justificada. El \u00e9xito de la asociaci\u00f3n y la promoci\u00f3n de su empresa en Internet se basa en preguntas bien formuladas y una perspectiva a largo plazo.<\/p>\n<p><\/p>\t\t\t\t\t\t\t\t<\/div>\n\t\t\t\t<\/div>\n\t\t\t\t\t<\/div>\n\t\t\t\t<\/div>\n\t\t\t\t<\/div>\n\t\t","protected":false},"excerpt":{"rendered":"<p>SEO (optimizaci\u00f3n para motores de b\u00fasqueda) Antes de iniciar la b\u00fasqueda de una agencia adecuada, formule respuestas a dos preguntas clave: \u00bfCu\u00e1nto est\u00e1 dispuesto a<\/p>\n","protected":false},"author":1,"featured_media":0,"parent":0,"menu_order":0,"comment_status":"closed","ping_status":"closed","template":"","meta":{"nf_dc_page":"","footnotes":""},"class_list":["post-3592","page","type-page","status-publish","hentry"],"_links":{"self":[{"href":"https:\/\/zazapay.us\/es\/wp-json\/wp\/v2\/pages\/3592","targetHints":{"allow":["GET"]}}],"collection":[{"href":"https:\/\/zazapay.us\/es\/wp-json\/wp\/v2\/pages"}],"about":[{"href":"https:\/\/zazapay.us\/es\/wp-json\/wp\/v2\/types\/page"}],"author":[{"embeddable":true,"href":"https:\/\/zazapay.us\/es\/wp-json\/wp\/v2\/users\/1"}],"replies":[{"embeddable":true,"href":"https:\/\/zazapay.us\/es\/wp-json\/wp\/v2\/comments?post=3592"}],"version-history":[{"count":5,"href":"https:\/\/zazapay.us\/es\/wp-json\/wp\/v2\/pages\/3592\/revisions"}],"predecessor-version":[{"id":3618,"href":"https:\/\/zazapay.us\/es\/wp-json\/wp\/v2\/pages\/3592\/revisions\/3618"}],"wp:attachment":[{"href":"https:\/\/zazapay.us\/es\/wp-json\/wp\/v2\/media?parent=3592"}],"curies":[{"name":"wp","href":"https:\/\/api.w.org\/{rel}","templated":true}]}}