{"id":3687,"date":"2023-08-30T10:19:41","date_gmt":"2023-08-30T14:19:41","guid":{"rendered":"https:\/\/zazapay.us\/comprar-backlinks-para-seo\/"},"modified":"2023-10-17T15:00:15","modified_gmt":"2023-10-17T19:00:15","slug":"comprar-backlinks-para-seo","status":"publish","type":"page","link":"https:\/\/zazapay.us\/es\/comprar-backlinks-para-seo\/","title":{"rendered":"Comprar backlinks para SEO"},"content":{"rendered":"\t\t<div data-elementor-type=\"wp-page\" data-elementor-id=\"3687\" class=\"elementor elementor-3687 elementor-2179\">\n\t\t\t\t<div class=\"elementor-element elementor-element-1de538b4 e-flex e-con-boxed e-con e-parent\" data-id=\"1de538b4\" data-element_type=\"container\" data-e-type=\"container\">\n\t\t\t\t\t<div class=\"e-con-inner\">\n\t\t\t\t<div class=\"elementor-element elementor-element-3ef076e9 elementor-widget elementor-widget-text-editor\" data-id=\"3ef076e9\" data-element_type=\"widget\" data-e-type=\"widget\" data-widget_type=\"text-editor.default\">\n\t\t\t\t<div class=\"elementor-widget-container\">\n\t\t\t\t\t\t\t\t\t\n<h2 class=\"wp-block-heading\">Comprar backlinks para SEO<\/h2>\n\n<p>\u00bfQuiere llevar su presencia en Internet al siguiente nivel? \u00bfQuiere que su sitio web aparezca mejor posicionado en los resultados de los motores de b\u00fasqueda y atraer m\u00e1s tr\u00e1fico org\u00e1nico? No busque m\u00e1s. Nuestros servicios de backlinks est\u00e1n aqu\u00ed para ayudarle a alcanzar sus objetivos de SEO.<\/p>\n\n<h2 class=\"wp-block-heading\">\u00bfQu\u00e9 son los backlinks?<\/h2>\n\n<p>Los backlinks, tambi\u00e9n conocidos como enlaces entrantes o enlaces entrantes, son enlaces de un sitio web a otro. Desempe\u00f1an un papel crucial en la optimizaci\u00f3n para motores de b\u00fasqueda (SEO) porque buscadores como Google las consideran un voto de confianza. Cuando sitios web reputados enlazan con el suyo, los motores de b\u00fasqueda perciben que su contenido es valioso y fiable, lo que puede mejorar su posici\u00f3n en los buscadores.<\/p>\n\n<h2 class=\"wp-block-heading\">El poder de los backlinks de alta calidad<\/h2>\n\n<p>No todos los v\u00ednculos de retroceso son iguales. Los backlinks de alta calidad procedentes de sitios web con autoridad y relevantes tienen un impacto m\u00e1s significativo en sus esfuerzos de SEO.<\/p>\n\n<p>Estos backlinks pueden:<\/p>\n\n<p>1. Mejora el posicionamiento en buscadores: Los backlinks son uno de los principales factores de clasificaci\u00f3n para los motores de b\u00fasqueda. Cuando su sitio web tiene backlinks de calidad, es m\u00e1s probable que aparezca en la primera p\u00e1gina de los resultados de b\u00fasqueda.<\/p>\n\n<p>2. Atraer tr\u00e1fico org\u00e1nico: A medida que su sitio web escala posiciones en los motores de b\u00fasqueda, se hace m\u00e1s visible para los visitantes potenciales. Esta mayor visibilidad puede traducirse en un flujo constante de tr\u00e1fico org\u00e1nico.<\/p>\n\n<p>3. Construye confianza y credibilidad: Los backlinks de fuentes reputadas pueden mejorar la credibilidad y autoridad de tu sitio web en tu industria o nicho.<\/p>\n\n<p>4. Aumentar las conversiones: M\u00e1s tr\u00e1fico significa m\u00e1s clientes potenciales. Los backlinks de calidad pueden aumentar las tasas de conversi\u00f3n y los ingresos.<\/p>\n\n<h2 class=\"wp-block-heading\">Nuestros servicios de backlinks<\/h2>\n\n<p>Ofrecemos una gama de servicios de backlinks adaptados a sus necesidades espec\u00edficas:<\/p>\n\n<p>1. Publicaci\u00f3n como invitado: Podemos ayudarle a conseguir oportunidades para publicar como invitado en sitios web con autoridad en su sector, incluyendo un v\u00ednculo de retroceso a su sitio dentro del contenido.<\/p>\n\n<p>2. Difusi\u00f3n y creaci\u00f3n de enlaces: Nuestro equipo puede identificar y llegar a sitios web relevantes para la colocaci\u00f3n de enlaces, asegurando que usted obtenga backlinks de alta calidad.<\/p>\n\n<p>3. Creaci\u00f3n de contenidos: Podemos crear contenido valioso y compartible para su sitio web y promocionarlo para atraer backlinks org\u00e1nicos de forma natural.<\/p>\n\n<p>4. An\u00e1lisis de backlinks de la competencia: Analizaremos los perfiles de backlinks de tus competidores para identificar oportunidades de mejora y ayudarte a superarlos.<\/p>\n\n<p>5. <a title=\"Enlaces de nivel 2\" href=\"https:\/\/zazapay.us\/es\/producto\/backlinks-de-nivel-2\/\">Los backlinks de nivel 2<\/a> son una capa secundaria de backlinks que apoyan y refuerzan los backlinks primarios de nivel 1, contribuyendo a una estrategia SEO m\u00e1s completa y eficaz.<\/p>\n\n<h2 class=\"wp-block-heading\">El futuro de los backlinks<\/h2>\n\n<p>Aunque los algoritmos que utilizan los motores de b\u00fasqueda para evaluar los v\u00ednculos de retroceso siguen evolucionando, el principio b\u00e1sico sigue siendo el mismo: los v\u00ednculos de retroceso de sitios web relevantes y de alta calidad son valiosos. Sin embargo, a medida que los motores de b\u00fasqueda se vuelven m\u00e1s sofisticados, factores como el contexto sem\u00e1ntico en torno al enlace y la experiencia del usuario del sitio que enlaza pueden desempe\u00f1ar un papel cada vez m\u00e1s importante.<\/p>\n\n<p>En conclusi\u00f3n, los backlinks son una parte vital del SEO, e invertir tiempo y recursos en el desarrollo de una s\u00f3lida estrategia de backlinks puede mejorar en gran medida la visibilidad, la reputaci\u00f3n y el tr\u00e1fico de su sitio web.<\/p>\n\n<h2 class=\"wp-block-heading\">\u00bfPor qu\u00e9 elegirnos?<\/h2>\n\n<p>&#8211; Equipo experimentado: Nuestro equipo de expertos en SEO tiene a\u00f1os de experiencia en link building y estrategia SEO.<\/p>\n\n<p>&#8211; Garant\u00eda de calidad: Priorizamos la calidad sobre la cantidad. Puede confiar en que nuestros backlinks proceden de fuentes autorizadas.<\/p>\n\n<p>&#8211; Soluciones personalizadas: Adaptamos nuestros servicios a sus objetivos y presupuesto espec\u00edficos.<\/p>\n\n<p>&#8211; Informes transparentes: Proporcionamos informes detallados sobre los backlinks que hemos construido y el impacto en el SEO de su sitio web.<\/p>\n\n<p>\u00bfListo para llevar su sitio web a nuevas cotas? P\u00f3ngase en contacto con nosotros hoy mismo para hablar de sus necesidades de backlinks y empiece a potenciar su presencia en Internet.<\/p>\n\t\t\t\t\t\t\t\t<\/div>\n\t\t\t\t<\/div>\n\t\t\t\t\t<\/div>\n\t\t\t\t<\/div>\n\t\t\t\t<\/div>\n\t\t","protected":false},"excerpt":{"rendered":"<p>Comprar backlinks para SEO \u00bfQuiere llevar su presencia en Internet al siguiente nivel? \u00bfQuiere que su sitio web aparezca mejor posicionado en los resultados de<\/p>\n","protected":false},"author":1,"featured_media":0,"parent":0,"menu_order":0,"comment_status":"closed","ping_status":"open","template":"","meta":{"nf_dc_page":"","footnotes":""},"class_list":["post-3687","page","type-page","status-publish","hentry"],"_links":{"self":[{"href":"https:\/\/zazapay.us\/es\/wp-json\/wp\/v2\/pages\/3687","targetHints":{"allow":["GET"]}}],"collection":[{"href":"https:\/\/zazapay.us\/es\/wp-json\/wp\/v2\/pages"}],"about":[{"href":"https:\/\/zazapay.us\/es\/wp-json\/wp\/v2\/types\/page"}],"author":[{"embeddable":true,"href":"https:\/\/zazapay.us\/es\/wp-json\/wp\/v2\/users\/1"}],"replies":[{"embeddable":true,"href":"https:\/\/zazapay.us\/es\/wp-json\/wp\/v2\/comments?post=3687"}],"version-history":[{"count":5,"href":"https:\/\/zazapay.us\/es\/wp-json\/wp\/v2\/pages\/3687\/revisions"}],"predecessor-version":[{"id":3731,"href":"https:\/\/zazapay.us\/es\/wp-json\/wp\/v2\/pages\/3687\/revisions\/3731"}],"wp:attachment":[{"href":"https:\/\/zazapay.us\/es\/wp-json\/wp\/v2\/media?parent=3687"}],"curies":[{"name":"wp","href":"https:\/\/api.w.org\/{rel}","templated":true}]}}