{"id":3570,"date":"2023-09-24T12:54:17","date_gmt":"2023-09-24T16:54:17","guid":{"rendered":"https:\/\/zazapay.us\/product\/backlinks-de-nivel-2\/"},"modified":"2023-10-29T09:39:22","modified_gmt":"2023-10-29T13:39:22","slug":"backlinks-de-nivel-2","status":"publish","type":"product","link":"https:\/\/zazapay.us\/es\/producto\/backlinks-de-nivel-2\/","title":{"rendered":"Backlinks de nivel 2"},"content":{"rendered":"\t\t<div data-elementor-type=\"wp-post\" data-elementor-id=\"3570\" class=\"elementor elementor-3570 elementor-2391\">\n\t\t\t\t\t\t<section class=\"elementor-section elementor-top-section elementor-element elementor-element-7ad1687 elementor-section-boxed elementor-section-height-default elementor-section-height-default\" data-id=\"7ad1687\" data-element_type=\"section\" data-e-type=\"section\">\n\t\t\t\t\t\t<div class=\"elementor-container elementor-column-gap-no\">\n\t\t\t\t\t<div class=\"elementor-column elementor-col-100 elementor-top-column elementor-element elementor-element-48d9c83\" data-id=\"48d9c83\" data-element_type=\"column\" data-e-type=\"column\">\n\t\t\t<div class=\"elementor-widget-wrap elementor-element-populated\">\n\t\t\t\t\t\t<div class=\"elementor-element elementor-element-65133ca elementor-widget elementor-widget-text-editor\" data-id=\"65133ca\" data-element_type=\"widget\" data-e-type=\"widget\" data-widget_type=\"text-editor.default\">\n\t\t\t\t<div class=\"elementor-widget-container\">\n\t\t\t\t\t\t\t\t\t<p>Backlinks de nivel 2 para clasificaciones SEO naturales<\/p>\n<p>Aumente el potencial de posicionamiento de su sitio web con v\u00ednculos de retroceso naturales y de alta calidad procedentes de sitios web con autoridad en categor\u00edas tem\u00e1ticas relevantes. Nuestro servicio de backlinks de nivel 2 obtiene enlaces de sitios web consolidados con una autoridad de dominio y una autoridad de p\u00e1gina decentes.<\/p>\n<p>Los enlaces se colocan cuidadosamente en sitios web relacionados con su sector o tema. Todos los backlinks son naturales y contextuales, evitando pr\u00e1cticas de enlace no naturales que pueden perjudicar a su sitio.  <\/p>\n<p>Nuestros expertos investigan sitios web de inter\u00e9s y eval\u00faan su calidad y reputaci\u00f3n antes de llegar a ellos. Evitamos las granjas de enlaces de baja calidad o los dominios de aparcamiento. Los backlinks se adquieren a trav\u00e9s de art\u00edculos de invitados, p\u00e1ginas de recursos y otras oportunidades de enlaces naturales.<\/p>\n\t\t\t\t\t\t\t\t<\/div>\n\t\t\t\t<\/div>\n\t\t\t\t<div class=\"elementor-element elementor-element-5983f76 elementor-widget elementor-widget-text-editor\" data-id=\"5983f76\" data-element_type=\"widget\" data-e-type=\"widget\" data-widget_type=\"text-editor.default\">\n\t\t\t\t<div class=\"elementor-widget-container\">\n\t\t\t\t\t\t\t\t\t<p>Con un paquete de backlinks de nivel 2, puedes esperar entre 10.000 y 14.000 backlinks al mes procedentes de sitios web con autoridad en tu nicho. Los enlaces se entregan r\u00e1pidamente y se realiza un seguimiento para comprobar su indexaci\u00f3n por los motores de b\u00fasqueda.  <\/p>\n\t\t\t\t\t\t\t\t<\/div>\n\t\t\t\t<\/div>\n\t\t\t\t<div class=\"elementor-element elementor-element-1228040 elementor-widget elementor-widget-image\" data-id=\"1228040\" data-element_type=\"widget\" data-e-type=\"widget\" data-widget_type=\"image.default\">\n\t\t\t\t<div class=\"elementor-widget-container\">\n\t\t\t\t\t\t\t\t\t\t\t\t\t\t\t<img loading=\"lazy\" loading=\"lazy\" decoding=\"async\" width=\"720\" height=\"429\" src=\"https:\/\/zazapay.us\/wp-content\/uploads\/2023\/09\/backlinks-description.png\" class=\"attachment-full size-full wp-image-3341\" alt=\"\" srcset=\"https:\/\/zazapay.us\/wp-content\/uploads\/2023\/09\/backlinks-description.png 720w, https:\/\/zazapay.us\/wp-content\/uploads\/2023\/09\/backlinks-description-300x179.png 300w, https:\/\/zazapay.us\/wp-content\/uploads\/2023\/09\/backlinks-description-600x358.png 600w, https:\/\/zazapay.us\/wp-content\/uploads\/2023\/09\/backlinks-description-1x1.png 1w, https:\/\/zazapay.us\/wp-content\/uploads\/2023\/09\/backlinks-description-10x6.png 10w\" sizes=\"auto, (max-width: 720px) 100vw, 720px\" title=\"\">\t\t\t\t\t\t\t\t\t\t\t\t\t\t\t<\/div>\n\t\t\t\t<\/div>\n\t\t\t\t<div class=\"elementor-element elementor-element-1c474ab elementor-widget elementor-widget-text-editor\" data-id=\"1c474ab\" data-element_type=\"widget\" data-e-type=\"widget\" data-widget_type=\"text-editor.default\">\n\t\t\t\t<div class=\"elementor-widget-container\">\n\t\t\t\t\t\t\t\t\t<p>Estos son algunos detalles adicionales sobre el servicio de backlinks Tier 2:<\/p>\n<ul>\n<li>Los enlaces se diversifican en dominios y p\u00e1ginas de alta calidad para minimizar el riesgo. No dependemos de los enlaces de un solo sitio o p\u00e1gina.<\/li>\n<li>Todos los dominios y p\u00e1ginas se comprueban en busca de problemas como enlaces sospechosos, contenido spam o malware antes de su difusi\u00f3n. Se evitan los sitios de mala calidad.<\/li>\n<li>Plazos de entrega r\u00e1pidos, con backlinks entregados en un plazo medio de 3 a 5 d\u00edas desde el inicio del proyecto.  <\/li>\n<li>Creadores de enlaces experimentados con historial de impulsar clientes en sectores competitivos como el comercio electr\u00f3nico, los servicios locales, etc.<\/li>\n<li>Los informes transparentes incluyen URL completas en las que se puede hacer clic.  <\/li>\n<li>Los enlaces se diversifican utilizando texto de anclaje, atributos de t\u00edtulo y otros factores de SEO en la p\u00e1gina para una colocaci\u00f3n natural.  <\/li>\n<\/ul>\n\t\t\t\t\t\t\t\t<\/div>\n\t\t\t\t<\/div>\n\t\t\t\t<div class=\"elementor-element elementor-element-ad24d0f elementor-widget elementor-widget-text-editor\" data-id=\"ad24d0f\" data-element_type=\"widget\" data-e-type=\"widget\" data-widget_type=\"text-editor.default\">\n\t\t\t\t<div class=\"elementor-widget-container\">\n\t\t\t\t\t\t\t\t\t<p>Nos centramos en la calidad por encima de la cantidad para ofrecer s\u00f3lo los backlinks de nivel 2 m\u00e1s relevantes y reputados para obtener beneficios SEO naturales.<\/p>\n\t\t\t\t\t\t\t\t<\/div>\n\t\t\t\t<\/div>\n\t\t\t\t\t<\/div>\n\t\t<\/div>\n\t\t\t\t\t<\/div>\n\t\t<\/section>\n\t\t\t\t<\/div>\n\t\t","protected":false},"excerpt":{"rendered":"<table class=\"woocommerce-product-attributes shop_attributes\">\n<tbody>\n<tr class=\"woocommerce-product-attributes-item\">\n<th class=\"woocommerce-product-attributes-item__label\">Servicio<\/th>\n<td class=\"woocommerce-product-attributes-item__value\">Enlaces de retroceso<\/td>\n<\/tr>\n<tr class=\"woocommerce-product-attributes-item\">\n<th class=\"woocommerce-product-attributes-item__label\">Nivel<\/th>\n<td class=\"woocommerce-product-attributes-item__value\">Nivel 2<\/td>\n<\/tr>\n<tr class=\"woocommerce-product-attributes-item\">\n<th class=\"woocommerce-product-attributes-item__label\">Palabras clave y enlaces<\/th>\n<td class=\"woocommerce-product-attributes-item__value\">Hasta 5<\/td>\n<\/tr>\n<tr class=\"woocommerce-product-attributes-item\">\n<th class=\"woocommerce-product-attributes-item__label\">Enlaces de retroceso<\/th>\n<td class=\"woocommerce-product-attributes-item__value\">10 000<\/td>\n<\/tr>\n<tr class=\"woocommerce-product-attributes-item\">\n<th class=\"woocommerce-product-attributes-item__label\">Revisiones<\/th>\n<td class=\"woocommerce-product-attributes-item__value\">0<\/td>\n<\/tr>\n<tr class=\"woocommerce-product-attributes-item\">\n<th class=\"woocommerce-product-attributes-item__label\">Idioma<\/th>\n<td class=\"woocommerce-product-attributes-item__value\">Alfabeto latino: a, b, c, d, e, f, g, h, i, l, m, n, o, p, q, r, s, t, u, v, x<\/td>\n<\/tr>\n<\/tbody>\n<\/table>\n","protected":false},"featured_media":3325,"template":"","meta":{"nf_dc_page":""},"etheme_brands":[],"product_brand":[],"product_cat":[130],"product_tag":[131,132],"class_list":{"0":"post-3570","1":"product","2":"type-product","3":"status-publish","4":"has-post-thumbnail","6":"product_cat-enlaces-de-retroceso","7":"product_tag-backlinks-de-nivel-2","8":"product_tag-vinculos-de-retroceso","10":"first","11":"instock","12":"virtual","13":"purchasable","14":"product-type-simple"},"_links":{"self":[{"href":"https:\/\/zazapay.us\/es\/wp-json\/wp\/v2\/product\/3570","targetHints":{"allow":["GET"]}}],"collection":[{"href":"https:\/\/zazapay.us\/es\/wp-json\/wp\/v2\/product"}],"about":[{"href":"https:\/\/zazapay.us\/es\/wp-json\/wp\/v2\/types\/product"}],"version-history":[{"count":5,"href":"https:\/\/zazapay.us\/es\/wp-json\/wp\/v2\/product\/3570\/revisions"}],"predecessor-version":[{"id":4507,"href":"https:\/\/zazapay.us\/es\/wp-json\/wp\/v2\/product\/3570\/revisions\/4507"}],"wp:featuredmedia":[{"embeddable":true,"href":"https:\/\/zazapay.us\/es\/wp-json\/wp\/v2\/media\/3325"}],"wp:attachment":[{"href":"https:\/\/zazapay.us\/es\/wp-json\/wp\/v2\/media?parent=3570"}],"wp:term":[{"taxonomy":"brand","embeddable":true,"href":"https:\/\/zazapay.us\/es\/wp-json\/wp\/v2\/etheme_brands?post=3570"},{"taxonomy":"product_brand","embeddable":true,"href":"https:\/\/zazapay.us\/es\/wp-json\/wp\/v2\/product_brand?post=3570"},{"taxonomy":"product_cat","embeddable":true,"href":"https:\/\/zazapay.us\/es\/wp-json\/wp\/v2\/product_cat?post=3570"},{"taxonomy":"product_tag","embeddable":true,"href":"https:\/\/zazapay.us\/es\/wp-json\/wp\/v2\/product_tag?post=3570"}],"curies":[{"name":"wp","href":"https:\/\/api.w.org\/{rel}","templated":true}]}}