{"id":3689,"date":"2023-08-24T16:31:58","date_gmt":"2023-08-24T20:31:58","guid":{"rendered":"https:\/\/zazapay.us\/product\/distribucion-de-comunicados-de-prensa\/"},"modified":"2023-10-22T11:33:30","modified_gmt":"2023-10-22T15:33:30","slug":"comunicado-de-prensa-distribucion","status":"publish","type":"product","link":"https:\/\/zazapay.us\/es\/producto\/comunicado-de-prensa-distribucion\/","title":{"rendered":"Distribuci\u00f3n de comunicados de prensa"},"content":{"rendered":"\t\t<div data-elementor-type=\"wp-post\" data-elementor-id=\"3689\" class=\"elementor elementor-3689 elementor-877\">\n\t\t\t\t\t\t<section class=\"elementor-section elementor-top-section elementor-element elementor-element-7ad1687 elementor-section-boxed elementor-section-height-default elementor-section-height-default\" data-id=\"7ad1687\" data-element_type=\"section\" data-e-type=\"section\">\n\t\t\t\t\t\t<div class=\"elementor-container elementor-column-gap-no\">\n\t\t\t\t\t<div class=\"elementor-column elementor-col-100 elementor-top-column elementor-element elementor-element-48d9c83\" data-id=\"48d9c83\" data-element_type=\"column\" data-e-type=\"column\">\n\t\t\t<div class=\"elementor-widget-wrap elementor-element-populated\">\n\t\t\t\t\t\t<div class=\"elementor-element elementor-element-65133ca elementor-widget elementor-widget-text-editor\" data-id=\"65133ca\" data-element_type=\"widget\" data-e-type=\"widget\" data-widget_type=\"text-editor.default\">\n\t\t\t\t<div class=\"elementor-widget-container\">\n\t\t\t\t\t\t\t\t\t<h2>Distribuci\u00f3n de comunicados de prensa en l\u00ednea<\/h2>\n<p>Sindicaci\u00f3n en los principales medios de comunicaci\u00f3n: Su comunicado de prensa se sindicar\u00e1 en los principales sitios de noticias, incluida The Associated Press (AP), que llega a m\u00e1s de la mitad de la poblaci\u00f3n mundial con su cobertura de noticias. Adem\u00e1s, colaboramos con Nexstar, la mayor empresa de televisi\u00f3n local y medios de comunicaci\u00f3n de Estados Unidos, que llega al 68% de los hogares estadounidenses.  <\/p>\n<p>Su comunicado de prensa tambi\u00e9n aparecer\u00e1 en Google News y otras plataformas de renombre. Como parte de nuestro servicio integral, su comunicado se volver\u00e1 a publicar en una lista cada vez mayor de sitios editoriales de terceros altamente visibles que son relevantes para su industria y ubicaci\u00f3n, junto con nuestras propias publicaciones ZazaPay.<\/p>\n\t\t\t\t\t\t\t\t<\/div>\n\t\t\t\t<\/div>\n\t\t\t\t<div class=\"elementor-element elementor-element-5983f76 elementor-widget elementor-widget-text-editor\" data-id=\"5983f76\" data-element_type=\"widget\" data-e-type=\"widget\" data-widget_type=\"text-editor.default\">\n\t\t\t\t<div class=\"elementor-widget-container\">\n\t\t\t\t\t\t\t\t\t<p>Reimpresiones inmediatas en los sitios web de las principales cadenas de televisi\u00f3n y emisoras de radio de EE.UU: Experimente una amplia exposici\u00f3n cuando su comunicado aparezca en los sitios afiliados de las principales cadenas de televisi\u00f3n, como ABC, NBC, FOX, CBS y CW, junto con numerosos sitios web de emisoras de radio de todo el pa\u00eds. Con m\u00e1s de 150 millones de usuarios \u00fanicos al mes, su mensaje llegar\u00e1 a una audiencia considerable.<\/p>\n\t\t\t\t\t\t\t\t<\/div>\n\t\t\t\t<\/div>\n\t\t\t\t<div class=\"elementor-element elementor-element-c52dec4 elementor-widget__width-initial dtle-table-align-center dtle-dt-th-align-left dtle-dt-td-align-left elementor-widget elementor-widget-datalentor_table\" data-id=\"c52dec4\" data-element_type=\"widget\" data-e-type=\"widget\" data-widget_type=\"datalentor_table.default\">\n\t\t\t\t<div class=\"elementor-widget-container\">\n\t\t\t\t\t        <div class=\"dtle-data-table-wrap\" data-table_id=\"c52dec4\">\r\n            <table class=\"tablesorter dtle-data-table center\" id=\"dtle-data-table-c52dec4\">\r\n                <thead>\r\n                    <tr class=\"table-header\">\r\n                                                    <th class=\"\" id=\"\" colspan=\"\">\r\n                                <span class=\"elementor-header-section\">\r\n                                    <span class=\"elementor-button-content-wrapper\">\r\n                                        <span class=\"elementor-button-icon\">\r\n                                                                                                                                <\/span>\r\n                                        <span class=\"elementor-button-text elementor-inline-editing\">\r\n                                                                                    <\/span>\r\n                                    <\/span>\r\n                                <\/span>\r\n                            <\/th>\r\n                                                        <th class=\"\" id=\"\" colspan=\"\">\r\n                                <span class=\"elementor-header-section\">\r\n                                    <span class=\"elementor-button-content-wrapper\">\r\n                                        <span class=\"elementor-button-icon\">\r\n                                                                                                                                <\/span>\r\n                                        <span class=\"elementor-button-text elementor-inline-editing\">\r\n                                            ZazaPay                                        <\/span>\r\n                                    <\/span>\r\n                                <\/span>\r\n                            <\/th>\r\n                                                        <th class=\"\" id=\"\" colspan=\"\">\r\n                                <span class=\"elementor-header-section\">\r\n                                    <span class=\"elementor-button-content-wrapper\">\r\n                                        <span class=\"elementor-button-icon\">\r\n                                                                                                                                <\/span>\r\n                                        <span class=\"elementor-button-text elementor-inline-editing\">\r\n                                            competidores                                        <\/span>\r\n                                    <\/span>\r\n                                <\/span>\r\n                            <\/th>\r\n                                                <\/tr>\r\n                <\/thead>\r\n                <tbody>\r\n                    <tr>\r\n                        <\/tr><tr>                                                            <td colspan=\"\" rowspan=\"\" class=\"\" id=\"\">\r\n                                    <div class=\"td-content-wrapper\"><div class=\"td-content\">Publicaci\u00f3n Garantizada<\/div><\/div>\r\n                                <\/td>\r\n                                                                                                                    <td colspan=\"\" rowspan=\"\" class=\"\" id=\"\">\r\n                                    <div class=\"td-content-wrapper\"><div class=\"td-content\">500+ sitios web<\/div><\/div>\r\n                                <\/td>\r\n                                                                                                                    <td colspan=\"\" rowspan=\"\" class=\"\" id=\"\">\r\n                                    <div class=\"td-content-wrapper\"><div class=\"td-content\">100+ sitios web<\/div><\/div>\r\n                                <\/td>\r\n                                                        <\/tr><tr>                                                            <td colspan=\"\" rowspan=\"\" class=\"\" id=\"\">\r\n                                    <div class=\"td-content-wrapper\"><div class=\"td-content\">Palabras incluidas<\/div><\/div>\r\n                                <\/td>\r\n                                                                                                                    <td colspan=\"\" rowspan=\"\" class=\"\" id=\"\">\r\n                                    <div class=\"td-content-wrapper\"><div class=\"td-content\">Hasta 1500 palabras<\/div><\/div>\r\n                                <\/td>\r\n                                                                                                                    <td colspan=\"\" rowspan=\"\" class=\"\" id=\"\">\r\n                                    <div class=\"td-content-wrapper\"><div class=\"td-content\">350<\/div><\/div>\r\n                                <\/td>\r\n                                                        <\/tr><tr>                                                            <td colspan=\"\" rowspan=\"\" class=\"\" id=\"\">\r\n                                    <div class=\"td-content-wrapper\"><div class=\"td-content\">Noticias Premium<\/div><\/div>\r\n                                <\/td>\r\n                                                                                                                    <td colspan=\"\" rowspan=\"\" class=\"\" id=\"\">\r\n                                    <div class=\"td-content-wrapper\">\r\n                                        <img decoding=\"async\" class=\"data-content-img\" width=\"15\" src=\"https:\/\/zazapay.us\/wp-content\/uploads\/2023\/08\/yesok.png\" alt=\"\" title=\"\">\r\n                                    <\/div>\r\n                                <\/td>\r\n                                                                                                                    <td colspan=\"\" rowspan=\"\" class=\"\" id=\"\">\r\n                                    <div class=\"td-content-wrapper\">\r\n                                        <img decoding=\"async\" class=\"data-content-img\" width=\"15\" src=\"https:\/\/zazapay.us\/wp-content\/uploads\/2023\/08\/remove-e1697904579368.png\" alt=\"\" title=\"\">\r\n                                    <\/div>\r\n                                <\/td>\r\n                                                        <\/tr><tr>                                                            <td colspan=\"\" rowspan=\"\" class=\"\" id=\"\">\r\n                                    <div class=\"td-content-wrapper\"><div class=\"td-content\">Redacci\u00f3n<\/div><\/div>\r\n                                <\/td>\r\n                                                                                                                    <td colspan=\"\" rowspan=\"\" class=\"\" id=\"\">\r\n                                    <div class=\"td-content-wrapper\">\r\n                                        <img decoding=\"async\" class=\"data-content-img\" width=\"15\" src=\"https:\/\/zazapay.us\/wp-content\/uploads\/2023\/08\/yesok.png\" alt=\"\" title=\"\">\r\n                                    <\/div>\r\n                                <\/td>\r\n                                                                                                                    <td colspan=\"\" rowspan=\"\" class=\"\" id=\"\">\r\n                                    <div class=\"td-content-wrapper\">\r\n                                        <img decoding=\"async\" class=\"data-content-img\" width=\"15\" src=\"https:\/\/zazapay.us\/wp-content\/uploads\/2023\/08\/remove-e1697904579368.png\" alt=\"\" title=\"\">\r\n                                    <\/div>\r\n                                <\/td>\r\n                                                        <\/tr><tr>                                                            <td colspan=\"\" rowspan=\"\" class=\"\" id=\"\">\r\n                                    <div class=\"td-content-wrapper\"><div class=\"td-content\">Informes de marca blanca<\/div><\/div>\r\n                                <\/td>\r\n                                                                                                                    <td colspan=\"\" rowspan=\"\" class=\"\" id=\"\">\r\n                                    <div class=\"td-content-wrapper\">\r\n                                        <img decoding=\"async\" class=\"data-content-img\" width=\"15\" src=\"https:\/\/zazapay.us\/wp-content\/uploads\/2023\/08\/yesok.png\" alt=\"\" title=\"\">\r\n                                    <\/div>\r\n                                <\/td>\r\n                                                                                                                    <td colspan=\"\" rowspan=\"\" class=\"\" id=\"\">\r\n                                    <div class=\"td-content-wrapper\">\r\n                                        <img decoding=\"async\" class=\"data-content-img\" width=\"15\" src=\"https:\/\/zazapay.us\/wp-content\/uploads\/2023\/08\/remove-e1697904579368.png\" alt=\"\" title=\"\">\r\n                                    <\/div>\r\n                                <\/td>\r\n                                                        <\/tr><tr>                                                            <td colspan=\"\" rowspan=\"\" class=\"\" id=\"\">\r\n                                    <div class=\"td-content-wrapper\">\r\n                                        <img decoding=\"async\" class=\"data-content-img\" width=\"70\" src=\"https:\/\/zazapay.us\/wp-content\/uploads\/2023\/08\/benzinga.png\" alt=\"\" title=\"\">\r\n                                    <\/div>\r\n                                <\/td>\r\n                                                                                                                    <td colspan=\"\" rowspan=\"\" class=\"\" id=\"\">\r\n                                    <div class=\"td-content-wrapper\">\r\n                                        <img decoding=\"async\" class=\"data-content-img\" width=\"15\" src=\"https:\/\/zazapay.us\/wp-content\/uploads\/2023\/08\/yesok.png\" alt=\"\" title=\"\">\r\n                                    <\/div>\r\n                                <\/td>\r\n                                                                                                                    <td colspan=\"\" rowspan=\"\" class=\"\" id=\"\">\r\n                                    <div class=\"td-content-wrapper\">\r\n                                        <img decoding=\"async\" class=\"data-content-img\" width=\"15\" src=\"https:\/\/zazapay.us\/wp-content\/uploads\/2023\/08\/remove-e1697904579368.png\" alt=\"\" title=\"\">\r\n                                    <\/div>\r\n                                <\/td>\r\n                                                        <\/tr><tr>                                                            <td colspan=\"\" rowspan=\"\" class=\"\" id=\"\">\r\n                                    <div class=\"td-content-wrapper\">\r\n                                        <img decoding=\"async\" class=\"data-content-img\" width=\"50\" src=\"https:\/\/zazapay.us\/wp-content\/uploads\/2023\/10\/The_Globe_and_Mail_Logo_white_text-e1696608276180.png\" alt=\"\" title=\"\">\r\n                                    <\/div>\r\n                                <\/td>\r\n                                                                                                                    <td colspan=\"\" rowspan=\"\" class=\"\" id=\"\">\r\n                                    <div class=\"td-content-wrapper\">\r\n                                        <img decoding=\"async\" class=\"data-content-img\" width=\"15\" src=\"https:\/\/zazapay.us\/wp-content\/uploads\/2023\/08\/yesok.png\" alt=\"\" title=\"\">\r\n                                    <\/div>\r\n                                <\/td>\r\n                                                                                                                    <td colspan=\"\" rowspan=\"\" class=\"\" id=\"\">\r\n                                    <div class=\"td-content-wrapper\">\r\n                                        <img decoding=\"async\" class=\"data-content-img\" width=\"15\" src=\"https:\/\/zazapay.us\/wp-content\/uploads\/2023\/08\/remove-e1697904579368.png\" alt=\"\" title=\"\">\r\n                                    <\/div>\r\n                                <\/td>\r\n                                                        <\/tr><tr>                                                            <td colspan=\"\" rowspan=\"\" class=\"\" id=\"\">\r\n                                    <div class=\"td-content-wrapper\">\r\n                                        <img decoding=\"async\" class=\"data-content-img\" width=\"80\" src=\"https:\/\/zazapay.us\/wp-content\/uploads\/2023\/10\/barchart.png\" alt=\"\" title=\"\">\r\n                                    <\/div>\r\n                                <\/td>\r\n                                                                                                                    <td colspan=\"\" rowspan=\"\" class=\"\" id=\"\">\r\n                                    <div class=\"td-content-wrapper\">\r\n                                        <img decoding=\"async\" class=\"data-content-img\" width=\"15\" src=\"https:\/\/zazapay.us\/wp-content\/uploads\/2023\/08\/yesok.png\" alt=\"\" title=\"\">\r\n                                    <\/div>\r\n                                <\/td>\r\n                                                                                                                    <td colspan=\"\" rowspan=\"\" class=\"\" id=\"\">\r\n                                    <div class=\"td-content-wrapper\">\r\n                                        <img decoding=\"async\" class=\"data-content-img\" width=\"15\" src=\"https:\/\/zazapay.us\/wp-content\/uploads\/2023\/08\/remove-e1697904579368.png\" alt=\"\" title=\"\">\r\n                                    <\/div>\r\n                                <\/td>\r\n                                                        <\/tr><tr>                                                            <td colspan=\"\" rowspan=\"\" class=\"\" id=\"\">\r\n                                    <div class=\"td-content-wrapper\">\r\n                                        <img decoding=\"async\" class=\"data-content-img\" width=\"120\" src=\"https:\/\/zazapay.us\/wp-content\/uploads\/2023\/08\/Google_News.png\" alt=\"\" title=\"\">\r\n                                    <\/div>\r\n                                <\/td>\r\n                                                                                                                    <td colspan=\"\" rowspan=\"\" class=\"\" id=\"\">\r\n                                    <div class=\"td-content-wrapper\">\r\n                                        <img decoding=\"async\" class=\"data-content-img\" width=\"15\" src=\"https:\/\/zazapay.us\/wp-content\/uploads\/2023\/08\/yesok.png\" alt=\"\" title=\"\">\r\n                                    <\/div>\r\n                                <\/td>\r\n                                                                                                                    <td colspan=\"\" rowspan=\"\" class=\"\" id=\"\">\r\n                                    <div class=\"td-content-wrapper\">\r\n                                        <img decoding=\"async\" class=\"data-content-img\" width=\"15\" src=\"https:\/\/zazapay.us\/wp-content\/uploads\/2023\/08\/yesok.png\" alt=\"\" title=\"\">\r\n                                    <\/div>\r\n                                <\/td>\r\n                                                        <\/tr><tr>                                                            <td colspan=\"\" rowspan=\"\" class=\"\" id=\"\">\r\n                                    <div class=\"td-content-wrapper\"><div class=\"td-content\">Insertar v\u00eddeo<\/div><\/div>\r\n                                <\/td>\r\n                                                                                                                    <td colspan=\"\" rowspan=\"\" class=\"\" id=\"\">\r\n                                    <div class=\"td-content-wrapper\">\r\n                                        <img decoding=\"async\" class=\"data-content-img\" width=\"15\" src=\"https:\/\/zazapay.us\/wp-content\/uploads\/2023\/08\/yesok.png\" alt=\"\" title=\"\">\r\n                                    <\/div>\r\n                                <\/td>\r\n                                                                                                                    <td colspan=\"\" rowspan=\"\" class=\"\" id=\"\">\r\n                                    <div class=\"td-content-wrapper\">\r\n                                        <img decoding=\"async\" class=\"data-content-img\" width=\"15\" src=\"https:\/\/zazapay.us\/wp-content\/uploads\/2023\/08\/remove-e1697904579368.png\" alt=\"\" title=\"\">\r\n                                    <\/div>\r\n                                <\/td>\r\n                                                                            <\/tr>\r\n                <\/tbody>\r\n            <\/table>\r\n        <\/div>\r\n        \t\t\t\t<\/div>\n\t\t\t\t<\/div>\n\t\t\t\t<div class=\"elementor-element elementor-element-1c474ab elementor-widget elementor-widget-text-editor\" data-id=\"1c474ab\" data-element_type=\"widget\" data-e-type=\"widget\" data-widget_type=\"text-editor.default\">\n\t\t\t\t<div class=\"elementor-widget-container\">\n\t\t\t\t\t\t\t\t\t<p>Aproveche el poder de la distribuci\u00f3n global de noticias: Como l\u00edder mundial en servicios de noticias internacionales en l\u00ednea, ZazaPay aprovecha la agregaci\u00f3n de noticias a nivel empresarial. Nuestras redacciones recopilan y organizan noticias de todos los estados y pa\u00edses de Estados Unidos, y las distribuyen a periodistas, equipos editoriales y millones de lectores de todo el mundo.<\/p>\n\t\t\t\t\t\t\t\t<\/div>\n\t\t\t\t<\/div>\n\t\t\t\t<div class=\"elementor-element elementor-element-ad24d0f elementor-widget elementor-widget-text-editor\" data-id=\"ad24d0f\" data-element_type=\"widget\" data-e-type=\"widget\" data-widget_type=\"text-editor.default\">\n\t\t\t\t<div class=\"elementor-widget-container\">\n\t\t\t\t\t\t\t\t\t<p>Integraci\u00f3n directa con los principales agregadores de noticias y herramientas de investigaci\u00f3n: ZazaPay es un proveedor reconocido en Google News, e integramos a la perfecci\u00f3n nuestros comunicados de prensa en plataformas como Bloomberg Terminals, MuckRack, Moody&#8217;s NewsEdge, Naviga y MenaFN, garantizando un amplio alcance y visibilidad.<\/p>\n<p>Llegue al p\u00fablico m\u00f3vil con aplicaciones de noticias de vanguardia: Nuestras aplicaciones de noticias de \u00faltima generaci\u00f3n ofrecen noticias de \u00faltima hora y contenidos de actualidad directamente a los dispositivos m\u00f3viles de los usuarios, incluidos los comunicados de prensa relevantes de nuestras agencias de noticias. Establezca conexiones directas con medios de comunicaci\u00f3n y redacciones de todo el mundo: Aproveche nuestro directorio mundial de medios de comunicaci\u00f3n, una completa base de datos meticulosamente seleccionada con datos de redacciones y periodistas.  <\/p>\n<p>Facilitamos la entrega directa de su comunicado de prensa a estas salas de prensa, garantizando la m\u00e1xima exposici\u00f3n. Desbloquea los beneficios SEO para mejorar tu presencia online: ZazaPay disfruta de visibilidad org\u00e1nica a trav\u00e9s de un posicionamiento SEO dominante. El alojamiento de su comunicado de prensa en nuestra plataforma generar\u00e1 <a title=\"Backlinks de alta calidad\" href=\"https:\/\/zazapay.us\/es\/producto\/backlinks-de-nivel-2\/\">backlinks de alta calidad<\/a> y acelerar\u00e1 su aparici\u00f3n en los principales motores de b\u00fasqueda.<\/p>\n\t\t\t\t\t\t\t\t<\/div>\n\t\t\t\t<\/div>\n\t\t\t\t<div class=\"elementor-element elementor-element-af15a55 elementor-widget elementor-widget-button\" data-id=\"af15a55\" data-element_type=\"widget\" data-e-type=\"widget\" data-widget_type=\"button.default\">\n\t\t\t\t<div class=\"elementor-widget-container\">\n\t\t\t\t\t\t\t\t\t<div class=\"elementor-button-wrapper\">\n\t\t\t\t\t<a class=\"elementor-button elementor-button-link elementor-size-sm elementor-animation-skew-forward\" href=\"https:\/\/zazapay.us\/sample-report\/\">\n\t\t\t\t\t\t<span class=\"elementor-button-content-wrapper\">\n\t\t\t\t\t\t<span class=\"elementor-button-icon\">\n\t\t\t\t<i aria-hidden=\"true\" class=\"et-icon et-right-arrow-2\"><\/i>\t\t\t<\/span>\n\t\t\t\t\t\t\t\t\t<span class=\"elementor-button-text\">Ejemplo de informe<\/span>\n\t\t\t\t\t<\/span>\n\t\t\t\t\t<\/a>\n\t\t\t\t<\/div>\n\t\t\t\t\t\t\t\t<\/div>\n\t\t\t\t<\/div>\n\t\t\t\t\t<\/div>\n\t\t<\/div>\n\t\t\t\t\t<\/div>\n\t\t<\/section>\n\t\t\t\t<\/div>\n\t\t","protected":false},"excerpt":{"rendered":"<table class=\"woocommerce-product-attributes shop_attributes\">\n<tbody>\n<tr class=\"woocommerce-product-attributes-item\">\n<th class=\"woocommerce-product-attributes-item__label\">Servicio<\/th>\n<td class=\"woocommerce-product-attributes-item__value\">Distribuci\u00f3n PR<\/td>\n<\/tr>\n<tr class=\"woocommerce-product-attributes-item\">\n<th class=\"woocommerce-product-attributes-item__label\">Revisiones<\/th>\n<td class=\"woocommerce-product-attributes-item__value\">2<\/td>\n<\/tr>\n<tr class=\"woocommerce-product-attributes-item\">\n<th class=\"woocommerce-product-attributes-item__label\">Newswire<\/th>\n<td class=\"woocommerce-product-attributes-item__value\">500+<\/td>\n<\/tr>\n<tr class=\"woocommerce-product-attributes-item\">\n<th class=\"woocommerce-product-attributes-item__label\">Pa\u00eds<\/th>\n<td class=\"woocommerce-product-attributes-item__value\">  US<\/td>\n<\/tr>\n<tr class=\"woocommerce-product-attributes-item\">\n<th class=\"woocommerce-product-attributes-item__label\">Enlaces<\/th>\n<td class=\"woocommerce-product-attributes-item__value\">3<\/td>\n<\/tr>\n<tr class=\"woocommerce-product-attributes-item\">\n<th class=\"woocommerce-product-attributes-item__label\">Idioma<\/th>\n<td class=\"woocommerce-product-attributes-item__value\">Ingl\u00e9s<\/td>\n<\/tr>\n<\/tbody>\n<\/table>\n","protected":false},"featured_media":3269,"template":"","meta":{"nf_dc_page":""},"etheme_brands":[],"product_brand":[],"product_cat":[148],"product_tag":[150,149],"class_list":{"0":"post-3689","1":"product","2":"type-product","3":"status-publish","4":"has-post-thumbnail","6":"product_cat-comunicado-de-prensa","7":"product_tag-comunicado-de-prensa","8":"product_tag-distribucion-de-comunicados-de-prensa","9":"pa_package-extra-es","10":"pa_package-inicio","11":"pa_package-profesional","13":"first","14":"instock","15":"shipping-taxable","16":"purchasable","17":"product-type-variable"},"_links":{"self":[{"href":"https:\/\/zazapay.us\/es\/wp-json\/wp\/v2\/product\/3689","targetHints":{"allow":["GET"]}}],"collection":[{"href":"https:\/\/zazapay.us\/es\/wp-json\/wp\/v2\/product"}],"about":[{"href":"https:\/\/zazapay.us\/es\/wp-json\/wp\/v2\/types\/product"}],"version-history":[{"count":5,"href":"https:\/\/zazapay.us\/es\/wp-json\/wp\/v2\/product\/3689\/revisions"}],"predecessor-version":[{"id":4297,"href":"https:\/\/zazapay.us\/es\/wp-json\/wp\/v2\/product\/3689\/revisions\/4297"}],"wp:featuredmedia":[{"embeddable":true,"href":"https:\/\/zazapay.us\/es\/wp-json\/wp\/v2\/media\/3269"}],"wp:attachment":[{"href":"https:\/\/zazapay.us\/es\/wp-json\/wp\/v2\/media?parent=3689"}],"wp:term":[{"taxonomy":"brand","embeddable":true,"href":"https:\/\/zazapay.us\/es\/wp-json\/wp\/v2\/etheme_brands?post=3689"},{"taxonomy":"product_brand","embeddable":true,"href":"https:\/\/zazapay.us\/es\/wp-json\/wp\/v2\/product_brand?post=3689"},{"taxonomy":"product_cat","embeddable":true,"href":"https:\/\/zazapay.us\/es\/wp-json\/wp\/v2\/product_cat?post=3689"},{"taxonomy":"product_tag","embeddable":true,"href":"https:\/\/zazapay.us\/es\/wp-json\/wp\/v2\/product_tag?post=3689"}],"curies":[{"name":"wp","href":"https:\/\/api.w.org\/{rel}","templated":true}]}}