{"id":3466,"date":"2023-09-29T09:09:44","date_gmt":"2023-09-29T13:09:44","guid":{"rendered":"https:\/\/zazapay.us\/sujets-acceptes\/"},"modified":"2023-10-18T05:44:41","modified_gmt":"2023-10-18T09:44:41","slug":"sujets-acceptes","status":"publish","type":"page","link":"https:\/\/zazapay.us\/fr\/sujets-acceptes\/","title":{"rendered":"Sujets accept\u00e9s"},"content":{"rendered":"\t\t<div data-elementor-type=\"wp-page\" data-elementor-id=\"3466\" class=\"elementor elementor-3466 elementor-2518\">\n\t\t\t\t<div class=\"elementor-element elementor-element-1c3d1092 e-flex e-con-boxed e-con e-parent\" data-id=\"1c3d1092\" data-element_type=\"container\" data-e-type=\"container\">\n\t\t\t\t\t<div class=\"e-con-inner\">\n\t\t\t\t<div class=\"elementor-element elementor-element-1b3f16ee elementor-widget elementor-widget-text-editor\" data-id=\"1b3f16ee\" data-element_type=\"widget\" data-e-type=\"widget\" data-widget_type=\"text-editor.default\">\n\t\t\t\t<div class=\"elementor-widget-container\">\n\t\t\t\t\t\t\t\t\t<p><\/p>\n<h2>Sujets accept\u00e9s<\/h2>\n<p>Nous sommes dispos\u00e9s \u00e0 couvrir un large \u00e9ventail de sujets ; cependant, nous ne pouvons pas traiter certains sujets. Ces exclusions comprennent<\/p>\n<ol>\n<li>\n<p><strong>Contenu pour adultes :<\/strong> Il s&#8217;agit de tout mat\u00e9riel ou offre impliquant des th\u00e8mes, produits ou services pour adultes.<\/p>\n<\/li>\n<li>\n<p><strong>Jeux d&#8217;argent :<\/strong> Nous nous abstenons de tout contenu li\u00e9 aux jeux d&#8217;argent ou \u00e0 l&#8217;acte de parier de l&#8217;argent.<\/p>\n<\/li>\n<li>\n<p><strong>Gouvernement :<\/strong> Notre plateforme s&#8217;abstient d&#8217;entrer dans des discussions concernant les d\u00e9partements gouvernementaux, le personnel, la politique ou les politiciens.<\/p>\n<\/li>\n<li>\n<p><strong>Presse n\u00e9gative :<\/strong> Nous ne publions aucun contenu qui jette un \u00e9clairage n\u00e9gatif sur des personnes, des sites web ou des entreprises.<\/p>\n<\/li>\n<li>\n<p><strong>Tiers :<\/strong> Tout contenu mentionnant des entreprises ou des personnes ext\u00e9rieures ne rel\u00e8ve pas de notre champ d&#8217;application.<\/p>\n<\/li>\n<li>\n<p><strong>Armes :<\/strong> Notre champ d&#8217;action ne s&#8217;\u00e9tend pas au contenu centr\u00e9 sur les armes ou les munitions.<\/p>\n<\/li>\n<\/ol>\n<p>D&#8217;autre part, notre r\u00e9seau d&#8217;information de base est con\u00e7u pour r\u00e9pondre \u00e0 des sujets sp\u00e9cifiques, y compris, mais sans s&#8217;y limiter :<\/p>\n<ul>\n<li><strong>Acquisitions \/ Fusions \/ Partenariats \/ Parrainage<\/strong><\/li>\n<li><strong>Chirurgie esth\u00e9tique<\/strong><\/li>\n<li><strong>Alcool<\/strong><\/li>\n<li><strong>M\u00e9decine alternative \/ m\u00e9taphysique<\/strong> (y compris des sujets tels que les m\u00e9diums, les cartes de tarot, les cristaux de gu\u00e9rison, etc.)<\/li>\n<li><strong>Crypto-monnaie<\/strong><\/li>\n<li><strong>Rencontres<\/strong><\/li>\n<li><strong>N\u00e9gociation financi\u00e8re<\/strong> (Forex, options, binaires, etc.)<\/li>\n<li><strong>Services de recouvrement des escroqueries et fraudes<\/strong><\/li>\n<li><strong>Streaming et diffusion en direct<\/strong><\/li>\n<li><strong>Affaires juridiques<\/strong><\/li>\n<li><strong>Marijuana l\u00e9gale \/ CBD<\/strong><\/li>\n<li><strong>Musique \u00e0 contenu explicite<\/strong><\/li>\n<li><strong>Pharmacie \/ M\u00e9dicaments l\u00e9gaux<\/strong><\/li>\n<li><strong>Religion<\/strong><\/li>\n<li><strong>Vendre les interactions avec les m\u00e9dias sociaux<\/strong><\/li>\n<li><strong>Suppl\u00e9ments<\/strong><\/li>\n<li><strong>Maillots de bain \/ Sous-v\u00eatements \/ Leggings<\/strong><\/li>\n<\/ul>\n<p><em>Veuillez noter que les sujets qui ne figurent pas dans la liste ci-dessus peuvent \u00eatre publi\u00e9s sur All News Network.<\/em><\/p>\n<p>Nous nous engageons \u00e0 apporter de la valeur \u00e0 nos clients, et dans le cas o\u00f9 nous ne serions pas en mesure de publier un article en rapport avec votre activit\u00e9, nous offrons une garantie compl\u00e8te de remboursement. Votre satisfaction est notre priorit\u00e9.<\/p>\n<p><\/p>\t\t\t\t\t\t\t\t<\/div>\n\t\t\t\t<\/div>\n\t\t\t\t\t<\/div>\n\t\t\t\t<\/div>\n\t\t\t\t<\/div>\n\t\t","protected":false},"excerpt":{"rendered":"<p>Sujets accept\u00e9s Nous sommes dispos\u00e9s \u00e0 couvrir un large \u00e9ventail de sujets ; cependant, nous ne pouvons pas traiter certains sujets. Ces exclusions comprennent Contenu<\/p>\n","protected":false},"author":1,"featured_media":0,"parent":0,"menu_order":0,"comment_status":"closed","ping_status":"open","template":"","meta":{"nf_dc_page":"","footnotes":""},"class_list":["post-3466","page","type-page","status-publish","hentry"],"_links":{"self":[{"href":"https:\/\/zazapay.us\/fr\/wp-json\/wp\/v2\/pages\/3466","targetHints":{"allow":["GET"]}}],"collection":[{"href":"https:\/\/zazapay.us\/fr\/wp-json\/wp\/v2\/pages"}],"about":[{"href":"https:\/\/zazapay.us\/fr\/wp-json\/wp\/v2\/types\/page"}],"author":[{"embeddable":true,"href":"https:\/\/zazapay.us\/fr\/wp-json\/wp\/v2\/users\/1"}],"replies":[{"embeddable":true,"href":"https:\/\/zazapay.us\/fr\/wp-json\/wp\/v2\/comments?post=3466"}],"version-history":[{"count":5,"href":"https:\/\/zazapay.us\/fr\/wp-json\/wp\/v2\/pages\/3466\/revisions"}],"predecessor-version":[{"id":3973,"href":"https:\/\/zazapay.us\/fr\/wp-json\/wp\/v2\/pages\/3466\/revisions\/3973"}],"wp:attachment":[{"href":"https:\/\/zazapay.us\/fr\/wp-json\/wp\/v2\/media?parent=3466"}],"curies":[{"name":"wp","href":"https:\/\/api.w.org\/{rel}","templated":true}]}}