{"id":3468,"date":"2023-09-26T15:26:49","date_gmt":"2023-09-26T19:26:49","guid":{"rendered":"https:\/\/zazapay.us\/lignes-directrices\/"},"modified":"2023-10-17T14:58:27","modified_gmt":"2023-10-17T18:58:27","slug":"lignes-directrices","status":"publish","type":"page","link":"https:\/\/zazapay.us\/fr\/lignes-directrices\/","title":{"rendered":"Lignes directrices"},"content":{"rendered":"\t\t<div data-elementor-type=\"wp-page\" data-elementor-id=\"3468\" class=\"elementor elementor-3468 elementor-2445\">\n\t\t\t\t<div class=\"elementor-element elementor-element-1c3d1092 e-flex e-con-boxed e-con e-parent\" data-id=\"1c3d1092\" data-element_type=\"container\" data-e-type=\"container\">\n\t\t\t\t\t<div class=\"e-con-inner\">\n\t\t\t\t<div class=\"elementor-element elementor-element-1b3f16ee elementor-widget elementor-widget-text-editor\" data-id=\"1b3f16ee\" data-element_type=\"widget\" data-e-type=\"widget\" data-widget_type=\"text-editor.default\">\n\t\t\t\t<div class=\"elementor-widget-container\">\n\t\t\t\t\t\t\t\t\t<p><\/p>\n<h2>Lignes directrices pour les communiqu\u00e9s de presse<\/h2>\n<p><span style=\"font-weight: 400;\">L&#8217;\u00e9quipe \u00e9ditoriale de ZazaPay \u00e9value soigneusement tous les communiqu\u00e9s de presse pour s&#8217;assurer qu&#8217;ils sont conformes \u00e0 nos lignes directrices et qu&#8217;ils apportent une valeur ajout\u00e9e aux m\u00e9dias et aux lecteurs potentiels. Les soumissions \u00e0 ZazaPay doivent \u00eatre dignes d&#8217;int\u00e9r\u00eat, d\u00e9pourvues de contenu publicitaire et respecter le format AP recommand\u00e9 afin d&#8217;acc\u00e9l\u00e9rer le processus d&#8217;approbation.<\/span><\/p>\n<p><span style=\"font-weight: 400;\">Les communiqu\u00e9s de presse soumis \u00e0 ZazaPay doivent pr\u00e9senter les caract\u00e9ristiques suivantes :<\/span><\/p>\n<ol>\n<li style=\"font-weight: 400;\" aria-level=\"1\"><b>Attribution claire de la source :<\/b><span style=\"font-weight: 400;\"> Le nom de la source du communiqu\u00e9 de presse doit figurer dans le titre, le r\u00e9sum\u00e9 ou le premier paragraphe afin de pr\u00e9senter clairement la source de l&#8217;information.<\/span><\/li>\n<li style=\"font-weight: 400;\" aria-level=\"1\"><b>Informations valables sur le contact avec les m\u00e9dias :<\/b><span style=\"font-weight: 400;\"> Les informations de contact doivent inclure une adresse \u00e9lectronique valide et, dans certains cas, des d\u00e9tails suppl\u00e9mentaires tels que le nom et le num\u00e9ro de t\u00e9l\u00e9phone du contact direct avec les m\u00e9dias peuvent \u00eatre n\u00e9cessaires pour certaines options de distribution.<\/span><\/li>\n<li style=\"font-weight: 400;\" aria-level=\"1\"><b>Ton objectif :<\/b><span style=\"font-weight: 400;\"> Les communiqu\u00e9s de presse de ZazaPay doivent \u00e9viter le battage m\u00e9diatique, le langage \u00e0 la premi\u00e8re personne (par exemple, &#8221; vous &#8220;, &#8221; je &#8220;, &#8221; nous &#8220;), les points d&#8217;exclamation excessifs et les caract\u00e8res majuscules, afin de conserver un ton d&#8217;information cr\u00e9dible.<\/span><\/li>\n<li style=\"font-weight: 400;\" aria-level=\"1\"><b>Opportunit\u00e9 et actualit\u00e9 :<\/b><span style=\"font-weight: 400;\">  Les communiqu\u00e9s de presse doivent \u00eatre ax\u00e9s sur un contenu opportun et digne d&#8217;int\u00e9r\u00eat, tel que le lancement de produits, les \u00e9v\u00e9nements du secteur, les r\u00e9compenses, l&#8217;ouverture de magasins, les partenariats ou les \u00e9tudes. L&#8217;angle d&#8217;attaque doit \u00eatre \u00e9vident dans le titre.<\/span><\/li>\n<li style=\"font-weight: 400;\" aria-level=\"1\"><b>Orthographe et grammaire correctes :<\/b><span style=\"font-weight: 400;\"> Respecter la grammaire, l&#8217;orthographe, la ponctuation, les abr\u00e9viations, les acronymes, l&#8217;espacement des phrases et les majuscules tout au long du communiqu\u00e9 de presse.<\/span><\/li>\n<li style=\"font-weight: 400;\" aria-level=\"1\"><b>Exactitude et informations factuelles :<\/b><span style=\"font-weight: 400;\"> Toutes les informations pr\u00e9sent\u00e9es dans le communiqu\u00e9 de presse doivent \u00eatre juridiquement et factuellement exactes.<\/span><\/li>\n<li style=\"font-weight: 400;\" aria-level=\"1\"><b>Autorisation \u00e9crite :<\/b><span style=\"font-weight: 400;\"> Dans des cas sp\u00e9cifiques, tels que le marketing de r\u00e9seau ou les annonces d&#8217;entreprise importantes, ZazaPay peut demander l&#8217;autorisation \u00e9crite d&#8217;un dirigeant de l&#8217;entreprise avant d&#8217;approuver la diffusion d&#8217;un communiqu\u00e9 de presse.<\/span><\/li>\n<li style=\"font-weight: 400;\" aria-level=\"1\"><b>Longueur standard :<\/b><span style=\"font-weight: 400;\"> La longueur standard d&#8217;un communiqu\u00e9 de presse est d&#8217;environ 650 \u00e0 1500 mots afin d&#8217;assurer une distribution efficace.<\/span><\/li>\n<li style=\"font-weight: 400;\" aria-level=\"1\"><b>Liens pr\u00e9cis et fonctionnels :<\/b><span style=\"font-weight: 400;\"> Assurez-vous que tous les liens contenus dans le communiqu\u00e9 sont actifs et fonctionnels avant de le soumettre.<\/span><\/li>\n<\/ol>\n<p><span style=\"font-weight: 400;\">ZazaPay se r\u00e9serve le droit de refuser, de conserver ou de demander des modifications aux communiqu\u00e9s de presse contenant les types de contenu suivants :<\/span><\/p>\n<ul>\n<li style=\"font-weight: 400;\" aria-level=\"1\"><b>Contenu pour adultes :<\/b><span style=\"font-weight: 400;\"> Les communiqu\u00e9s de presse pr\u00e9sentant un contenu sexuellement explicite ne sont pas autoris\u00e9s.<\/span><\/li>\n<li style=\"font-weight: 400;\" aria-level=\"1\"><b>Marketing d&#8217;affiliation :<\/b><span style=\"font-weight: 400;\"> Les communiqu\u00e9s faisant la promotion de produits d&#8217;affiliation peuvent \u00eatre refus\u00e9s.<\/span><\/li>\n<li style=\"font-weight: 400;\" aria-level=\"1\"><b>Blackhat SEO :<\/b><span style=\"font-weight: 400;\"> ZazaPay n&#8217;autorise pas les tactiques de r\u00e9f\u00e9rencement Blackhat ni les communiqu\u00e9s qui en font la promotion.<\/span><\/li>\n<li style=\"font-weight: 400;\" aria-level=\"1\"><b>Publicit\u00e9 flagrante :<\/b><span style=\"font-weight: 400;\"> Les communiqu\u00e9s de faible qualit\u00e9 consid\u00e9r\u00e9s comme de la publicit\u00e9 par l&#8217;\u00e9quipe \u00e9ditoriale peuvent ne pas \u00eatre accept\u00e9s.<\/span><\/li>\n<li style=\"font-weight: 400;\" aria-level=\"1\"><b>Symboles boursiers non autoris\u00e9s :<\/b><span style=\"font-weight: 400;\"> Les communiqu\u00e9s comportant des symboles boursiers doivent faire l&#8217;objet d&#8217;une autorisation \u00e9crite de la soci\u00e9t\u00e9 concern\u00e9e s&#8217;ils proviennent d&#8217;un tiers.<\/span><\/li>\n<li style=\"font-weight: 400;\" aria-level=\"1\"><b>Contenu relatif aux crypto-monnaies et aux ICO :<\/b><span style=\"font-weight: 400;\"> Le contenu relatif aux ICO et aux crypto-monnaies fait l&#8217;objet d&#8217;un examen approfondi, y compris, dans certains cas, d&#8217;informations suppl\u00e9mentaires.<\/span><\/li>\n<li style=\"font-weight: 400;\" aria-level=\"1\"><b>Fausses informations :<\/b><span style=\"font-weight: 400;\"> Les candidatures ne doivent contenir que des informations factuelles et exactes.<\/span><\/li>\n<li style=\"font-weight: 400;\" aria-level=\"1\"><b>Intentions nuisibles et d\u00e9clarations n\u00e9gatives :<\/b><span style=\"font-weight: 400;\"> Les communiqu\u00e9s destin\u00e9s \u00e0 nuire, \u00e0 inciter \u00e0 la haine ou \u00e0 faire des d\u00e9clarations n\u00e9gatives sur des groupes ou des personnes sp\u00e9cifiques ne seront pas publi\u00e9s.<\/span><\/li>\n<li style=\"font-weight: 400;\" aria-level=\"1\"><b>Produits ou activit\u00e9s ill\u00e9gaux :<\/b><span style=\"font-weight: 400;\"> Les communiqu\u00e9s faisant la promotion de produits ill\u00e9gaux ou d&#8217;activit\u00e9s ill\u00e9gales ne seront pas accept\u00e9s.<\/span><\/li>\n<li style=\"font-weight: 400;\" aria-level=\"1\"><b>D\u00e9clarations incendiaires :<\/b><span style=\"font-weight: 400;\"> Les communiqu\u00e9s contenant des d\u00e9clarations incendiaires seront rejet\u00e9s.<\/span><\/li>\n<li style=\"font-weight: 400;\" aria-level=\"1\"><b>Contenu diffamatoire :<\/b><span style=\"font-weight: 400;\"> Les contenus susceptibles de contenir des d\u00e9clarations pr\u00e9judiciables \u00e0 une personne ou \u00e0 une entreprise seront examin\u00e9s et ne seront pas n\u00e9cessairement publi\u00e9s.<\/span><\/li>\n<li style=\"font-weight: 400;\" aria-level=\"1\"><b>Litiges :<\/b><span style=\"font-weight: 400;\"> Les communiqu\u00e9s portant sur des litiges sont \u00e9valu\u00e9s au cas par cas, et les communiqu\u00e9s relatifs \u00e0 des litiges ferm\u00e9s n\u00e9cessitent une documentation appropri\u00e9e et un ton neutre et factuel.<\/span><\/li>\n<\/ul>\n<p><span style=\"font-weight: 400;\">Veuillez vous assurer que votre communiqu\u00e9 de presse est conforme \u00e0 ces directives avant de le soumettre \u00e0 ZazaPay, afin de faciliter le processus d&#8217;examen et d&#8217;approbation.<\/span><\/p>\n<p><\/p>\t\t\t\t\t\t\t\t<\/div>\n\t\t\t\t<\/div>\n\t\t\t\t\t<\/div>\n\t\t\t\t<\/div>\n\t\t\t\t<\/div>\n\t\t","protected":false},"excerpt":{"rendered":"<p>Lignes directrices pour les communiqu\u00e9s de presse L&#8217;\u00e9quipe \u00e9ditoriale de ZazaPay \u00e9value soigneusement tous les communiqu\u00e9s de presse pour s&#8217;assurer qu&#8217;ils sont conformes \u00e0 nos<\/p>\n","protected":false},"author":1,"featured_media":0,"parent":0,"menu_order":0,"comment_status":"closed","ping_status":"closed","template":"","meta":{"nf_dc_page":"","footnotes":""},"class_list":["post-3468","page","type-page","status-publish","hentry"],"_links":{"self":[{"href":"https:\/\/zazapay.us\/fr\/wp-json\/wp\/v2\/pages\/3468","targetHints":{"allow":["GET"]}}],"collection":[{"href":"https:\/\/zazapay.us\/fr\/wp-json\/wp\/v2\/pages"}],"about":[{"href":"https:\/\/zazapay.us\/fr\/wp-json\/wp\/v2\/types\/page"}],"author":[{"embeddable":true,"href":"https:\/\/zazapay.us\/fr\/wp-json\/wp\/v2\/users\/1"}],"replies":[{"embeddable":true,"href":"https:\/\/zazapay.us\/fr\/wp-json\/wp\/v2\/comments?post=3468"}],"version-history":[{"count":5,"href":"https:\/\/zazapay.us\/fr\/wp-json\/wp\/v2\/pages\/3468\/revisions"}],"predecessor-version":[{"id":3587,"href":"https:\/\/zazapay.us\/fr\/wp-json\/wp\/v2\/pages\/3468\/revisions\/3587"}],"wp:attachment":[{"href":"https:\/\/zazapay.us\/fr\/wp-json\/wp\/v2\/media?parent=3468"}],"curies":[{"name":"wp","href":"https:\/\/api.w.org\/{rel}","templated":true}]}}