{"id":3496,"date":"2023-10-05T15:39:27","date_gmt":"2023-10-05T19:39:27","guid":{"rendered":"https:\/\/zazapay.us\/referencement\/"},"modified":"2023-10-17T14:58:59","modified_gmt":"2023-10-17T18:58:59","slug":"referencement","status":"publish","type":"page","link":"https:\/\/zazapay.us\/fr\/referencement\/","title":{"rendered":"R\u00c9F\u00c9RENCEMENT"},"content":{"rendered":"\t\t<div data-elementor-type=\"wp-page\" data-elementor-id=\"3496\" class=\"elementor elementor-3496 elementor-2579\">\n\t\t\t\t<div class=\"elementor-element elementor-element-1c3d1092 e-flex e-con-boxed e-con e-parent\" data-id=\"1c3d1092\" data-element_type=\"container\" data-e-type=\"container\">\n\t\t\t\t\t<div class=\"e-con-inner\">\n\t\t\t\t<div class=\"elementor-element elementor-element-1b3f16ee elementor-widget elementor-widget-text-editor\" data-id=\"1b3f16ee\" data-element_type=\"widget\" data-e-type=\"widget\" data-widget_type=\"text-editor.default\">\n\t\t\t\t<div class=\"elementor-widget-container\">\n\t\t\t\t\t\t\t\t\t<p><\/p>\n<h2>SEO (optimisation des moteurs de recherche)<\/h2>\n<p>Avant de commencer votre recherche d&#8217;une agence appropri\u00e9e, r\u00e9pondez \u00e0 deux questions cl\u00e9s :<\/p>\n<h3>Combien \u00eates-vous pr\u00eat \u00e0 payer ? Quels sont les r\u00e9sultats id\u00e9aux que vous souhaitez obtenir ?<\/h3>\n<p>Le budget et le calendrier de votre promotion d\u00e9pendront de ces facteurs. Pourquoi ? Voyons cela en d\u00e9tail.<\/p>\n<h3>\u00c0 propos des d\u00e9lais et des r\u00e9sultats<\/h3>\n<p>Le r\u00e9f\u00e9rencement est un marathon, pas un sprint, et il faut du temps pour obtenir des r\u00e9sultats notables et stables.<\/p>\n<h3>Premiers r\u00e9sultats (3-4 mois)<\/h3>\n<p>Apr\u00e8s avoir entam\u00e9 une collaboration avec une agence de r\u00e9f\u00e9rencement, vous pouvez vous attendre \u00e0 des <strong>r\u00e9sultats initiaux dans les 3 \u00e0 4 mois<\/strong>. Pendant cette p\u00e9riode, l&#8217;accent est mis sur l&#8217;analyse de l&#8217;\u00e9tat actuel de votre site web, la correction des erreurs techniques, l&#8217;optimisation du contenu et la cr\u00e9ation d&#8217;une strat\u00e9gie de promotion initiale. Les changements r\u00e9els dans le classement et le trafic ne sont g\u00e9n\u00e9ralement pas imm\u00e9diatement perceptibles.<\/p>\n<h3>Tests d&#8217;hypoth\u00e8ses (5-6 mois)<\/h3>\n<p>Apr\u00e8s avoir \u00e9labor\u00e9 une strat\u00e9gie et obtenu de premiers r\u00e9sultats modestes, les sp\u00e9cialistes testent diff\u00e9rentes hypoth\u00e8ses. Cela est n\u00e9cessaire pour comprendre quels sont les changements mis en \u0153uvre qui sont r\u00e9ellement efficaces et ceux qui devraient \u00eatre abandonn\u00e9s.<br>Au cours de cette p\u00e9riode, le suivi des param\u00e8tres du site web, tels que les positions dans les SERP, la quantit\u00e9 et la qualit\u00e9 du trafic, les taux de conversion, et bien d&#8217;autres, est effectu\u00e9. Cela permet d&#8217;adapter la strat\u00e9gie aux changements r\u00e9els des positions et du comportement des utilisateurs.<\/p>\n<h3>ROI de l&#8217;investissement en r\u00e9f\u00e9rencement (1-1,5 ans)<\/h3>\n<p>M\u00eame si vous commencez \u00e0 observer des r\u00e9sultats positifs quelques mois apr\u00e8s le d\u00e9but de votre campagne de r\u00e9f\u00e9rencement, le retour sur investissement \u00e0 long terme est d&#8217;une importance capitale. Pourquoi ? Parce que le r\u00e9f\u00e9rencement est un investissement dans l&#8217;avenir de votre entreprise. Au cours de cette p\u00e9riode (1 \u00e0 1,5 an), vous constaterez non seulement une augmentation r\u00e9guli\u00e8re du trafic et des ventes, mais vous \u00e9valuerez \u00e9galement comment vos investissements en mati\u00e8re de r\u00e9f\u00e9rencement se comparent \u00e0 d&#8217;autres strat\u00e9gies de marketing.<\/p>\n<p>Certes, ces d\u00e9lais peuvent \u00eatre intimidants. Mais l&#8217;essentiel est de comprendre qu&#8217;un r\u00e9f\u00e9rencement de qualit\u00e9 prend du temps. Il s&#8217;agit d&#8217;un investissement qui, s&#8217;il est abord\u00e9 correctement, produira des r\u00e9sultats stables et \u00e0 long terme.<\/p>\n<h3>\u00c0 propos de la tarification<\/h3>\n<p>Dans le secteur du r\u00e9f\u00e9rencement, comme dans tout autre secteur, les prix peuvent varier en fonction de nombreux facteurs. En ce qui concerne les prix des services de r\u00e9f\u00e9rencement, il est essentiel de comprendre que vous n&#8217;achetez pas seulement un ensemble de services, mais que vous acqu\u00e9rez une expertise.<\/p>\n<h3>Co\u00fbt et attentes<\/h3>\n<p>Lorsqu&#8217;elles d\u00e9terminent leur budget de r\u00e9f\u00e9rencement, de nombreuses entreprises se demandent : &#8220;Combien cela va-t-il co\u00fbter ?&#8221;. La r\u00e9ponse \u00e0 cette question peut varier en fonction de facteurs tels que l&#8217;\u00e9tendue du travail, les sp\u00e9cificit\u00e9s de votre entreprise et vos objectifs de promotion.<\/p>\n<p>Commen\u00e7ons par l&#8217;\u00e9vidence : le co\u00fbt du service est souvent en corr\u00e9lation avec la qualit\u00e9 et l&#8217;\u00e9tendue des services fournis. Mais l&#8217;un des grands principes est que bon march\u00e9 n&#8217;est pas toujours synonyme de mauvaise qualit\u00e9, et que cher n&#8217;est pas toujours synonyme de bon. Au lieu de rechercher le co\u00fbt le plus bas, posez-vous la question :<br><em><strong>&#8220;Quels sont mes objectifs, combien puis-je investir et quels sont mes objectifs \u00e0 long terme ?<\/strong><\/em><\/p>\n<p>Pour faciliter la r\u00e9ponse \u00e0 ces questions, vous pouvez \u00e9tablir des fourchettes de prix moyens sur le march\u00e9.<\/p>\n<h3>600 $ &#8211; 1 000 $ par mois<\/h3>\n<p>Pour les petites entreprises. Le budget peut varier, mais de nombreuses entreprises de cette cat\u00e9gorie investissent entre 600 et 1 000 dollars par mois. Il s&#8217;agit g\u00e9n\u00e9ralement d&#8217;un travail d&#8217;optimisation de base et de promotion locale.<\/p>\n<h3>1 000 \u00e0 2 000 dollars par mois.<\/h3>\n<p>Pour les moyennes et grandes entreprises. Ces entreprises recherchent g\u00e9n\u00e9ralement une approche plus globale du r\u00e9f\u00e9rencement, y compris une strat\u00e9gie de marketing de contenu.<\/p>\n<h3>2 000 $ par mois et plus.<\/h3>\n<p>Pour les grands projets et les objectifs ambitieux. Ici, le co\u00fbt peut commencer \u00e0 2 000 dollars et aller au-del\u00e0. Il s&#8217;agit g\u00e9n\u00e9ralement de strat\u00e9gies globales, de campagnes \u00e0 plusieurs niveaux et d&#8217;un travail dans des cr\u00e9neaux tr\u00e8s concurrentiels.<\/p>\n<h3>De nombreux facteurs influencent le prix<\/h3>\n<p>N&#8217;oubliez pas que le prix d\u00e9pend non seulement du volume de travail, mais aussi de la complexit\u00e9 de votre projet, de l&#8217;\u00e9tat actuel de votre site web, de l&#8217;environnement concurrentiel et de bien d&#8217;autres aspects. Par exemple, la promotion d&#8217;un site web dans une petite ville sera nettement moins ch\u00e8re qu&#8217;\u00e0 New York.<\/p>\n<p>Votre budget peut \u00eatre de n&#8217;importe quelle taille, et son importance influe directement sur la rapidit\u00e9 d&#8217;obtention des r\u00e9sultats.<\/p>\n<h3>Le choix d&#8217;une agence<\/h3>\n<p>Les r\u00e9ponses aux deux questions susmentionn\u00e9es (sur les r\u00e9sultats attendus et sur le montant que vous \u00eates pr\u00eat \u00e0 d\u00e9penser) vous permettront de comprendre clairement vos objectifs et vos attentes.<\/p>\n<h3>Mais que se passe-t-il ensuite ?<\/h3>\n<p>Vous trouverez ci-dessous une liste de crit\u00e8res standard \u00e0 prendre en compte lors de la s\u00e9lection d&#8217;une agence, en plus du prix.<\/p>\n<ul>\n<li>Exp\u00e9rience dans votre secteur d&#8217;activit\u00e9. Lorsque vous choisissez une agence, tenez compte de son exp\u00e9rience dans votre secteur d&#8217;activit\u00e9. Chaque secteur pr\u00e9sente des aspects uniques et une strat\u00e9gie qui fonctionne pour l&#8217;un peut ne pas convenir \u00e0 l&#8217;autre.<\/li>\n<li>\u00c9tudes de cas. Les cas d\u00e9montrent la comp\u00e9tence d&#8217;une agence. Ils pr\u00e9sentent des r\u00e9sultats r\u00e9els et vous permettent d&#8217;\u00e9valuer le degr\u00e9 de r\u00e9ussite de l&#8217;agence dans l&#8217;accomplissement de ses t\u00e2ches.<\/li>\n<li>Garantir l&#8217;expertise. Vous pouvez le faire en examinant les publications de l&#8217;agence sur les m\u00e9dias sociaux, les blogs, la participation d&#8217;experts \u00e0 des conf\u00e9rences sectorielles, des cours de formation et des s\u00e9minaires.<\/li>\n<li>Examens et recommandations. N&#8217;oubliez pas de prendre en compte les commentaires d&#8217;autres clients sur l&#8217;agence. Cela vous aidera \u00e0 comprendre le degr\u00e9 de fiabilit\u00e9 et de professionnalisme de votre partenaire potentiel.<\/li>\n<li>Les promotions et les remises peuvent vous aider \u00e0 trouver une offre avantageuse.<\/li>\n<\/ul>\n<h3>Conclusion<\/h3>\n<p>Le choix d&#8217;un partenaire pour la promotion du r\u00e9f\u00e9rencement est avant tout une d\u00e9cision strat\u00e9gique. Lorsque le moment est venu de prendre cette d\u00e9cision, deux questions cl\u00e9s peuvent vous guider :<br><em><strong>&#8220;Combien \u00eates-vous pr\u00eat \u00e0 payer ?&#8221; et &#8220;Quels sont les r\u00e9sultats id\u00e9aux que vous souhaitez obtenir ?&#8221;.  <\/strong><strong>Ces questions permettent non seulement de d\u00e9terminer le budget, mais aussi de comprendre les objectifs que vous fixez \u00e0 votre futur partenaire.<\/strong><\/em><\/p>\n<p>Il est essentiel de comprendre que ces questions sont li\u00e9es entre elles. Des ambitions et des attentes \u00e9lev\u00e9es n\u00e9cessitent des investissements correspondants. Cependant, malgr\u00e9 l&#8217;importance de l&#8217;aspect financier, le plus important est le d\u00e9sir d&#8217;un r\u00e9sultat de qualit\u00e9. Abordez le choix d&#8217;une agence de r\u00e9f\u00e9rencement en connaissance de cause, analysez l&#8217;exp\u00e9rience et la comp\u00e9tence, et votre investissement sera justifi\u00e9. Un partenariat r\u00e9ussi et la promotion de votre entreprise en ligne reposent sur des questions bien formul\u00e9es et une perspective \u00e0 long terme.<\/p>\n<p><\/p>\t\t\t\t\t\t\t\t<\/div>\n\t\t\t\t<\/div>\n\t\t\t\t\t<\/div>\n\t\t\t\t<\/div>\n\t\t\t\t<\/div>\n\t\t","protected":false},"excerpt":{"rendered":"<p>SEO (optimisation des moteurs de recherche) Avant de commencer votre recherche d&#8217;une agence appropri\u00e9e, r\u00e9pondez \u00e0 deux questions cl\u00e9s : Combien \u00eates-vous pr\u00eat \u00e0 payer<\/p>\n","protected":false},"author":1,"featured_media":0,"parent":0,"menu_order":0,"comment_status":"closed","ping_status":"closed","template":"","meta":{"nf_dc_page":"","footnotes":""},"class_list":["post-3496","page","type-page","status-publish","hentry"],"_links":{"self":[{"href":"https:\/\/zazapay.us\/fr\/wp-json\/wp\/v2\/pages\/3496","targetHints":{"allow":["GET"]}}],"collection":[{"href":"https:\/\/zazapay.us\/fr\/wp-json\/wp\/v2\/pages"}],"about":[{"href":"https:\/\/zazapay.us\/fr\/wp-json\/wp\/v2\/types\/page"}],"author":[{"embeddable":true,"href":"https:\/\/zazapay.us\/fr\/wp-json\/wp\/v2\/users\/1"}],"replies":[{"embeddable":true,"href":"https:\/\/zazapay.us\/fr\/wp-json\/wp\/v2\/comments?post=3496"}],"version-history":[{"count":5,"href":"https:\/\/zazapay.us\/fr\/wp-json\/wp\/v2\/pages\/3496\/revisions"}],"predecessor-version":[{"id":3612,"href":"https:\/\/zazapay.us\/fr\/wp-json\/wp\/v2\/pages\/3496\/revisions\/3612"}],"wp:attachment":[{"href":"https:\/\/zazapay.us\/fr\/wp-json\/wp\/v2\/media?parent=3496"}],"curies":[{"name":"wp","href":"https:\/\/api.w.org\/{rel}","templated":true}]}}