{"id":3588,"date":"2023-09-13T05:50:21","date_gmt":"2023-09-13T09:50:21","guid":{"rendered":"https:\/\/zazapay.us\/conditions-generales-dutilisation\/"},"modified":"2023-10-17T14:58:49","modified_gmt":"2023-10-17T18:58:49","slug":"conditions-generales-dutilisation","status":"publish","type":"page","link":"https:\/\/zazapay.us\/fr\/conditions-generales-dutilisation\/","title":{"rendered":"Conditions g\u00e9n\u00e9rales d&#8217;utilisation"},"content":{"rendered":"\t\t<div data-elementor-type=\"wp-page\" data-elementor-id=\"3588\" class=\"elementor elementor-3588 elementor-2212\">\n\t\t\t\t<div class=\"elementor-element elementor-element-1c3d1092 e-flex e-con-boxed e-con e-parent\" data-id=\"1c3d1092\" data-element_type=\"container\" data-e-type=\"container\">\n\t\t\t\t\t<div class=\"e-con-inner\">\n\t\t\t\t<div class=\"elementor-element elementor-element-1b3f16ee elementor-widget elementor-widget-text-editor\" data-id=\"1b3f16ee\" data-element_type=\"widget\" data-e-type=\"widget\" data-widget_type=\"text-editor.default\">\n\t\t\t\t<div class=\"elementor-widget-container\">\n\t\t\t\t\t\t\t\t\t<p><\/p>\n<h2>Conditions d&#8217;utilisation<\/h2>\n<p><span style=\"font-weight: 400;\">Le pr\u00e9sent accord sur les conditions g\u00e9n\u00e9rales d&#8217;utilisation (le &#8221; contrat &#8220;) contient l&#8217;int\u00e9gralit\u00e9 des conditions g\u00e9n\u00e9rales d&#8217;utilisation des services web de ZazaPay.us (les &#8221; services &#8220;) par une personne physique ou morale.<\/span><\/p>\n<p><span style=\"font-weight: 400;\">Il vous incombe de prendre toutes les pr\u00e9cautions raisonnables pour vous assurer que le mat\u00e9riel publi\u00e9 sur votre site ne viole pas les droits d&#8217;un tiers (y compris, par exemple, les droits d&#8217;auteur, les marques commerciales, la vie priv\u00e9e ou d&#8217;autres droits personnels ou de propri\u00e9t\u00e9).<\/span><\/p>\n<p><span style=\"font-weight: 400;\">Dans le cadre du pr\u00e9sent contrat, &#8221; Nous &#8221; d\u00e9signe ZazaPay.us, &#8221; Vous &#8221; d\u00e9signe le demandeur, &#8221; Site &#8221; d\u00e9signe un site Web mondial, &#8221; Liens &#8221; d\u00e9signe les liens, titres et noms de sources fournis par ZazaPay.us dans le cadre des services, et &#8221; \u00c9diteurs &#8221; d\u00e9signe les cr\u00e9ateurs des articles vers lesquels nous renvoyons.<\/span><\/p>\n<h2><span style=\"font-weight: 400;\">Exclusion de garantie<\/span><\/h2>\n<p><span style=\"font-weight: 400;\">Nous d\u00e9clinons toute responsabilit\u00e9 quant \u00e0 l&#8217;exactitude, au contenu, \u00e0 l&#8217;exhaustivit\u00e9, \u00e0 la l\u00e9galit\u00e9, \u00e0 la fiabilit\u00e9 ou \u00e0 la disponibilit\u00e9 des informations ou du mat\u00e9riel affich\u00e9s sur notre site web. ZazaPay.us d\u00e9cline toute responsabilit\u00e9 quant \u00e0 la suppression, au d\u00e9faut de stockage ou \u00e0 la livraison de tout mat\u00e9riel.<\/span><\/p>\n<p><span style=\"font-weight: 400;\">ZazaPay.us d\u00e9cline toute responsabilit\u00e9 quant aux dommages r\u00e9sultant de l&#8217;acc\u00e8s \u00e0 tout mat\u00e9riel sur Internet par le biais du service.<\/span><\/p>\n<p><span style=\"font-weight: 400;\">Vous reconnaissez que les Services contiennent des liens, des descriptions et d&#8217;autres \u00e9l\u00e9ments (collectivement, les &#8221; Liens &#8220;) qui sont prot\u00e9g\u00e9s par des droits d&#8217;auteur, des marques commerciales ou d&#8217;autres droits de propri\u00e9t\u00e9 de ZazaPay.us et de fournisseurs de contenu tiers.<\/span><\/p>\n<p><span style=\"font-weight: 400;\">Nous ne serons pas responsables des dommages indirects, sp\u00e9ciaux ou cons\u00e9cutifs (ou de toute perte de revenus, de b\u00e9n\u00e9fices ou de donn\u00e9es) li\u00e9s au pr\u00e9sent accord ou aux services, m\u00eame si nous avons \u00e9t\u00e9 inform\u00e9s de la possibilit\u00e9 de tels dommages. En outre, vous nous tiendrez indemnes et \u00e0 couvert de toute r\u00e9clamation, de tout dommage et de toute d\u00e9pense (y compris, mais sans s&#8217;y limiter, les frais d&#8217;avocat) li\u00e9s \u00e0 l&#8217;utilisation des services sur votre site d&#8217;une mani\u00e8re non conforme aux conditions du pr\u00e9sent accord.<\/span><\/p>\n<p><span style=\"font-weight: 400;\">Les services de ZazaPay.us, ainsi que tous les mat\u00e9riaux, informations, produits et services inclus dans les services de ZazaPay.us sont fournis &#8221; en l&#8217;\u00e9tat &#8220;, sans aucune garantie d&#8217;aucune sorte. ZazaPay.us ET SES CONC\u00c9DANTS DE LICENCE D\u00c9CLINENT EXPRESS\u00c9MENT TOUTES LES GARANTIES EXPRESSES, IMPLICITES ET STATUTAIRES, Y COMPRIS, SANS LIMITATION, LES GARANTIES DE QUALIT\u00c9 MARCHANDE, D&#8217;AD\u00c9QUATION \u00c0 UN USAGE PARTICULIER ET DE NON-VIOLATION DES DROITS DE PROPRI\u00c9T\u00c9. ZazaPay.us ET SES CONC\u00c9DANTS DE LICENCE NE DONNENT AUCUNE GARANTIE CONCERNANT LA S\u00c9CURIT\u00c9, LA FIABILIT\u00c9, L&#8217;OPPORTUNIT\u00c9 ET LA PERFORMANCE DES SERVICES ZazaPay.us. ZazaPay.us ET SES CONC\u00c9DANTS DE LICENCE NE DONNENT AUCUNE GARANTIE POUR LES INFORMATIONS OU CONSEILS OBTENUS PAR L&#8217;INTERM\u00c9DIAIRE DES SERVICES DE ZazaPay.us. ZazaPay.us ET SES CONC\u00c9DANTS DE LICENCE NE DONNENT AUCUNE GARANTIE POUR LES SERVICES OU BIENS RE\u00c7US PAR L&#8217;INTERM\u00c9DIAIRE DES SERVICES ZazaPay.us, OU ANNONC\u00c9S SUR LES SERVICES ZazaPay.us, OU RE\u00c7US PAR L&#8217;INTERM\u00c9DIAIRE DES LIENS FOURNIS PAR LES SERVICES ZazaPay.us, AINSI QUE POUR LES INFORMATIONS OU CONSEILS RE\u00c7US PAR L&#8217;INTERM\u00c9DIAIRE DES LIENS FOURNIS DANS LES SERVICES ZazaPay.us.<\/span><\/p>\n<h2><span style=\"font-weight: 400;\">Cr\u00e9dits<\/span><\/h2>\n<p><span style=\"font-weight: 400;\">Les cr\u00e9dits disponibles ne peuvent \u00eatre utilis\u00e9s que pour des produits et services qui utilisent des cr\u00e9dits. Les cr\u00e9dits ZazaPay n&#8217;ont pas de valeur mon\u00e9taire et ne peuvent pas \u00eatre \u00e9chang\u00e9s contre de l&#8217;argent. Sauf mention explicite, les cr\u00e9dits de communiqu\u00e9s de presse individuels ont une date d&#8217;expiration de 60 jours \u00e0 compter de la date de la transaction d&#8217;achat initiale. Les abonnements annuels &#8220;Value Pack&#8221; (plusieurs communiqu\u00e9s de presse en une seule commande) comportent une date d&#8217;expiration bas\u00e9e sur le nombre de cr\u00e9dits achet\u00e9s jusqu&#8217;\u00e0 une date d&#8217;expiration de 365 jours \u00e0 compter de la date d&#8217;achat de l&#8217;abonnement d&#8217;origine.<\/span><\/p>\n<p><span style=\"font-weight: 400;\">En outre, \u00e0 la seule discr\u00e9tion de ZazaPay, nous pouvons modifier les offres de produits et inclure des services li\u00e9s aux cr\u00e9dits pr\u00e9achet\u00e9s. Tous les cr\u00e9dits actuels se verront attribuer une valeur \u00e9gale ou sup\u00e9rieure \u00e0 tout changement li\u00e9 \u00e0 des canaux de distribution sp\u00e9cifiques ou \u00e0 des points finaux m\u00e9diatiques. Nous ferons de notre mieux pour vous avertir \u00e0 l&#8217;avance, mais nous ne pouvons pas garantir un d\u00e9lai sp\u00e9cifique pour les changements sur la base de l&#8217;avis initial.<\/span><\/p>\n<h2><span style=\"font-weight: 400;\">Contrats et accords<\/span><\/h2>\n<p><span style=\"font-weight: 400;\">Tous les contrats, accords et abonnements &#8220;Value Pack&#8221; enti\u00e8rement ex\u00e9cut\u00e9s seront automatiquement renouvel\u00e9s pour une ann\u00e9e suppl\u00e9mentaire \u00e0 la fin de la p\u00e9riode de service \u00e9tablie, sauf si un avis de r\u00e9siliation est fourni par \u00e9crit 30 jours avant la date de renouvellement.<\/span><\/p>\n<p><span style=\"font-weight: 400;\">Si, \u00e0 tout moment, les paiements r\u00e9currents d&#8217;un contrat \u00e9tabli ne peuvent \u00eatre effectu\u00e9s avec succ\u00e8s via le processeur ZazaPay, nous vous contacterons imm\u00e9diatement pour vous aider \u00e0 r\u00e9soudre le probl\u00e8me. Si le paiement n&#8217;est pas r\u00e9solu dans les 10 jours suivant l&#8217;\u00e9chec initial, le montant total du contrat devient imm\u00e9diatement exigible. Dans ce cas, ZazaPay fournira une facture finale pour les services, qui portera int\u00e9r\u00eat au taux de 1,5 % par mois jusqu&#8217;\u00e0 ce que le probl\u00e8me soit r\u00e9solu. En outre, ZazaPay peut utiliser toutes les possibilit\u00e9s offertes par le Code de commerce uniforme (UCC) pour recouvrer le montant total d\u00fb \u00e0 la rupture du contrat.<\/span><\/p>\n<p><span style=\"font-weight: 400;\">Plans mensuels et annuels sans contrat : Les comptes qui souscrivent \u00e0 un plan mensuel ou annuel sans contrat sp\u00e9cifique sont r\u00e9gis par les conditions standard de renouvellement automatique. Si aucune annulation n&#8217;est re\u00e7ue avant la prochaine p\u00e9riode de renouvellement telle qu&#8217;\u00e9tablie dans le compte du client, ZazaPay n&#8217;aura aucune obligation de fournir un remboursement pour cette p\u00e9riode de renouvellement.<\/span><\/p>\n<h2><span style=\"font-weight: 400;\">Affectation<\/span><\/h2>\n<p><span style=\"font-weight: 400;\">Aucune des parties ne peut c\u00e9der le pr\u00e9sent accord, ni aucun de ses int\u00e9r\u00eats, sans le consentement \u00e9crit pr\u00e9alable de l&#8217;autre partie, lequel ne peut \u00eatre refus\u00e9 ou retard\u00e9 de mani\u00e8re d\u00e9raisonnable ; \u00e0 condition, toutefois, qu&#8217;aucune approbation pr\u00e9alable ne soit requise pour une cession (a) dans le cadre d&#8217;une vente de la totalit\u00e9 ou de la quasi-totalit\u00e9 des activit\u00e9s d&#8217;une partie li\u00e9es \u00e0 l&#8217;objet du pr\u00e9sent accord, (b) dans le cadre d&#8217;une fusion, de la vente d&#8217;une participation de contr\u00f4le ou d&#8217;un autre changement de contr\u00f4le de cette partie, ou (c) la cession par ZazaPay de tout ou partie de ses obligations au titre du pr\u00e9sent Contrat \u00e0 une soci\u00e9t\u00e9 affili\u00e9e. Nonobstant toute disposition contraire des pr\u00e9sentes, le client ne peut pas c\u00e9der le pr\u00e9sent contrat (que ce soit par le biais d&#8217;une vente d&#8217;actifs, d&#8217;une fusion ou d&#8217;un changement de contr\u00f4le) \u00e0 un concurrent direct de l&#8217;\u00e9metteur. Le pr\u00e9sent accord s&#8217;applique et lie les successeurs et ayants droit autoris\u00e9s des parties.<\/span><\/p>\n<h2><span style=\"font-weight: 400;\">Modifications des conditions d&#8217;utilisation<\/span><\/h2>\n<p><span style=\"font-weight: 400;\">Nous pouvons modifier nos services de temps \u00e0 autre, pour quelque raison que ce soit et sans pr\u00e9avis. Nous nous r\u00e9servons le droit de mettre fin \u00e0 ce service avec ou sans pr\u00e9avis, sans responsabilit\u00e9 envers vous, tout autre utilisateur ou tout tiers. Nous nous r\u00e9servons le droit de modifier les pr\u00e9sentes conditions de service de temps \u00e0 autre sans pr\u00e9avis. Veuillez consulter les pr\u00e9sentes conditions de service de temps \u00e0 autre pour prendre connaissance des modifications apport\u00e9es \u00e0 cet accord.<\/span><\/p>\n<h2><span style=\"font-weight: 400;\">Engagement de service de ZazaPay<\/span><\/h2>\n<p><span style=\"font-weight: 400;\">Chez ZazaPay, notre priorit\u00e9 est la satisfaction de nos clients. Nous travaillons sans rel\u00e2che pour garantir les meilleurs r\u00e9sultats possibles et nous nous engageons \u00e0 fournir un service de la plus haute qualit\u00e9 et \u00e0 traiter votre communiqu\u00e9 de presse dans les meilleurs d\u00e9lais et de mani\u00e8re professionnelle. ZazaPay ne peut garantir les r\u00e9sultats du classement dans les moteurs de recherche, le placement sp\u00e9cifique ou l&#8217;utilisation de votre communiqu\u00e9 de presse dans les m\u00e9dias. Si vous avez des inqui\u00e9tudes concernant la performance de votre communiqu\u00e9 de presse, veuillez contacter notre \u00e9quipe du service client\u00e8le (support@zazapay.us) afin que nous puissions faire de notre mieux pour vous aider \u00e0 r\u00e9soudre le probl\u00e8me ou prendre les mesures appropri\u00e9es pour une demande de remboursement.<\/span><\/p>\n<h2><span style=\"font-weight: 400;\">Divers<\/span><\/h2>\n<p><span style=\"font-weight: 400;\">Les pr\u00e9sentes conditions d&#8217;utilisation seront r\u00e9gies et interpr\u00e9t\u00e9es conform\u00e9ment aux lois des \u00c9tats-Unis, sans tenir compte des dispositions relatives aux conflits de lois ou de votre \u00e9tat ou pays de r\u00e9sidence. Si, pour quelque raison que ce soit, un tribunal comp\u00e9tent estime qu&#8217;une disposition ou une partie des conditions de service est inapplicable, le reste des conditions de service restera pleinement en vigueur.<\/span><\/p>\n<p><span style=\"font-weight: 400;\">Les pr\u00e9sentes conditions de service constituent l&#8217;int\u00e9gralit\u00e9 de l&#8217;accord entre les parties en ce qui concerne l&#8217;objet des pr\u00e9sentes et remplacent toutes les ententes ou tous les accords ant\u00e9rieurs ou contemporains, \u00e9crits ou oraux, concernant cet objet.<\/span><\/p>\n<p><\/p>\t\t\t\t\t\t\t\t<\/div>\n\t\t\t\t<\/div>\n\t\t\t\t\t<\/div>\n\t\t\t\t<\/div>\n\t\t\t\t<\/div>\n\t\t","protected":false},"excerpt":{"rendered":"<p>Conditions d&#8217;utilisation Le pr\u00e9sent accord sur les conditions g\u00e9n\u00e9rales d&#8217;utilisation (le &#8221; contrat &#8220;) contient l&#8217;int\u00e9gralit\u00e9 des conditions g\u00e9n\u00e9rales d&#8217;utilisation des services web de ZazaPay.us<\/p>\n","protected":false},"author":1,"featured_media":0,"parent":0,"menu_order":0,"comment_status":"closed","ping_status":"open","template":"","meta":{"nf_dc_page":"","footnotes":""},"class_list":["post-3588","page","type-page","status-publish","hentry"],"_links":{"self":[{"href":"https:\/\/zazapay.us\/fr\/wp-json\/wp\/v2\/pages\/3588","targetHints":{"allow":["GET"]}}],"collection":[{"href":"https:\/\/zazapay.us\/fr\/wp-json\/wp\/v2\/pages"}],"about":[{"href":"https:\/\/zazapay.us\/fr\/wp-json\/wp\/v2\/types\/page"}],"author":[{"embeddable":true,"href":"https:\/\/zazapay.us\/fr\/wp-json\/wp\/v2\/users\/1"}],"replies":[{"embeddable":true,"href":"https:\/\/zazapay.us\/fr\/wp-json\/wp\/v2\/comments?post=3588"}],"version-history":[{"count":3,"href":"https:\/\/zazapay.us\/fr\/wp-json\/wp\/v2\/pages\/3588\/revisions"}],"predecessor-version":[{"id":3606,"href":"https:\/\/zazapay.us\/fr\/wp-json\/wp\/v2\/pages\/3588\/revisions\/3606"}],"wp:attachment":[{"href":"https:\/\/zazapay.us\/fr\/wp-json\/wp\/v2\/media?parent=3588"}],"curies":[{"name":"wp","href":"https:\/\/api.w.org\/{rel}","templated":true}]}}