{"id":3624,"date":"2023-08-30T10:19:41","date_gmt":"2023-08-30T14:19:41","guid":{"rendered":"https:\/\/zazapay.us\/acheter-des-backlinks-pour-le-referencement\/"},"modified":"2023-10-17T15:00:10","modified_gmt":"2023-10-17T19:00:10","slug":"acheter-des-backlinks-pour-le-referencement","status":"publish","type":"page","link":"https:\/\/zazapay.us\/fr\/acheter-des-backlinks-pour-le-referencement\/","title":{"rendered":"Acheter des backlinks pour le r\u00e9f\u00e9rencement"},"content":{"rendered":"\t\t<div data-elementor-type=\"wp-page\" data-elementor-id=\"3624\" class=\"elementor elementor-3624 elementor-2179\">\n\t\t\t\t<div class=\"elementor-element elementor-element-1de538b4 e-flex e-con-boxed e-con e-parent\" data-id=\"1de538b4\" data-element_type=\"container\" data-e-type=\"container\">\n\t\t\t\t\t<div class=\"e-con-inner\">\n\t\t\t\t<div class=\"elementor-element elementor-element-3ef076e9 elementor-widget elementor-widget-text-editor\" data-id=\"3ef076e9\" data-element_type=\"widget\" data-e-type=\"widget\" data-widget_type=\"text-editor.default\">\n\t\t\t\t<div class=\"elementor-widget-container\">\n\t\t\t\t\t\t\t\t\t\n<h2 class=\"wp-block-heading\">Acheter des backlinks pour le r\u00e9f\u00e9rencement<\/h2>\n\n<p>Vous souhaitez faire passer votre pr\u00e9sence en ligne au niveau sup\u00e9rieur ? Souhaitez-vous que votre site web soit mieux class\u00e9 dans les r\u00e9sultats des moteurs de recherche et qu&#8217;il attire davantage de trafic organique ? Ne cherchez pas plus loin ! Nos services de liens retour sont l\u00e0 pour vous aider \u00e0 atteindre vos objectifs en mati\u00e8re de r\u00e9f\u00e9rencement.<\/p>\n\n<h2 class=\"wp-block-heading\">Qu&#8217;est-ce qu&#8217;un lien retour ?<\/h2>\n\n<p>Les backlinks, \u00e9galement connus sous le nom de liens entrants, sont des liens d&#8217;un site web vers un autre. Ils jouent un r\u00f4le crucial dans l&#8217;optimisation des moteurs de recherche (SEO), car les moteurs de recherche comme Google les consid\u00e8rent comme un vote de confiance. Lorsque des sites web r\u00e9put\u00e9s renvoient \u00e0 votre site, cela indique aux moteurs de recherche que votre contenu est pr\u00e9cieux et digne de confiance, ce qui peut conduire \u00e0 un meilleur classement dans les moteurs de recherche.<\/p>\n\n<h2 class=\"wp-block-heading\">La puissance des liens retour de haute qualit\u00e9<\/h2>\n\n<p>Tous les backlinks ne sont pas identiques. Les backlinks de haute qualit\u00e9 provenant de sites web pertinents et faisant autorit\u00e9 ont un impact plus important sur vos efforts de r\u00e9f\u00e9rencement.<\/p>\n\n<p>Ces liens peuvent :<\/p>\n\n<p>1. Am\u00e9liorer le classement dans les moteurs de recherche : Les liens retour sont l&#8217;un des principaux facteurs de classement des moteurs de recherche. Lorsque votre site web dispose de liens de qualit\u00e9, il a plus de chances d&#8217;appara\u00eetre sur la premi\u00e8re page des r\u00e9sultats de recherche.<\/p>\n\n<p>2. Stimuler le trafic organique : Au fur et \u00e0 mesure que votre site web progresse dans le classement des moteurs de recherche, il devient plus visible pour les visiteurs potentiels. Cette visibilit\u00e9 accrue peut se traduire par un flux r\u00e9gulier de trafic organique.<\/p>\n\n<p>3. Renforcer la confiance et la cr\u00e9dibilit\u00e9 : Les liens retour provenant de sources r\u00e9put\u00e9es peuvent renforcer la cr\u00e9dibilit\u00e9 et l&#8217;autorit\u00e9 de votre site web dans votre secteur d&#8217;activit\u00e9 ou votre niche.<\/p>\n\n<p>4. Stimulez les conversions : Plus de trafic signifie plus de clients potentiels. Des backlinks de qualit\u00e9 peuvent conduire \u00e0 des taux de conversion plus \u00e9lev\u00e9s et \u00e0 une augmentation du chiffre d&#8217;affaires.<\/p>\n\n<h2 class=\"wp-block-heading\">Nos services de liens retour<\/h2>\n\n<p>Nous proposons une gamme de services de backlink adapt\u00e9s \u00e0 vos besoins sp\u00e9cifiques :<\/p>\n\n<p>1. Publication d&#8217;articles en tant qu&#8217;invit\u00e9 : Nous pouvons vous aider \u00e0 obtenir des opportunit\u00e9s de publication sur des sites web faisant autorit\u00e9 dans votre secteur, en incluant un lien vers votre site dans le contenu.<\/p>\n\n<p>2. Sensibilisation et cr\u00e9ation de liens : Notre \u00e9quipe peut identifier et contacter des sites web pertinents pour placer des liens, en veillant \u00e0 ce que vous obteniez des backlinks de haute qualit\u00e9.<\/p>\n\n<p>3. Cr\u00e9ation de contenu : Nous pouvons cr\u00e9er un contenu pr\u00e9cieux et partageable pour votre site web et le promouvoir afin d&#8217;attirer naturellement des backlinks organiques.<\/p>\n\n<p>4. Analyse des liens retour des concurrents : Nous analyserons les profils de liens retour de vos concurrents afin d&#8217;identifier les opportunit\u00e9s d&#8217;am\u00e9lioration et de vous aider \u00e0 les surpasser.<\/p>\n\n<p>5. Les <a title=\"Liens retour de niveau 2\" href=\"https:\/\/zazapay.us\/fr\/produit\/backlinks-de-niveau-2\/\">backlinks de niveau 2<\/a> sont une couche secondaire de backlinks qui soutiennent et renforcent les backlinks de niveau 1, contribuant ainsi \u00e0 une strat\u00e9gie de r\u00e9f\u00e9rencement plus compl\u00e8te et plus efficace.<\/p>\n\n<h2 class=\"wp-block-heading\">L&#8217;avenir des backlinks<\/h2>\n\n<p>Bien que les algorithmes utilis\u00e9s par les moteurs de recherche pour \u00e9valuer les liens retour continuent d&#8217;\u00e9voluer, le principe de base reste le m\u00eame : les liens retour provenant de sites web pertinents et de grande qualit\u00e9 ont de la valeur. Toutefois, \u00e0 mesure que les moteurs de recherche deviennent plus sophistiqu\u00e9s, des facteurs tels que le contexte s\u00e9mantique autour du lien et l&#8217;exp\u00e9rience de l&#8217;utilisateur du site de liaison peuvent jouer un r\u00f4le de plus en plus important.<\/p>\n\n<p>En conclusion, les liens retour sont un \u00e9l\u00e9ment essentiel du r\u00e9f\u00e9rencement, et le fait d&#8217;investir du temps et des ressources dans l&#8217;\u00e9laboration d&#8217;une solide strat\u00e9gie de liens retour peut consid\u00e9rablement am\u00e9liorer la visibilit\u00e9, la r\u00e9putation et le trafic de votre site web.<\/p>\n\n<h2 class=\"wp-block-heading\">Pourquoi nous choisir ?<\/h2>\n\n<p>&#8211; Une \u00e9quipe exp\u00e9riment\u00e9e : Notre \u00e9quipe d&#8217;experts en r\u00e9f\u00e9rencement a des ann\u00e9es d&#8217;exp\u00e9rience dans la construction de liens et la strat\u00e9gie de r\u00e9f\u00e9rencement.<\/p>\n\n<p>&#8211; Assurance qualit\u00e9 : Nous privil\u00e9gions la qualit\u00e9 \u00e0 la quantit\u00e9. Vous pouvez \u00eatre s\u00fbr que nos backlinks proviennent de sources faisant autorit\u00e9.<\/p>\n\n<p>&#8211; Des solutions personnalis\u00e9es : Nous adaptons nos services \u00e0 vos objectifs et \u00e0 votre budget.<\/p>\n\n<p>&#8211; Des rapports transparents : Nous fournissons des rapports d\u00e9taill\u00e9s sur les backlinks que nous avons cr\u00e9\u00e9s et leur impact sur le r\u00e9f\u00e9rencement de votre site web.<\/p>\n\n<p>Pr\u00eat \u00e0 donner une nouvelle dimension \u00e0 votre site web ? Contactez-nous d\u00e8s aujourd&#8217;hui pour discuter de vos besoins en mati\u00e8re de backlink et commencer \u00e0 stimuler votre pr\u00e9sence en ligne.<\/p>\n\t\t\t\t\t\t\t\t<\/div>\n\t\t\t\t<\/div>\n\t\t\t\t\t<\/div>\n\t\t\t\t<\/div>\n\t\t\t\t<\/div>\n\t\t","protected":false},"excerpt":{"rendered":"<p>Acheter des backlinks pour le r\u00e9f\u00e9rencement Vous souhaitez faire passer votre pr\u00e9sence en ligne au niveau sup\u00e9rieur ? Souhaitez-vous que votre site web soit mieux<\/p>\n","protected":false},"author":1,"featured_media":0,"parent":0,"menu_order":0,"comment_status":"closed","ping_status":"open","template":"","meta":{"nf_dc_page":"","footnotes":""},"class_list":["post-3624","page","type-page","status-publish","hentry"],"_links":{"self":[{"href":"https:\/\/zazapay.us\/fr\/wp-json\/wp\/v2\/pages\/3624","targetHints":{"allow":["GET"]}}],"collection":[{"href":"https:\/\/zazapay.us\/fr\/wp-json\/wp\/v2\/pages"}],"about":[{"href":"https:\/\/zazapay.us\/fr\/wp-json\/wp\/v2\/types\/page"}],"author":[{"embeddable":true,"href":"https:\/\/zazapay.us\/fr\/wp-json\/wp\/v2\/users\/1"}],"replies":[{"embeddable":true,"href":"https:\/\/zazapay.us\/fr\/wp-json\/wp\/v2\/comments?post=3624"}],"version-history":[{"count":5,"href":"https:\/\/zazapay.us\/fr\/wp-json\/wp\/v2\/pages\/3624\/revisions"}],"predecessor-version":[{"id":3720,"href":"https:\/\/zazapay.us\/fr\/wp-json\/wp\/v2\/pages\/3624\/revisions\/3720"}],"wp:attachment":[{"href":"https:\/\/zazapay.us\/fr\/wp-json\/wp\/v2\/media?parent=3624"}],"curies":[{"name":"wp","href":"https:\/\/api.w.org\/{rel}","templated":true}]}}