{"id":3471,"date":"2023-09-24T12:54:17","date_gmt":"2023-09-24T16:54:17","guid":{"rendered":"https:\/\/zazapay.us\/product\/backlinks-de-niveau-2\/"},"modified":"2023-10-31T03:41:18","modified_gmt":"2023-10-31T07:41:18","slug":"backlinks-de-niveau-2","status":"publish","type":"product","link":"https:\/\/zazapay.us\/fr\/produit\/backlinks-de-niveau-2\/","title":{"rendered":"Backlinks de niveau 2"},"content":{"rendered":"\t\t<div data-elementor-type=\"wp-post\" data-elementor-id=\"3471\" class=\"elementor elementor-3471 elementor-2391\">\n\t\t\t\t\t\t<section class=\"elementor-section elementor-top-section elementor-element elementor-element-7ad1687 elementor-section-boxed elementor-section-height-default elementor-section-height-default\" data-id=\"7ad1687\" data-element_type=\"section\" data-e-type=\"section\">\n\t\t\t\t\t\t<div class=\"elementor-container elementor-column-gap-no\">\n\t\t\t\t\t<div class=\"elementor-column elementor-col-100 elementor-top-column elementor-element elementor-element-48d9c83\" data-id=\"48d9c83\" data-element_type=\"column\" data-e-type=\"column\">\n\t\t\t<div class=\"elementor-widget-wrap elementor-element-populated\">\n\t\t\t\t\t\t<div class=\"elementor-element elementor-element-65133ca elementor-widget elementor-widget-text-editor\" data-id=\"65133ca\" data-element_type=\"widget\" data-e-type=\"widget\" data-widget_type=\"text-editor.default\">\n\t\t\t\t<div class=\"elementor-widget-container\">\n\t\t\t\t\t\t\t\t\t<p>Les backlinks de niveau 2 pour le r\u00e9f\u00e9rencement naturel<\/p>\n<p>Augmentez le potentiel de classement de votre site web dans les moteurs de recherche gr\u00e2ce \u00e0 des backlinks naturels de haute qualit\u00e9 provenant de sites web d&#8217;autorit\u00e9 dans des cat\u00e9gories th\u00e9matiques pertinentes. Notre service de liens entrants de niveau 2 fournit des liens \u00e0 partir de sites web \u00e9tablis avec une autorit\u00e9 de domaine et une autorit\u00e9 de page d\u00e9centes.<\/p>\n<p>Les liens sont soigneusement plac\u00e9s sur des sites web li\u00e9s \u00e0 votre secteur d&#8217;activit\u00e9 ou \u00e0 votre sujet. Tous les backlinks sont naturels et contextuels, \u00e9vitant les pratiques de liens non naturels qui peuvent nuire \u00e0 votre site.  <\/p>\n<p>Nos experts recherchent des sites web pertinents sur le plan th\u00e9matique et les \u00e9valuent en termes de qualit\u00e9 et de r\u00e9putation avant de les contacter. Nous \u00e9vitons les fermes de liens de mauvaise qualit\u00e9 ou les domaines parking. Les backlinks sont acquis par le biais de messages d&#8217;invit\u00e9s, de pages de ressources et d&#8217;autres opportunit\u00e9s de liens naturels.<\/p>\n\t\t\t\t\t\t\t\t<\/div>\n\t\t\t\t<\/div>\n\t\t\t\t<div class=\"elementor-element elementor-element-5983f76 elementor-widget elementor-widget-text-editor\" data-id=\"5983f76\" data-element_type=\"widget\" data-e-type=\"widget\" data-widget_type=\"text-editor.default\">\n\t\t\t\t<div class=\"elementor-widget-container\">\n\t\t\t\t\t\t\t\t\t<p>Avec un pack de backlinks de niveau 2, vous pouvez compter sur 10K-14K backlinks par mois provenant de sites web faisant autorit\u00e9 dans votre niche. Les liens sont rapidement livr\u00e9s et suivis pour v\u00e9rifier l&#8217;indexation par les moteurs de recherche.  <\/p>\n\t\t\t\t\t\t\t\t<\/div>\n\t\t\t\t<\/div>\n\t\t\t\t<div class=\"elementor-element elementor-element-1228040 elementor-widget elementor-widget-image\" data-id=\"1228040\" data-element_type=\"widget\" data-e-type=\"widget\" data-widget_type=\"image.default\">\n\t\t\t\t<div class=\"elementor-widget-container\">\n\t\t\t\t\t\t\t\t\t\t\t\t\t\t\t<img loading=\"lazy\" loading=\"lazy\" decoding=\"async\" width=\"720\" height=\"429\" src=\"https:\/\/zazapay.us\/wp-content\/uploads\/2023\/09\/backlinks-description.png\" class=\"attachment-full size-full wp-image-3338\" alt=\"\" srcset=\"https:\/\/zazapay.us\/wp-content\/uploads\/2023\/09\/backlinks-description.png 720w, https:\/\/zazapay.us\/wp-content\/uploads\/2023\/09\/backlinks-description-300x179.png 300w, https:\/\/zazapay.us\/wp-content\/uploads\/2023\/09\/backlinks-description-600x358.png 600w, https:\/\/zazapay.us\/wp-content\/uploads\/2023\/09\/backlinks-description-1x1.png 1w, https:\/\/zazapay.us\/wp-content\/uploads\/2023\/09\/backlinks-description-10x6.png 10w\" sizes=\"auto, (max-width: 720px) 100vw, 720px\" title=\"\">\t\t\t\t\t\t\t\t\t\t\t\t\t\t\t<\/div>\n\t\t\t\t<\/div>\n\t\t\t\t<div class=\"elementor-element elementor-element-1c474ab elementor-widget elementor-widget-text-editor\" data-id=\"1c474ab\" data-element_type=\"widget\" data-e-type=\"widget\" data-widget_type=\"text-editor.default\">\n\t\t\t\t<div class=\"elementor-widget-container\">\n\t\t\t\t\t\t\t\t\t<p>Voici quelques d\u00e9tails suppl\u00e9mentaires sur le service Tier 2 backlinks :<\/p>\n<ul>\n<li>Les liens sont diversifi\u00e9s \u00e0 travers des domaines et des pages de haute qualit\u00e9 afin de minimiser les risques. Nous ne nous appuyons pas sur des liens provenant d&#8217;un seul site ou d&#8217;une seule page.<\/li>\n<li>Tous les domaines et toutes les pages sont v\u00e9rifi\u00e9s pour d\u00e9tecter les liens suspects, le contenu ind\u00e9sirable et les logiciels malveillants avant d&#8217;\u00eatre diffus\u00e9s. Les sites de mauvaise qualit\u00e9 sont \u00e9vit\u00e9s.<\/li>\n<li>Des d\u00e9lais d&#8217;ex\u00e9cution rapides, avec des backlinks livr\u00e9s en moyenne dans les 3 \u00e0 5 jours suivant le d\u00e9but du projet.  <\/li>\n<li>Des cr\u00e9ateurs de liens exp\u00e9riment\u00e9s qui ont fait leurs preuves dans des secteurs comp\u00e9titifs tels que le commerce \u00e9lectronique, les services locaux, etc.<\/li>\n<li>Les rapports transparents comprennent des URL cliquables.  <\/li>\n<li>Les liens sont diversifi\u00e9s \u00e0 l&#8217;aide de textes d&#8217;ancrage, d&#8217;attributs de titre et d&#8217;autres facteurs de r\u00e9f\u00e9rencement sur la page pour un placement naturel.  <\/li>\n<\/ul>\n\t\t\t\t\t\t\t\t<\/div>\n\t\t\t\t<\/div>\n\t\t\t\t<div class=\"elementor-element elementor-element-ad24d0f elementor-widget elementor-widget-text-editor\" data-id=\"ad24d0f\" data-element_type=\"widget\" data-e-type=\"widget\" data-widget_type=\"text-editor.default\">\n\t\t\t\t<div class=\"elementor-widget-container\">\n\t\t\t\t\t\t\t\t\t<p>L&#8217;accent est mis sur la qualit\u00e9 plut\u00f4t que sur la quantit\u00e9 afin de fournir uniquement les backlinks de niveau 2 les plus pertinents et les plus r\u00e9put\u00e9s pour des gains de r\u00e9f\u00e9rencement naturel.<\/p>\n\t\t\t\t\t\t\t\t<\/div>\n\t\t\t\t<\/div>\n\t\t\t\t\t<\/div>\n\t\t<\/div>\n\t\t\t\t\t<\/div>\n\t\t<\/section>\n\t\t\t\t<\/div>\n\t\t","protected":false},"excerpt":{"rendered":"<table class=\"woocommerce-product-attributes shop_attributes\">\n<tbody>\n<tr class=\"woocommerce-product-attributes-item\">\n<th class=\"woocommerce-product-attributes-item__label\">Service<\/th>\n<td class=\"woocommerce-product-attributes-item__value\">Backlinks<\/td>\n<\/tr>\n<tr class=\"woocommerce-product-attributes-item\">\n<th class=\"woocommerce-product-attributes-item__label\">Niveau<\/th>\n<td class=\"woocommerce-product-attributes-item__value\">Niveau 2<\/td>\n<\/tr>\n<tr class=\"woocommerce-product-attributes-item\">\n<th class=\"woocommerce-product-attributes-item__label\">Mots-cl\u00e9s et liens<\/th>\n<td class=\"woocommerce-product-attributes-item__value\">Jusqu&#8217;\u00e0 5<\/td>\n<\/tr>\n<tr class=\"woocommerce-product-attributes-item\">\n<th class=\"woocommerce-product-attributes-item__label\">Backlinks<\/th>\n<td class=\"woocommerce-product-attributes-item__value\">10 000<\/td>\n<\/tr>\n<tr class=\"woocommerce-product-attributes-item\">\n<th class=\"woocommerce-product-attributes-item__label\">R\u00e9visions<\/th>\n<td class=\"woocommerce-product-attributes-item__value\">0<\/td>\n<\/tr>\n<tr class=\"woocommerce-product-attributes-item\">\n<th class=\"woocommerce-product-attributes-item__label\">Langue<\/th>\n<td class=\"woocommerce-product-attributes-item__value\">Alphabet latin : a, b, c, d, e, f, g, h, i, l, m, n, o, p, q, r, s, t, u, v, x<\/td>\n<\/tr>\n<\/tbody>\n<\/table>\n","protected":false},"featured_media":3322,"template":"","meta":{"nf_dc_page":""},"etheme_brands":[],"product_brand":[],"product_cat":[121],"product_tag":[122,123],"class_list":{"0":"post-3471","1":"product","2":"type-product","3":"status-publish","4":"has-post-thumbnail","6":"product_cat-backlinks-fr","7":"product_tag-backlinks-de-niveau-2","8":"product_tag-liens-retour","10":"first","11":"instock","12":"virtual","13":"purchasable","14":"product-type-simple"},"_links":{"self":[{"href":"https:\/\/zazapay.us\/fr\/wp-json\/wp\/v2\/product\/3471","targetHints":{"allow":["GET"]}}],"collection":[{"href":"https:\/\/zazapay.us\/fr\/wp-json\/wp\/v2\/product"}],"about":[{"href":"https:\/\/zazapay.us\/fr\/wp-json\/wp\/v2\/types\/product"}],"version-history":[{"count":5,"href":"https:\/\/zazapay.us\/fr\/wp-json\/wp\/v2\/product\/3471\/revisions"}],"predecessor-version":[{"id":4514,"href":"https:\/\/zazapay.us\/fr\/wp-json\/wp\/v2\/product\/3471\/revisions\/4514"}],"wp:featuredmedia":[{"embeddable":true,"href":"https:\/\/zazapay.us\/fr\/wp-json\/wp\/v2\/media\/3322"}],"wp:attachment":[{"href":"https:\/\/zazapay.us\/fr\/wp-json\/wp\/v2\/media?parent=3471"}],"wp:term":[{"taxonomy":"brand","embeddable":true,"href":"https:\/\/zazapay.us\/fr\/wp-json\/wp\/v2\/etheme_brands?post=3471"},{"taxonomy":"product_brand","embeddable":true,"href":"https:\/\/zazapay.us\/fr\/wp-json\/wp\/v2\/product_brand?post=3471"},{"taxonomy":"product_cat","embeddable":true,"href":"https:\/\/zazapay.us\/fr\/wp-json\/wp\/v2\/product_cat?post=3471"},{"taxonomy":"product_tag","embeddable":true,"href":"https:\/\/zazapay.us\/fr\/wp-json\/wp\/v2\/product_tag?post=3471"}],"curies":[{"name":"wp","href":"https:\/\/api.w.org\/{rel}","templated":true}]}}